{"id":22913,"date":"2024-02-04T18:13:53","date_gmt":"2024-02-04T21:13:53","guid":{"rendered":"https:\/\/inforest.com.ar\/producto\/mochila-de-lona\/"},"modified":"2024-09-16T18:06:09","modified_gmt":"2024-09-16T21:06:09","slug":"mochila-de-agua-light","status":"publish","type":"product","link":"https:\/\/inforest.com.ar\/pt-br\/producto\/mochila-de-agua-light\/","title":{"rendered":"Mochila de agua light"},"content":{"rendered":"<p>\u00c9 uma mochila de \u00e1gua projetada para combater inc\u00eandios florestais.<\/p>\n","protected":false},"excerpt":{"rendered":"<p>Ideal para combate florestal<\/p>\n","protected":false},"featured_media":22853,"comment_status":"open","ping_status":"closed","template":"","meta":{"_acf_changed":false},"product_brand":[],"product_cat":[717,642],"product_tag":[],"class_list":{"0":"post-22913","1":"product","2":"type-product","3":"status-publish","4":"has-post-thumbnail","6":"product_cat-equipos-de-agua-pt-br","7":"product_cat-incendio-forestal-pt-br","9":"first","10":"instock","11":"shipping-taxable","12":"product-type-simple"},"acf":[],"yoast_head":"<!-- This site is optimized with the Yoast SEO plugin v27.0 - https:\/\/yoast.com\/product\/yoast-seo-wordpress\/ -->\n<title>Mochila de agua light - Inforest<\/title>\n<meta name=\"robots\" content=\"index, follow, max-snippet:-1, max-image-preview:large, max-video-preview:-1\" \/>\n<link rel=\"canonical\" href=\"https:\/\/inforest.com.ar\/pt-br\/producto\/mochila-de-agua-light\/\" \/>\n<meta property=\"og:locale\" content=\"pt_BR\" \/>\n<meta property=\"og:type\" content=\"article\" \/>\n<meta property=\"og:title\" content=\"Mochila de agua light - Inforest\" \/>\n<meta property=\"og:description\" content=\"Ideal para combate florestal\" \/>\n<meta property=\"og:url\" content=\"https:\/\/inforest.com.ar\/pt-br\/producto\/mochila-de-agua-light\/\" \/>\n<meta property=\"og:site_name\" content=\"Inforest\" \/>\n<meta property=\"article:modified_time\" content=\"2024-09-16T21:06:09+00:00\" \/>\n<meta property=\"og:image\" content=\"https:\/\/inforest.com.ar\/wp-content\/uploads\/2024\/02\/Diseno-sin-titulo-31.png\" \/>\n\t<meta property=\"og:image:width\" content=\"1000\" \/>\n\t<meta property=\"og:image:height\" content=\"1000\" \/>\n\t<meta property=\"og:image:type\" content=\"image\/png\" \/>\n<meta name=\"twitter:card\" content=\"summary_large_image\" \/>\n<meta name=\"twitter:label1\" content=\"Est. tempo de leitura\" \/>\n\t<meta name=\"twitter:data1\" content=\"1 minuto\" \/>\n<script type=\"application\/ld+json\" class=\"yoast-schema-graph\">{\"@context\":\"https:\/\/schema.org\",\"@graph\":[{\"@type\":\"WebPage\",\"@id\":\"https:\/\/inforest.com.ar\/pt-br\/producto\/mochila-de-agua-light\/\",\"url\":\"https:\/\/inforest.com.ar\/pt-br\/producto\/mochila-de-agua-light\/\",\"name\":\"Mochila de agua light - Inforest\",\"isPartOf\":{\"@id\":\"https:\/\/inforest.com.ar\/#website\"},\"primaryImageOfPage\":{\"@id\":\"https:\/\/inforest.com.ar\/pt-br\/producto\/mochila-de-agua-light\/#primaryimage\"},\"image\":{\"@id\":\"https:\/\/inforest.com.ar\/pt-br\/producto\/mochila-de-agua-light\/#primaryimage\"},\"thumbnailUrl\":\"https:\/\/inforest.com.ar\/wp-content\/uploads\/2024\/02\/Diseno-sin-titulo-31.png\",\"datePublished\":\"2024-02-04T21:13:53+00:00\",\"dateModified\":\"2024-09-16T21:06:09+00:00\",\"breadcrumb\":{\"@id\":\"https:\/\/inforest.com.ar\/pt-br\/producto\/mochila-de-agua-light\/#breadcrumb\"},\"inLanguage\":\"pt-BR\",\"potentialAction\":[{\"@type\":\"ReadAction\",\"target\":[\"https:\/\/inforest.com.ar\/pt-br\/producto\/mochila-de-agua-light\/\"]}]},{\"@type\":\"ImageObject\",\"inLanguage\":\"pt-BR\",\"@id\":\"https:\/\/inforest.com.ar\/pt-br\/producto\/mochila-de-agua-light\/#primaryimage\",\"url\":\"https:\/\/inforest.com.ar\/wp-content\/uploads\/2024\/02\/Diseno-sin-titulo-31.png\",\"contentUrl\":\"https:\/\/inforest.com.ar\/wp-content\/uploads\/2024\/02\/Diseno-sin-titulo-31.png\",\"width\":1000,\"height\":1000},{\"@type\":\"BreadcrumbList\",\"@id\":\"https:\/\/inforest.com.ar\/pt-br\/producto\/mochila-de-agua-light\/#breadcrumb\",\"itemListElement\":[{\"@type\":\"ListItem\",\"position\":1,\"name\":\"Portada\",\"item\":\"https:\/\/inforest.com.ar\/pt-br\/\"},{\"@type\":\"ListItem\",\"position\":2,\"name\":\"Mochila de agua light\"}]},{\"@type\":\"WebSite\",\"@id\":\"https:\/\/inforest.com.ar\/#website\",\"url\":\"https:\/\/inforest.com.ar\/\",\"name\":\"Inforest\",\"description\":\"L\u00edderes en Equipamientos para Incendios Forestales\",\"publisher\":{\"@id\":\"https:\/\/inforest.com.ar\/#organization\"},\"potentialAction\":[{\"@type\":\"SearchAction\",\"target\":{\"@type\":\"EntryPoint\",\"urlTemplate\":\"https:\/\/inforest.com.ar\/?s={search_term_string}\"},\"query-input\":{\"@type\":\"PropertyValueSpecification\",\"valueRequired\":true,\"valueName\":\"search_term_string\"}}],\"inLanguage\":\"pt-BR\"},{\"@type\":\"Organization\",\"@id\":\"https:\/\/inforest.com.ar\/#organization\",\"name\":\"Inforest\",\"url\":\"https:\/\/inforest.com.ar\/\",\"logo\":{\"@type\":\"ImageObject\",\"inLanguage\":\"pt-BR\",\"@id\":\"https:\/\/inforest.com.ar\/#\/schema\/logo\/image\/\",\"url\":\"https:\/\/inforest.com.ar\/wp-content\/uploads\/2022\/05\/logoinfo.svg\",\"contentUrl\":\"https:\/\/inforest.com.ar\/wp-content\/uploads\/2022\/05\/logoinfo.svg\",\"width\":118,\"height\":20,\"caption\":\"Inforest\"},\"image\":{\"@id\":\"https:\/\/inforest.com.ar\/#\/schema\/logo\/image\/\"}}]}<\/script>\n<!-- \/ Yoast SEO plugin. -->","yoast_head_json":{"title":"Mochila de agua light - Inforest","robots":{"index":"index","follow":"follow","max-snippet":"max-snippet:-1","max-image-preview":"max-image-preview:large","max-video-preview":"max-video-preview:-1"},"canonical":"https:\/\/inforest.com.ar\/pt-br\/producto\/mochila-de-agua-light\/","og_locale":"pt_BR","og_type":"article","og_title":"Mochila de agua light - Inforest","og_description":"Ideal para combate florestal","og_url":"https:\/\/inforest.com.ar\/pt-br\/producto\/mochila-de-agua-light\/","og_site_name":"Inforest","article_modified_time":"2024-09-16T21:06:09+00:00","og_image":[{"width":1000,"height":1000,"url":"https:\/\/inforest.com.ar\/wp-content\/uploads\/2024\/02\/Diseno-sin-titulo-31.png","type":"image\/png"}],"twitter_card":"summary_large_image","twitter_misc":{"Est. tempo de leitura":"1 minuto"},"schema":{"@context":"https:\/\/schema.org","@graph":[{"@type":"WebPage","@id":"https:\/\/inforest.com.ar\/pt-br\/producto\/mochila-de-agua-light\/","url":"https:\/\/inforest.com.ar\/pt-br\/producto\/mochila-de-agua-light\/","name":"Mochila de agua light - Inforest","isPartOf":{"@id":"https:\/\/inforest.com.ar\/#website"},"primaryImageOfPage":{"@id":"https:\/\/inforest.com.ar\/pt-br\/producto\/mochila-de-agua-light\/#primaryimage"},"image":{"@id":"https:\/\/inforest.com.ar\/pt-br\/producto\/mochila-de-agua-light\/#primaryimage"},"thumbnailUrl":"https:\/\/inforest.com.ar\/wp-content\/uploads\/2024\/02\/Diseno-sin-titulo-31.png","datePublished":"2024-02-04T21:13:53+00:00","dateModified":"2024-09-16T21:06:09+00:00","breadcrumb":{"@id":"https:\/\/inforest.com.ar\/pt-br\/producto\/mochila-de-agua-light\/#breadcrumb"},"inLanguage":"pt-BR","potentialAction":[{"@type":"ReadAction","target":["https:\/\/inforest.com.ar\/pt-br\/producto\/mochila-de-agua-light\/"]}]},{"@type":"ImageObject","inLanguage":"pt-BR","@id":"https:\/\/inforest.com.ar\/pt-br\/producto\/mochila-de-agua-light\/#primaryimage","url":"https:\/\/inforest.com.ar\/wp-content\/uploads\/2024\/02\/Diseno-sin-titulo-31.png","contentUrl":"https:\/\/inforest.com.ar\/wp-content\/uploads\/2024\/02\/Diseno-sin-titulo-31.png","width":1000,"height":1000},{"@type":"BreadcrumbList","@id":"https:\/\/inforest.com.ar\/pt-br\/producto\/mochila-de-agua-light\/#breadcrumb","itemListElement":[{"@type":"ListItem","position":1,"name":"Portada","item":"https:\/\/inforest.com.ar\/pt-br\/"},{"@type":"ListItem","position":2,"name":"Mochila de agua light"}]},{"@type":"WebSite","@id":"https:\/\/inforest.com.ar\/#website","url":"https:\/\/inforest.com.ar\/","name":"Inforest","description":"L\u00edderes en Equipamientos para Incendios Forestales","publisher":{"@id":"https:\/\/inforest.com.ar\/#organization"},"potentialAction":[{"@type":"SearchAction","target":{"@type":"EntryPoint","urlTemplate":"https:\/\/inforest.com.ar\/?s={search_term_string}"},"query-input":{"@type":"PropertyValueSpecification","valueRequired":true,"valueName":"search_term_string"}}],"inLanguage":"pt-BR"},{"@type":"Organization","@id":"https:\/\/inforest.com.ar\/#organization","name":"Inforest","url":"https:\/\/inforest.com.ar\/","logo":{"@type":"ImageObject","inLanguage":"pt-BR","@id":"https:\/\/inforest.com.ar\/#\/schema\/logo\/image\/","url":"https:\/\/inforest.com.ar\/wp-content\/uploads\/2022\/05\/logoinfo.svg","contentUrl":"https:\/\/inforest.com.ar\/wp-content\/uploads\/2022\/05\/logoinfo.svg","width":118,"height":20,"caption":"Inforest"},"image":{"@id":"https:\/\/inforest.com.ar\/#\/schema\/logo\/image\/"}}]}},"ficha_tecnica":"https:\/\/inforest.com.ar\/wp-content\/uploads\/2024\/02\/Mochila-de-agua-light-REV-01-16092024_.pdf","_links":{"self":[{"href":"https:\/\/inforest.com.ar\/pt-br\/wp-json\/wp\/v2\/product\/22913","targetHints":{"allow":["GET"]}}],"collection":[{"href":"https:\/\/inforest.com.ar\/pt-br\/wp-json\/wp\/v2\/product"}],"about":[{"href":"https:\/\/inforest.com.ar\/pt-br\/wp-json\/wp\/v2\/types\/product"}],"replies":[{"embeddable":true,"href":"https:\/\/inforest.com.ar\/pt-br\/wp-json\/wp\/v2\/comments?post=22913"}],"wp:featuredmedia":[{"embeddable":true,"href":"https:\/\/inforest.com.ar\/pt-br\/wp-json\/wp\/v2\/media\/22853"}],"wp:attachment":[{"href":"https:\/\/inforest.com.ar\/pt-br\/wp-json\/wp\/v2\/media?parent=22913"}],"wp:term":[{"taxonomy":"product_brand","embeddable":true,"href":"https:\/\/inforest.com.ar\/pt-br\/wp-json\/wp\/v2\/product_brand?post=22913"},{"taxonomy":"product_cat","embeddable":true,"href":"https:\/\/inforest.com.ar\/pt-br\/wp-json\/wp\/v2\/product_cat?post=22913"},{"taxonomy":"product_tag","embeddable":true,"href":"https:\/\/inforest.com.ar\/pt-br\/wp-json\/wp\/v2\/product_tag?post=22913"}],"curies":[{"name":"wp","href":"https:\/\/api.w.org\/{rel}","templated":true}]}}