{"id":21616,"date":"2023-11-26T20:50:36","date_gmt":"2023-11-26T23:50:36","guid":{"rendered":"https:\/\/inforest.com.ar\/producto\/motobomba-ft-200\/"},"modified":"2026-03-02T18:02:21","modified_gmt":"2026-03-02T21:02:21","slug":"motobomba-ft-200","status":"publish","type":"product","link":"https:\/\/inforest.com.ar\/pt-br\/producto\/motobomba-ft-200\/","title":{"rendered":"Motobomba FT 200"},"content":{"rendered":"<p>A motobomba flutuante foi projetada para ser utilizada contra inc\u00eandios, atende \u00e0s rigorosas demandas dos servi\u00e7os florestais. Tamb\u00e9m pode ser utilizado para servi\u00e7os mar\u00edtimos, drenagem, manuten\u00e7\u00e3o de piscinas, limpeza ambiental e irriga\u00e7\u00e3o.<\/p>\n","protected":false},"excerpt":{"rendered":"<p>Bomba flutuante de combate a inc\u00eandio de alta press\u00e3o<\/p>\n","protected":false},"featured_media":21610,"comment_status":"open","ping_status":"closed","template":"","meta":{"_acf_changed":false},"product_brand":[],"product_cat":[642,750],"product_tag":[],"class_list":{"0":"post-21616","1":"product","2":"type-product","3":"status-publish","4":"has-post-thumbnail","6":"product_cat-incendio-forestal-pt-br","7":"product_cat-motobombas-pt-br","9":"first","10":"instock","11":"shipping-taxable","12":"product-type-simple"},"acf":[],"yoast_head":"<!-- This site is optimized with the Yoast SEO plugin v27.0 - https:\/\/yoast.com\/product\/yoast-seo-wordpress\/ -->\n<title>Motobomba FT 200 - Inforest<\/title>\n<meta name=\"robots\" content=\"index, follow, max-snippet:-1, max-image-preview:large, max-video-preview:-1\" \/>\n<link rel=\"canonical\" href=\"https:\/\/inforest.com.ar\/pt-br\/producto\/motobomba-ft-200\/\" \/>\n<meta property=\"og:locale\" content=\"pt_BR\" \/>\n<meta property=\"og:type\" content=\"article\" \/>\n<meta property=\"og:title\" content=\"Motobomba FT 200 - Inforest\" \/>\n<meta property=\"og:description\" content=\"Bomba flutuante de combate a inc\u00eandio de alta press\u00e3o\" \/>\n<meta property=\"og:url\" content=\"https:\/\/inforest.com.ar\/pt-br\/producto\/motobomba-ft-200\/\" \/>\n<meta property=\"og:site_name\" content=\"Inforest\" \/>\n<meta property=\"article:modified_time\" content=\"2026-03-02T21:02:21+00:00\" \/>\n<meta property=\"og:image\" content=\"https:\/\/inforest.com.ar\/wp-content\/uploads\/2023\/11\/Diseno-sin-titulo-9-1.png\" \/>\n\t<meta property=\"og:image:width\" content=\"1000\" \/>\n\t<meta property=\"og:image:height\" content=\"1000\" \/>\n\t<meta property=\"og:image:type\" content=\"image\/png\" \/>\n<meta name=\"twitter:card\" content=\"summary_large_image\" \/>\n<meta name=\"twitter:label1\" content=\"Est. tempo de leitura\" \/>\n\t<meta name=\"twitter:data1\" content=\"1 minuto\" \/>\n<script type=\"application\/ld+json\" class=\"yoast-schema-graph\">{\"@context\":\"https:\/\/schema.org\",\"@graph\":[{\"@type\":\"WebPage\",\"@id\":\"https:\/\/inforest.com.ar\/pt-br\/producto\/motobomba-ft-200\/\",\"url\":\"https:\/\/inforest.com.ar\/pt-br\/producto\/motobomba-ft-200\/\",\"name\":\"Motobomba FT 200 - Inforest\",\"isPartOf\":{\"@id\":\"https:\/\/inforest.com.ar\/#website\"},\"primaryImageOfPage\":{\"@id\":\"https:\/\/inforest.com.ar\/pt-br\/producto\/motobomba-ft-200\/#primaryimage\"},\"image\":{\"@id\":\"https:\/\/inforest.com.ar\/pt-br\/producto\/motobomba-ft-200\/#primaryimage\"},\"thumbnailUrl\":\"https:\/\/inforest.com.ar\/wp-content\/uploads\/2023\/11\/Diseno-sin-titulo-9-1.png\",\"datePublished\":\"2023-11-26T23:50:36+00:00\",\"dateModified\":\"2026-03-02T21:02:21+00:00\",\"breadcrumb\":{\"@id\":\"https:\/\/inforest.com.ar\/pt-br\/producto\/motobomba-ft-200\/#breadcrumb\"},\"inLanguage\":\"pt-BR\",\"potentialAction\":[{\"@type\":\"ReadAction\",\"target\":[\"https:\/\/inforest.com.ar\/pt-br\/producto\/motobomba-ft-200\/\"]}]},{\"@type\":\"ImageObject\",\"inLanguage\":\"pt-BR\",\"@id\":\"https:\/\/inforest.com.ar\/pt-br\/producto\/motobomba-ft-200\/#primaryimage\",\"url\":\"https:\/\/inforest.com.ar\/wp-content\/uploads\/2023\/11\/Diseno-sin-titulo-9-1.png\",\"contentUrl\":\"https:\/\/inforest.com.ar\/wp-content\/uploads\/2023\/11\/Diseno-sin-titulo-9-1.png\",\"width\":1000,\"height\":1000},{\"@type\":\"BreadcrumbList\",\"@id\":\"https:\/\/inforest.com.ar\/pt-br\/producto\/motobomba-ft-200\/#breadcrumb\",\"itemListElement\":[{\"@type\":\"ListItem\",\"position\":1,\"name\":\"Portada\",\"item\":\"https:\/\/inforest.com.ar\/pt-br\/\"},{\"@type\":\"ListItem\",\"position\":2,\"name\":\"Motobomba FT 200\"}]},{\"@type\":\"WebSite\",\"@id\":\"https:\/\/inforest.com.ar\/#website\",\"url\":\"https:\/\/inforest.com.ar\/\",\"name\":\"Inforest\",\"description\":\"L\u00edderes en Equipamientos para Incendios Forestales\",\"publisher\":{\"@id\":\"https:\/\/inforest.com.ar\/#organization\"},\"potentialAction\":[{\"@type\":\"SearchAction\",\"target\":{\"@type\":\"EntryPoint\",\"urlTemplate\":\"https:\/\/inforest.com.ar\/?s={search_term_string}\"},\"query-input\":{\"@type\":\"PropertyValueSpecification\",\"valueRequired\":true,\"valueName\":\"search_term_string\"}}],\"inLanguage\":\"pt-BR\"},{\"@type\":\"Organization\",\"@id\":\"https:\/\/inforest.com.ar\/#organization\",\"name\":\"Inforest\",\"url\":\"https:\/\/inforest.com.ar\/\",\"logo\":{\"@type\":\"ImageObject\",\"inLanguage\":\"pt-BR\",\"@id\":\"https:\/\/inforest.com.ar\/#\/schema\/logo\/image\/\",\"url\":\"https:\/\/inforest.com.ar\/wp-content\/uploads\/2022\/05\/logoinfo.svg\",\"contentUrl\":\"https:\/\/inforest.com.ar\/wp-content\/uploads\/2022\/05\/logoinfo.svg\",\"width\":118,\"height\":20,\"caption\":\"Inforest\"},\"image\":{\"@id\":\"https:\/\/inforest.com.ar\/#\/schema\/logo\/image\/\"}}]}<\/script>\n<!-- \/ Yoast SEO plugin. -->","yoast_head_json":{"title":"Motobomba FT 200 - Inforest","robots":{"index":"index","follow":"follow","max-snippet":"max-snippet:-1","max-image-preview":"max-image-preview:large","max-video-preview":"max-video-preview:-1"},"canonical":"https:\/\/inforest.com.ar\/pt-br\/producto\/motobomba-ft-200\/","og_locale":"pt_BR","og_type":"article","og_title":"Motobomba FT 200 - Inforest","og_description":"Bomba flutuante de combate a inc\u00eandio de alta press\u00e3o","og_url":"https:\/\/inforest.com.ar\/pt-br\/producto\/motobomba-ft-200\/","og_site_name":"Inforest","article_modified_time":"2026-03-02T21:02:21+00:00","og_image":[{"width":1000,"height":1000,"url":"https:\/\/inforest.com.ar\/wp-content\/uploads\/2023\/11\/Diseno-sin-titulo-9-1.png","type":"image\/png"}],"twitter_card":"summary_large_image","twitter_misc":{"Est. tempo de leitura":"1 minuto"},"schema":{"@context":"https:\/\/schema.org","@graph":[{"@type":"WebPage","@id":"https:\/\/inforest.com.ar\/pt-br\/producto\/motobomba-ft-200\/","url":"https:\/\/inforest.com.ar\/pt-br\/producto\/motobomba-ft-200\/","name":"Motobomba FT 200 - Inforest","isPartOf":{"@id":"https:\/\/inforest.com.ar\/#website"},"primaryImageOfPage":{"@id":"https:\/\/inforest.com.ar\/pt-br\/producto\/motobomba-ft-200\/#primaryimage"},"image":{"@id":"https:\/\/inforest.com.ar\/pt-br\/producto\/motobomba-ft-200\/#primaryimage"},"thumbnailUrl":"https:\/\/inforest.com.ar\/wp-content\/uploads\/2023\/11\/Diseno-sin-titulo-9-1.png","datePublished":"2023-11-26T23:50:36+00:00","dateModified":"2026-03-02T21:02:21+00:00","breadcrumb":{"@id":"https:\/\/inforest.com.ar\/pt-br\/producto\/motobomba-ft-200\/#breadcrumb"},"inLanguage":"pt-BR","potentialAction":[{"@type":"ReadAction","target":["https:\/\/inforest.com.ar\/pt-br\/producto\/motobomba-ft-200\/"]}]},{"@type":"ImageObject","inLanguage":"pt-BR","@id":"https:\/\/inforest.com.ar\/pt-br\/producto\/motobomba-ft-200\/#primaryimage","url":"https:\/\/inforest.com.ar\/wp-content\/uploads\/2023\/11\/Diseno-sin-titulo-9-1.png","contentUrl":"https:\/\/inforest.com.ar\/wp-content\/uploads\/2023\/11\/Diseno-sin-titulo-9-1.png","width":1000,"height":1000},{"@type":"BreadcrumbList","@id":"https:\/\/inforest.com.ar\/pt-br\/producto\/motobomba-ft-200\/#breadcrumb","itemListElement":[{"@type":"ListItem","position":1,"name":"Portada","item":"https:\/\/inforest.com.ar\/pt-br\/"},{"@type":"ListItem","position":2,"name":"Motobomba FT 200"}]},{"@type":"WebSite","@id":"https:\/\/inforest.com.ar\/#website","url":"https:\/\/inforest.com.ar\/","name":"Inforest","description":"L\u00edderes en Equipamientos para Incendios Forestales","publisher":{"@id":"https:\/\/inforest.com.ar\/#organization"},"potentialAction":[{"@type":"SearchAction","target":{"@type":"EntryPoint","urlTemplate":"https:\/\/inforest.com.ar\/?s={search_term_string}"},"query-input":{"@type":"PropertyValueSpecification","valueRequired":true,"valueName":"search_term_string"}}],"inLanguage":"pt-BR"},{"@type":"Organization","@id":"https:\/\/inforest.com.ar\/#organization","name":"Inforest","url":"https:\/\/inforest.com.ar\/","logo":{"@type":"ImageObject","inLanguage":"pt-BR","@id":"https:\/\/inforest.com.ar\/#\/schema\/logo\/image\/","url":"https:\/\/inforest.com.ar\/wp-content\/uploads\/2022\/05\/logoinfo.svg","contentUrl":"https:\/\/inforest.com.ar\/wp-content\/uploads\/2022\/05\/logoinfo.svg","width":118,"height":20,"caption":"Inforest"},"image":{"@id":"https:\/\/inforest.com.ar\/#\/schema\/logo\/image\/"}}]}},"ficha_tecnica":"https:\/\/inforest.com.ar\/wp-content\/uploads\/2023\/11\/Wick-FT-200-REV-01-27082024-1.pdf","_links":{"self":[{"href":"https:\/\/inforest.com.ar\/pt-br\/wp-json\/wp\/v2\/product\/21616","targetHints":{"allow":["GET"]}}],"collection":[{"href":"https:\/\/inforest.com.ar\/pt-br\/wp-json\/wp\/v2\/product"}],"about":[{"href":"https:\/\/inforest.com.ar\/pt-br\/wp-json\/wp\/v2\/types\/product"}],"replies":[{"embeddable":true,"href":"https:\/\/inforest.com.ar\/pt-br\/wp-json\/wp\/v2\/comments?post=21616"}],"wp:featuredmedia":[{"embeddable":true,"href":"https:\/\/inforest.com.ar\/pt-br\/wp-json\/wp\/v2\/media\/21610"}],"wp:attachment":[{"href":"https:\/\/inforest.com.ar\/pt-br\/wp-json\/wp\/v2\/media?parent=21616"}],"wp:term":[{"taxonomy":"product_brand","embeddable":true,"href":"https:\/\/inforest.com.ar\/pt-br\/wp-json\/wp\/v2\/product_brand?post=21616"},{"taxonomy":"product_cat","embeddable":true,"href":"https:\/\/inforest.com.ar\/pt-br\/wp-json\/wp\/v2\/product_cat?post=21616"},{"taxonomy":"product_tag","embeddable":true,"href":"https:\/\/inforest.com.ar\/pt-br\/wp-json\/wp\/v2\/product_tag?post=21616"}],"curies":[{"name":"wp","href":"https:\/\/api.w.org\/{rel}","templated":true}]}}