{"id":13724,"date":"2022-12-29T16:58:21","date_gmt":"2022-12-29T16:58:21","guid":{"rendered":"https:\/\/inforest.com.ar\/producto\/chicote-simple-2\/"},"modified":"2023-07-26T01:41:27","modified_gmt":"2023-07-26T01:41:27","slug":"chicote-simple","status":"publish","type":"product","link":"https:\/\/inforest.com.ar\/pt-br\/producto\/chicote-simple\/","title":{"rendered":"Chicote simples"},"content":{"rendered":"<p><span style=\"font-weight: 400;\">\u00c9 a ferramenta ideal e preferida para o combate direto a inc\u00eandios. \u00c9 usado em uma variedade de superf\u00edcies, incluindo superf\u00edcies irregulares, relevo, solo pedregoso ou vegeta\u00e7\u00e3o fechada.<\/span><\/p>\n","protected":false},"excerpt":{"rendered":"<p><span style=\"font-weight: 400;\">Adequado para o combate direto a inc\u00eandios<\/span><\/p>\n","protected":false},"featured_media":17240,"comment_status":"open","ping_status":"closed","template":"","meta":{"_acf_changed":false},"product_brand":[],"product_cat":[649],"product_tag":[],"class_list":{"0":"post-13724","1":"product","2":"type-product","3":"status-publish","4":"has-post-thumbnail","6":"product_cat-ferramentas","8":"first","9":"instock","10":"shipping-taxable","11":"product-type-simple"},"acf":[],"yoast_head":"<!-- This site is optimized with the Yoast SEO plugin v27.0 - https:\/\/yoast.com\/product\/yoast-seo-wordpress\/ -->\n<title>Chicote simples - Inforest<\/title>\n<meta name=\"robots\" content=\"index, follow, max-snippet:-1, max-image-preview:large, max-video-preview:-1\" \/>\n<link rel=\"canonical\" href=\"https:\/\/inforest.com.ar\/pt-br\/producto\/chicote-simple\/\" \/>\n<meta property=\"og:locale\" content=\"pt_BR\" \/>\n<meta property=\"og:type\" content=\"article\" \/>\n<meta property=\"og:title\" content=\"Chicote simples - Inforest\" \/>\n<meta property=\"og:description\" content=\"Adequado para o combate direto a inc\u00eandios\" \/>\n<meta property=\"og:url\" content=\"https:\/\/inforest.com.ar\/pt-br\/producto\/chicote-simple\/\" \/>\n<meta property=\"og:site_name\" content=\"Inforest\" \/>\n<meta property=\"article:modified_time\" content=\"2023-07-26T01:41:27+00:00\" \/>\n<meta property=\"og:image\" content=\"https:\/\/inforest.com.ar\/wp-content\/uploads\/2022\/12\/Diseno-sin-titulo-2022-12-29T135507.101.png\" \/>\n\t<meta property=\"og:image:width\" content=\"1000\" \/>\n\t<meta property=\"og:image:height\" content=\"1000\" \/>\n\t<meta property=\"og:image:type\" content=\"image\/png\" \/>\n<meta name=\"twitter:card\" content=\"summary_large_image\" \/>\n<meta name=\"twitter:label1\" content=\"Est. tempo de leitura\" \/>\n\t<meta name=\"twitter:data1\" content=\"1 minuto\" \/>\n<script type=\"application\/ld+json\" class=\"yoast-schema-graph\">{\"@context\":\"https:\/\/schema.org\",\"@graph\":[{\"@type\":\"WebPage\",\"@id\":\"https:\/\/inforest.com.ar\/pt-br\/producto\/chicote-simple\/\",\"url\":\"https:\/\/inforest.com.ar\/pt-br\/producto\/chicote-simple\/\",\"name\":\"Chicote simples - Inforest\",\"isPartOf\":{\"@id\":\"https:\/\/inforest.com.ar\/#website\"},\"primaryImageOfPage\":{\"@id\":\"https:\/\/inforest.com.ar\/pt-br\/producto\/chicote-simple\/#primaryimage\"},\"image\":{\"@id\":\"https:\/\/inforest.com.ar\/pt-br\/producto\/chicote-simple\/#primaryimage\"},\"thumbnailUrl\":\"https:\/\/inforest.com.ar\/wp-content\/uploads\/2022\/12\/Diseno-sin-titulo-2022-12-29T135507.101.png\",\"datePublished\":\"2022-12-29T16:58:21+00:00\",\"dateModified\":\"2023-07-26T01:41:27+00:00\",\"breadcrumb\":{\"@id\":\"https:\/\/inforest.com.ar\/pt-br\/producto\/chicote-simple\/#breadcrumb\"},\"inLanguage\":\"pt-BR\",\"potentialAction\":[{\"@type\":\"ReadAction\",\"target\":[\"https:\/\/inforest.com.ar\/pt-br\/producto\/chicote-simple\/\"]}]},{\"@type\":\"ImageObject\",\"inLanguage\":\"pt-BR\",\"@id\":\"https:\/\/inforest.com.ar\/pt-br\/producto\/chicote-simple\/#primaryimage\",\"url\":\"https:\/\/inforest.com.ar\/wp-content\/uploads\/2022\/12\/Diseno-sin-titulo-2022-12-29T135507.101.png\",\"contentUrl\":\"https:\/\/inforest.com.ar\/wp-content\/uploads\/2022\/12\/Diseno-sin-titulo-2022-12-29T135507.101.png\",\"width\":1000,\"height\":1000},{\"@type\":\"BreadcrumbList\",\"@id\":\"https:\/\/inforest.com.ar\/pt-br\/producto\/chicote-simple\/#breadcrumb\",\"itemListElement\":[{\"@type\":\"ListItem\",\"position\":1,\"name\":\"Portada\",\"item\":\"https:\/\/inforest.com.ar\/pt-br\/\"},{\"@type\":\"ListItem\",\"position\":2,\"name\":\"Chicote simples\"}]},{\"@type\":\"WebSite\",\"@id\":\"https:\/\/inforest.com.ar\/#website\",\"url\":\"https:\/\/inforest.com.ar\/\",\"name\":\"Inforest\",\"description\":\"L\u00edderes en Equipamientos para Incendios Forestales\",\"publisher\":{\"@id\":\"https:\/\/inforest.com.ar\/#organization\"},\"potentialAction\":[{\"@type\":\"SearchAction\",\"target\":{\"@type\":\"EntryPoint\",\"urlTemplate\":\"https:\/\/inforest.com.ar\/?s={search_term_string}\"},\"query-input\":{\"@type\":\"PropertyValueSpecification\",\"valueRequired\":true,\"valueName\":\"search_term_string\"}}],\"inLanguage\":\"pt-BR\"},{\"@type\":\"Organization\",\"@id\":\"https:\/\/inforest.com.ar\/#organization\",\"name\":\"Inforest\",\"url\":\"https:\/\/inforest.com.ar\/\",\"logo\":{\"@type\":\"ImageObject\",\"inLanguage\":\"pt-BR\",\"@id\":\"https:\/\/inforest.com.ar\/#\/schema\/logo\/image\/\",\"url\":\"https:\/\/inforest.com.ar\/wp-content\/uploads\/2022\/05\/logoinfo.svg\",\"contentUrl\":\"https:\/\/inforest.com.ar\/wp-content\/uploads\/2022\/05\/logoinfo.svg\",\"width\":118,\"height\":20,\"caption\":\"Inforest\"},\"image\":{\"@id\":\"https:\/\/inforest.com.ar\/#\/schema\/logo\/image\/\"}}]}<\/script>\n<!-- \/ Yoast SEO plugin. -->","yoast_head_json":{"title":"Chicote simples - Inforest","robots":{"index":"index","follow":"follow","max-snippet":"max-snippet:-1","max-image-preview":"max-image-preview:large","max-video-preview":"max-video-preview:-1"},"canonical":"https:\/\/inforest.com.ar\/pt-br\/producto\/chicote-simple\/","og_locale":"pt_BR","og_type":"article","og_title":"Chicote simples - Inforest","og_description":"Adequado para o combate direto a inc\u00eandios","og_url":"https:\/\/inforest.com.ar\/pt-br\/producto\/chicote-simple\/","og_site_name":"Inforest","article_modified_time":"2023-07-26T01:41:27+00:00","og_image":[{"width":1000,"height":1000,"url":"https:\/\/inforest.com.ar\/wp-content\/uploads\/2022\/12\/Diseno-sin-titulo-2022-12-29T135507.101.png","type":"image\/png"}],"twitter_card":"summary_large_image","twitter_misc":{"Est. tempo de leitura":"1 minuto"},"schema":{"@context":"https:\/\/schema.org","@graph":[{"@type":"WebPage","@id":"https:\/\/inforest.com.ar\/pt-br\/producto\/chicote-simple\/","url":"https:\/\/inforest.com.ar\/pt-br\/producto\/chicote-simple\/","name":"Chicote simples - Inforest","isPartOf":{"@id":"https:\/\/inforest.com.ar\/#website"},"primaryImageOfPage":{"@id":"https:\/\/inforest.com.ar\/pt-br\/producto\/chicote-simple\/#primaryimage"},"image":{"@id":"https:\/\/inforest.com.ar\/pt-br\/producto\/chicote-simple\/#primaryimage"},"thumbnailUrl":"https:\/\/inforest.com.ar\/wp-content\/uploads\/2022\/12\/Diseno-sin-titulo-2022-12-29T135507.101.png","datePublished":"2022-12-29T16:58:21+00:00","dateModified":"2023-07-26T01:41:27+00:00","breadcrumb":{"@id":"https:\/\/inforest.com.ar\/pt-br\/producto\/chicote-simple\/#breadcrumb"},"inLanguage":"pt-BR","potentialAction":[{"@type":"ReadAction","target":["https:\/\/inforest.com.ar\/pt-br\/producto\/chicote-simple\/"]}]},{"@type":"ImageObject","inLanguage":"pt-BR","@id":"https:\/\/inforest.com.ar\/pt-br\/producto\/chicote-simple\/#primaryimage","url":"https:\/\/inforest.com.ar\/wp-content\/uploads\/2022\/12\/Diseno-sin-titulo-2022-12-29T135507.101.png","contentUrl":"https:\/\/inforest.com.ar\/wp-content\/uploads\/2022\/12\/Diseno-sin-titulo-2022-12-29T135507.101.png","width":1000,"height":1000},{"@type":"BreadcrumbList","@id":"https:\/\/inforest.com.ar\/pt-br\/producto\/chicote-simple\/#breadcrumb","itemListElement":[{"@type":"ListItem","position":1,"name":"Portada","item":"https:\/\/inforest.com.ar\/pt-br\/"},{"@type":"ListItem","position":2,"name":"Chicote simples"}]},{"@type":"WebSite","@id":"https:\/\/inforest.com.ar\/#website","url":"https:\/\/inforest.com.ar\/","name":"Inforest","description":"L\u00edderes en Equipamientos para Incendios Forestales","publisher":{"@id":"https:\/\/inforest.com.ar\/#organization"},"potentialAction":[{"@type":"SearchAction","target":{"@type":"EntryPoint","urlTemplate":"https:\/\/inforest.com.ar\/?s={search_term_string}"},"query-input":{"@type":"PropertyValueSpecification","valueRequired":true,"valueName":"search_term_string"}}],"inLanguage":"pt-BR"},{"@type":"Organization","@id":"https:\/\/inforest.com.ar\/#organization","name":"Inforest","url":"https:\/\/inforest.com.ar\/","logo":{"@type":"ImageObject","inLanguage":"pt-BR","@id":"https:\/\/inforest.com.ar\/#\/schema\/logo\/image\/","url":"https:\/\/inforest.com.ar\/wp-content\/uploads\/2022\/05\/logoinfo.svg","contentUrl":"https:\/\/inforest.com.ar\/wp-content\/uploads\/2022\/05\/logoinfo.svg","width":118,"height":20,"caption":"Inforest"},"image":{"@id":"https:\/\/inforest.com.ar\/#\/schema\/logo\/image\/"}}]}},"ficha_tecnica":"https:\/\/inforest.com.ar\/wp-content\/uploads\/2022\/12\/Chicote-simples.pdf","_links":{"self":[{"href":"https:\/\/inforest.com.ar\/pt-br\/wp-json\/wp\/v2\/product\/13724","targetHints":{"allow":["GET"]}}],"collection":[{"href":"https:\/\/inforest.com.ar\/pt-br\/wp-json\/wp\/v2\/product"}],"about":[{"href":"https:\/\/inforest.com.ar\/pt-br\/wp-json\/wp\/v2\/types\/product"}],"replies":[{"embeddable":true,"href":"https:\/\/inforest.com.ar\/pt-br\/wp-json\/wp\/v2\/comments?post=13724"}],"wp:featuredmedia":[{"embeddable":true,"href":"https:\/\/inforest.com.ar\/pt-br\/wp-json\/wp\/v2\/media\/17240"}],"wp:attachment":[{"href":"https:\/\/inforest.com.ar\/pt-br\/wp-json\/wp\/v2\/media?parent=13724"}],"wp:term":[{"taxonomy":"product_brand","embeddable":true,"href":"https:\/\/inforest.com.ar\/pt-br\/wp-json\/wp\/v2\/product_brand?post=13724"},{"taxonomy":"product_cat","embeddable":true,"href":"https:\/\/inforest.com.ar\/pt-br\/wp-json\/wp\/v2\/product_cat?post=13724"},{"taxonomy":"product_tag","embeddable":true,"href":"https:\/\/inforest.com.ar\/pt-br\/wp-json\/wp\/v2\/product_tag?post=13724"}],"curies":[{"name":"wp","href":"https:\/\/api.w.org\/{rel}","templated":true}]}}