{"id":13382,"date":"2022-11-08T21:27:56","date_gmt":"2022-11-08T21:27:56","guid":{"rendered":"https:\/\/inforest.com.ar\/producto\/llave-de-ajuste-universal-2\/"},"modified":"2023-07-25T03:43:30","modified_gmt":"2023-07-25T03:43:30","slug":"llave-de-ajuste-universal-2","status":"publish","type":"product","link":"https:\/\/inforest.com.ar\/pt-br\/producto\/llave-de-ajuste-universal-2\/","title":{"rendered":"Chave de ajuste universal"},"content":{"rendered":"<p><span style=\"font-weight: 400;\">Esta chave simples e pr\u00e1tica adapta-se \u00e0s diferentes dimens\u00f5es das roscas do tipo Whitworth e Storz, ou seja, geralmente t\u00eam formato retangular e\/ou circular.<\/span><\/p>\n<p>&nbsp;<\/p>\n","protected":false},"excerpt":{"rendered":"<p><span style=\"font-weight: 400;\">Ferramenta m\u00f3vel e vers\u00e1til para aplicar ajustes em diferentes tipos de rosca<\/span><\/p>\n","protected":false},"featured_media":16942,"comment_status":"open","ping_status":"closed","template":"","meta":{"_acf_changed":false},"product_brand":[],"product_cat":[647,44],"product_tag":[],"class_list":{"0":"post-13382","1":"product","2":"type-product","3":"status-publish","4":"has-post-thumbnail","6":"product_cat-equipamento-de-agua","7":"product_cat-incendio-forestal","9":"first","10":"instock","11":"shipping-taxable","12":"product-type-simple"},"acf":[],"yoast_head":"<!-- This site is optimized with the Yoast SEO plugin v27.0 - https:\/\/yoast.com\/product\/yoast-seo-wordpress\/ -->\n<title>Chave de ajuste universal - Inforest<\/title>\n<meta name=\"robots\" content=\"index, follow, max-snippet:-1, max-image-preview:large, max-video-preview:-1\" \/>\n<link rel=\"canonical\" href=\"https:\/\/inforest.com.ar\/pt-br\/producto\/llave-de-ajuste-universal-2\/\" \/>\n<meta property=\"og:locale\" content=\"pt_BR\" \/>\n<meta property=\"og:type\" content=\"article\" \/>\n<meta property=\"og:title\" content=\"Chave de ajuste universal - Inforest\" \/>\n<meta property=\"og:description\" content=\"Ferramenta m\u00f3vel e vers\u00e1til para aplicar ajustes em diferentes tipos de rosca\" \/>\n<meta property=\"og:url\" content=\"https:\/\/inforest.com.ar\/pt-br\/producto\/llave-de-ajuste-universal-2\/\" \/>\n<meta property=\"og:site_name\" content=\"Inforest\" \/>\n<meta property=\"article:modified_time\" content=\"2023-07-25T03:43:30+00:00\" \/>\n<meta property=\"og:image\" content=\"https:\/\/inforest.com.ar\/wp-content\/uploads\/2020\/04\/5d2c88f8bdb48-2.jpg\" \/>\n\t<meta property=\"og:image:width\" content=\"394\" \/>\n\t<meta property=\"og:image:height\" content=\"400\" \/>\n\t<meta property=\"og:image:type\" content=\"image\/jpeg\" \/>\n<meta name=\"twitter:card\" content=\"summary_large_image\" \/>\n<meta name=\"twitter:label1\" content=\"Est. tempo de leitura\" \/>\n\t<meta name=\"twitter:data1\" content=\"1 minuto\" \/>\n<script type=\"application\/ld+json\" class=\"yoast-schema-graph\">{\"@context\":\"https:\/\/schema.org\",\"@graph\":[{\"@type\":\"WebPage\",\"@id\":\"https:\/\/inforest.com.ar\/pt-br\/producto\/llave-de-ajuste-universal-2\/\",\"url\":\"https:\/\/inforest.com.ar\/pt-br\/producto\/llave-de-ajuste-universal-2\/\",\"name\":\"Chave de ajuste universal - Inforest\",\"isPartOf\":{\"@id\":\"https:\/\/inforest.com.ar\/#website\"},\"primaryImageOfPage\":{\"@id\":\"https:\/\/inforest.com.ar\/pt-br\/producto\/llave-de-ajuste-universal-2\/#primaryimage\"},\"image\":{\"@id\":\"https:\/\/inforest.com.ar\/pt-br\/producto\/llave-de-ajuste-universal-2\/#primaryimage\"},\"thumbnailUrl\":\"https:\/\/inforest.com.ar\/wp-content\/uploads\/2020\/04\/5d2c88f8bdb48-2.jpg\",\"datePublished\":\"2022-11-08T21:27:56+00:00\",\"dateModified\":\"2023-07-25T03:43:30+00:00\",\"breadcrumb\":{\"@id\":\"https:\/\/inforest.com.ar\/pt-br\/producto\/llave-de-ajuste-universal-2\/#breadcrumb\"},\"inLanguage\":\"pt-BR\",\"potentialAction\":[{\"@type\":\"ReadAction\",\"target\":[\"https:\/\/inforest.com.ar\/pt-br\/producto\/llave-de-ajuste-universal-2\/\"]}]},{\"@type\":\"ImageObject\",\"inLanguage\":\"pt-BR\",\"@id\":\"https:\/\/inforest.com.ar\/pt-br\/producto\/llave-de-ajuste-universal-2\/#primaryimage\",\"url\":\"https:\/\/inforest.com.ar\/wp-content\/uploads\/2020\/04\/5d2c88f8bdb48-2.jpg\",\"contentUrl\":\"https:\/\/inforest.com.ar\/wp-content\/uploads\/2020\/04\/5d2c88f8bdb48-2.jpg\",\"width\":394,\"height\":400},{\"@type\":\"BreadcrumbList\",\"@id\":\"https:\/\/inforest.com.ar\/pt-br\/producto\/llave-de-ajuste-universal-2\/#breadcrumb\",\"itemListElement\":[{\"@type\":\"ListItem\",\"position\":1,\"name\":\"Portada\",\"item\":\"https:\/\/inforest.com.ar\/pt-br\/\"},{\"@type\":\"ListItem\",\"position\":2,\"name\":\"Chave de ajuste universal\"}]},{\"@type\":\"WebSite\",\"@id\":\"https:\/\/inforest.com.ar\/#website\",\"url\":\"https:\/\/inforest.com.ar\/\",\"name\":\"Inforest\",\"description\":\"L\u00edderes en Equipamientos para Incendios Forestales\",\"publisher\":{\"@id\":\"https:\/\/inforest.com.ar\/#organization\"},\"potentialAction\":[{\"@type\":\"SearchAction\",\"target\":{\"@type\":\"EntryPoint\",\"urlTemplate\":\"https:\/\/inforest.com.ar\/?s={search_term_string}\"},\"query-input\":{\"@type\":\"PropertyValueSpecification\",\"valueRequired\":true,\"valueName\":\"search_term_string\"}}],\"inLanguage\":\"pt-BR\"},{\"@type\":\"Organization\",\"@id\":\"https:\/\/inforest.com.ar\/#organization\",\"name\":\"Inforest\",\"url\":\"https:\/\/inforest.com.ar\/\",\"logo\":{\"@type\":\"ImageObject\",\"inLanguage\":\"pt-BR\",\"@id\":\"https:\/\/inforest.com.ar\/#\/schema\/logo\/image\/\",\"url\":\"https:\/\/inforest.com.ar\/wp-content\/uploads\/2022\/05\/logoinfo.svg\",\"contentUrl\":\"https:\/\/inforest.com.ar\/wp-content\/uploads\/2022\/05\/logoinfo.svg\",\"width\":118,\"height\":20,\"caption\":\"Inforest\"},\"image\":{\"@id\":\"https:\/\/inforest.com.ar\/#\/schema\/logo\/image\/\"}}]}<\/script>\n<!-- \/ Yoast SEO plugin. -->","yoast_head_json":{"title":"Chave de ajuste universal - Inforest","robots":{"index":"index","follow":"follow","max-snippet":"max-snippet:-1","max-image-preview":"max-image-preview:large","max-video-preview":"max-video-preview:-1"},"canonical":"https:\/\/inforest.com.ar\/pt-br\/producto\/llave-de-ajuste-universal-2\/","og_locale":"pt_BR","og_type":"article","og_title":"Chave de ajuste universal - Inforest","og_description":"Ferramenta m\u00f3vel e vers\u00e1til para aplicar ajustes em diferentes tipos de rosca","og_url":"https:\/\/inforest.com.ar\/pt-br\/producto\/llave-de-ajuste-universal-2\/","og_site_name":"Inforest","article_modified_time":"2023-07-25T03:43:30+00:00","og_image":[{"width":394,"height":400,"url":"https:\/\/inforest.com.ar\/wp-content\/uploads\/2020\/04\/5d2c88f8bdb48-2.jpg","type":"image\/jpeg"}],"twitter_card":"summary_large_image","twitter_misc":{"Est. tempo de leitura":"1 minuto"},"schema":{"@context":"https:\/\/schema.org","@graph":[{"@type":"WebPage","@id":"https:\/\/inforest.com.ar\/pt-br\/producto\/llave-de-ajuste-universal-2\/","url":"https:\/\/inforest.com.ar\/pt-br\/producto\/llave-de-ajuste-universal-2\/","name":"Chave de ajuste universal - Inforest","isPartOf":{"@id":"https:\/\/inforest.com.ar\/#website"},"primaryImageOfPage":{"@id":"https:\/\/inforest.com.ar\/pt-br\/producto\/llave-de-ajuste-universal-2\/#primaryimage"},"image":{"@id":"https:\/\/inforest.com.ar\/pt-br\/producto\/llave-de-ajuste-universal-2\/#primaryimage"},"thumbnailUrl":"https:\/\/inforest.com.ar\/wp-content\/uploads\/2020\/04\/5d2c88f8bdb48-2.jpg","datePublished":"2022-11-08T21:27:56+00:00","dateModified":"2023-07-25T03:43:30+00:00","breadcrumb":{"@id":"https:\/\/inforest.com.ar\/pt-br\/producto\/llave-de-ajuste-universal-2\/#breadcrumb"},"inLanguage":"pt-BR","potentialAction":[{"@type":"ReadAction","target":["https:\/\/inforest.com.ar\/pt-br\/producto\/llave-de-ajuste-universal-2\/"]}]},{"@type":"ImageObject","inLanguage":"pt-BR","@id":"https:\/\/inforest.com.ar\/pt-br\/producto\/llave-de-ajuste-universal-2\/#primaryimage","url":"https:\/\/inforest.com.ar\/wp-content\/uploads\/2020\/04\/5d2c88f8bdb48-2.jpg","contentUrl":"https:\/\/inforest.com.ar\/wp-content\/uploads\/2020\/04\/5d2c88f8bdb48-2.jpg","width":394,"height":400},{"@type":"BreadcrumbList","@id":"https:\/\/inforest.com.ar\/pt-br\/producto\/llave-de-ajuste-universal-2\/#breadcrumb","itemListElement":[{"@type":"ListItem","position":1,"name":"Portada","item":"https:\/\/inforest.com.ar\/pt-br\/"},{"@type":"ListItem","position":2,"name":"Chave de ajuste universal"}]},{"@type":"WebSite","@id":"https:\/\/inforest.com.ar\/#website","url":"https:\/\/inforest.com.ar\/","name":"Inforest","description":"L\u00edderes en Equipamientos para Incendios Forestales","publisher":{"@id":"https:\/\/inforest.com.ar\/#organization"},"potentialAction":[{"@type":"SearchAction","target":{"@type":"EntryPoint","urlTemplate":"https:\/\/inforest.com.ar\/?s={search_term_string}"},"query-input":{"@type":"PropertyValueSpecification","valueRequired":true,"valueName":"search_term_string"}}],"inLanguage":"pt-BR"},{"@type":"Organization","@id":"https:\/\/inforest.com.ar\/#organization","name":"Inforest","url":"https:\/\/inforest.com.ar\/","logo":{"@type":"ImageObject","inLanguage":"pt-BR","@id":"https:\/\/inforest.com.ar\/#\/schema\/logo\/image\/","url":"https:\/\/inforest.com.ar\/wp-content\/uploads\/2022\/05\/logoinfo.svg","contentUrl":"https:\/\/inforest.com.ar\/wp-content\/uploads\/2022\/05\/logoinfo.svg","width":118,"height":20,"caption":"Inforest"},"image":{"@id":"https:\/\/inforest.com.ar\/#\/schema\/logo\/image\/"}}]}},"ficha_tecnica":"https:\/\/inforest.com.ar\/wp-content\/uploads\/2022\/11\/Chave-de-ajuste-universal.pdf","_links":{"self":[{"href":"https:\/\/inforest.com.ar\/pt-br\/wp-json\/wp\/v2\/product\/13382","targetHints":{"allow":["GET"]}}],"collection":[{"href":"https:\/\/inforest.com.ar\/pt-br\/wp-json\/wp\/v2\/product"}],"about":[{"href":"https:\/\/inforest.com.ar\/pt-br\/wp-json\/wp\/v2\/types\/product"}],"replies":[{"embeddable":true,"href":"https:\/\/inforest.com.ar\/pt-br\/wp-json\/wp\/v2\/comments?post=13382"}],"wp:featuredmedia":[{"embeddable":true,"href":"https:\/\/inforest.com.ar\/pt-br\/wp-json\/wp\/v2\/media\/16942"}],"wp:attachment":[{"href":"https:\/\/inforest.com.ar\/pt-br\/wp-json\/wp\/v2\/media?parent=13382"}],"wp:term":[{"taxonomy":"product_brand","embeddable":true,"href":"https:\/\/inforest.com.ar\/pt-br\/wp-json\/wp\/v2\/product_brand?post=13382"},{"taxonomy":"product_cat","embeddable":true,"href":"https:\/\/inforest.com.ar\/pt-br\/wp-json\/wp\/v2\/product_cat?post=13382"},{"taxonomy":"product_tag","embeddable":true,"href":"https:\/\/inforest.com.ar\/pt-br\/wp-json\/wp\/v2\/product_tag?post=13382"}],"curies":[{"name":"wp","href":"https:\/\/api.w.org\/{rel}","templated":true}]}}