{"id":13321,"date":"2022-11-08T01:44:27","date_gmt":"2022-11-08T01:44:27","guid":{"rendered":"https:\/\/inforest.com.ar\/producto\/tajamata-2\/"},"modified":"2023-07-26T02:31:36","modified_gmt":"2023-07-26T02:31:36","slug":"tajamata-2","status":"publish","type":"product","link":"https:\/\/inforest.com.ar\/pt-br\/producto\/tajamata-2\/","title":{"rendered":"Foi\u00e7\u00e3o curvo"},"content":{"rendered":"<p><span style=\"font-weight: 400;\">O Tajamata \u00e9 uma ferramenta comumente usada em linhas de quebra-fogo e amplia\u00e7\u00f5es de defesa, o que impede a continuidade do combust\u00edvel. Ela tem uma l\u00e2mina com uma borda curva capaz de cortar por fric\u00e7\u00e3o, e tamb\u00e9m pode alcan\u00e7ar pequenos galhos, arbustos ou vegeta\u00e7\u00e3o de m\u00e9dia altura.<\/span><\/p>\n","protected":false},"excerpt":{"rendered":"<p>Ferramenta econ\u00f4mica, \u00fatil e robusta para a limpeza a\u00e9rea das linhas de prote\u00e7\u00e3o contra inc\u00eandio<\/p>\n","protected":false},"featured_media":17395,"comment_status":"open","ping_status":"closed","template":"","meta":{"_acf_changed":false},"product_brand":[],"product_cat":[649,718,642],"product_tag":[],"class_list":{"0":"post-13321","1":"product","2":"type-product","3":"status-publish","4":"has-post-thumbnail","6":"product_cat-ferramentas","7":"product_cat-herramientas-pt-br","8":"product_cat-incendio-forestal-pt-br","10":"first","11":"instock","12":"shipping-taxable","13":"product-type-simple"},"acf":[],"yoast_head":"<!-- This site is optimized with the Yoast SEO plugin v27.0 - https:\/\/yoast.com\/product\/yoast-seo-wordpress\/ -->\n<title>Foi\u00e7\u00e3o curvo - Inforest<\/title>\n<meta name=\"robots\" content=\"index, follow, max-snippet:-1, max-image-preview:large, max-video-preview:-1\" \/>\n<link rel=\"canonical\" href=\"https:\/\/inforest.com.ar\/pt-br\/producto\/tajamata-2\/\" \/>\n<meta property=\"og:locale\" content=\"pt_BR\" \/>\n<meta property=\"og:type\" content=\"article\" \/>\n<meta property=\"og:title\" content=\"Foi\u00e7\u00e3o curvo - Inforest\" \/>\n<meta property=\"og:description\" content=\"Ferramenta econ\u00f4mica, \u00fatil e robusta para a limpeza a\u00e9rea das linhas de prote\u00e7\u00e3o contra inc\u00eandio\" \/>\n<meta property=\"og:url\" content=\"https:\/\/inforest.com.ar\/pt-br\/producto\/tajamata-2\/\" \/>\n<meta property=\"og:site_name\" content=\"Inforest\" \/>\n<meta property=\"article:modified_time\" content=\"2023-07-26T02:31:36+00:00\" \/>\n<meta property=\"og:image\" content=\"https:\/\/inforest.com.ar\/wp-content\/uploads\/2022\/11\/Diseno-sin-titulo-44-1.png\" \/>\n\t<meta property=\"og:image:width\" content=\"1000\" \/>\n\t<meta property=\"og:image:height\" content=\"1000\" \/>\n\t<meta property=\"og:image:type\" content=\"image\/png\" \/>\n<meta name=\"twitter:card\" content=\"summary_large_image\" \/>\n<meta name=\"twitter:label1\" content=\"Est. tempo de leitura\" \/>\n\t<meta name=\"twitter:data1\" content=\"1 minuto\" \/>\n<script type=\"application\/ld+json\" class=\"yoast-schema-graph\">{\"@context\":\"https:\/\/schema.org\",\"@graph\":[{\"@type\":\"WebPage\",\"@id\":\"https:\/\/inforest.com.ar\/pt-br\/producto\/tajamata-2\/\",\"url\":\"https:\/\/inforest.com.ar\/pt-br\/producto\/tajamata-2\/\",\"name\":\"Foi\u00e7\u00e3o curvo - Inforest\",\"isPartOf\":{\"@id\":\"https:\/\/inforest.com.ar\/#website\"},\"primaryImageOfPage\":{\"@id\":\"https:\/\/inforest.com.ar\/pt-br\/producto\/tajamata-2\/#primaryimage\"},\"image\":{\"@id\":\"https:\/\/inforest.com.ar\/pt-br\/producto\/tajamata-2\/#primaryimage\"},\"thumbnailUrl\":\"https:\/\/inforest.com.ar\/wp-content\/uploads\/2022\/11\/Diseno-sin-titulo-44-1.png\",\"datePublished\":\"2022-11-08T01:44:27+00:00\",\"dateModified\":\"2023-07-26T02:31:36+00:00\",\"breadcrumb\":{\"@id\":\"https:\/\/inforest.com.ar\/pt-br\/producto\/tajamata-2\/#breadcrumb\"},\"inLanguage\":\"pt-BR\",\"potentialAction\":[{\"@type\":\"ReadAction\",\"target\":[\"https:\/\/inforest.com.ar\/pt-br\/producto\/tajamata-2\/\"]}]},{\"@type\":\"ImageObject\",\"inLanguage\":\"pt-BR\",\"@id\":\"https:\/\/inforest.com.ar\/pt-br\/producto\/tajamata-2\/#primaryimage\",\"url\":\"https:\/\/inforest.com.ar\/wp-content\/uploads\/2022\/11\/Diseno-sin-titulo-44-1.png\",\"contentUrl\":\"https:\/\/inforest.com.ar\/wp-content\/uploads\/2022\/11\/Diseno-sin-titulo-44-1.png\",\"width\":1000,\"height\":1000},{\"@type\":\"BreadcrumbList\",\"@id\":\"https:\/\/inforest.com.ar\/pt-br\/producto\/tajamata-2\/#breadcrumb\",\"itemListElement\":[{\"@type\":\"ListItem\",\"position\":1,\"name\":\"Portada\",\"item\":\"https:\/\/inforest.com.ar\/pt-br\/\"},{\"@type\":\"ListItem\",\"position\":2,\"name\":\"Foi\u00e7\u00e3o curvo\"}]},{\"@type\":\"WebSite\",\"@id\":\"https:\/\/inforest.com.ar\/#website\",\"url\":\"https:\/\/inforest.com.ar\/\",\"name\":\"Inforest\",\"description\":\"L\u00edderes en Equipamientos para Incendios Forestales\",\"publisher\":{\"@id\":\"https:\/\/inforest.com.ar\/#organization\"},\"potentialAction\":[{\"@type\":\"SearchAction\",\"target\":{\"@type\":\"EntryPoint\",\"urlTemplate\":\"https:\/\/inforest.com.ar\/?s={search_term_string}\"},\"query-input\":{\"@type\":\"PropertyValueSpecification\",\"valueRequired\":true,\"valueName\":\"search_term_string\"}}],\"inLanguage\":\"pt-BR\"},{\"@type\":\"Organization\",\"@id\":\"https:\/\/inforest.com.ar\/#organization\",\"name\":\"Inforest\",\"url\":\"https:\/\/inforest.com.ar\/\",\"logo\":{\"@type\":\"ImageObject\",\"inLanguage\":\"pt-BR\",\"@id\":\"https:\/\/inforest.com.ar\/#\/schema\/logo\/image\/\",\"url\":\"https:\/\/inforest.com.ar\/wp-content\/uploads\/2022\/05\/logoinfo.svg\",\"contentUrl\":\"https:\/\/inforest.com.ar\/wp-content\/uploads\/2022\/05\/logoinfo.svg\",\"width\":118,\"height\":20,\"caption\":\"Inforest\"},\"image\":{\"@id\":\"https:\/\/inforest.com.ar\/#\/schema\/logo\/image\/\"}}]}<\/script>\n<!-- \/ Yoast SEO plugin. -->","yoast_head_json":{"title":"Foi\u00e7\u00e3o curvo - Inforest","robots":{"index":"index","follow":"follow","max-snippet":"max-snippet:-1","max-image-preview":"max-image-preview:large","max-video-preview":"max-video-preview:-1"},"canonical":"https:\/\/inforest.com.ar\/pt-br\/producto\/tajamata-2\/","og_locale":"pt_BR","og_type":"article","og_title":"Foi\u00e7\u00e3o curvo - Inforest","og_description":"Ferramenta econ\u00f4mica, \u00fatil e robusta para a limpeza a\u00e9rea das linhas de prote\u00e7\u00e3o contra inc\u00eandio","og_url":"https:\/\/inforest.com.ar\/pt-br\/producto\/tajamata-2\/","og_site_name":"Inforest","article_modified_time":"2023-07-26T02:31:36+00:00","og_image":[{"width":1000,"height":1000,"url":"https:\/\/inforest.com.ar\/wp-content\/uploads\/2022\/11\/Diseno-sin-titulo-44-1.png","type":"image\/png"}],"twitter_card":"summary_large_image","twitter_misc":{"Est. tempo de leitura":"1 minuto"},"schema":{"@context":"https:\/\/schema.org","@graph":[{"@type":"WebPage","@id":"https:\/\/inforest.com.ar\/pt-br\/producto\/tajamata-2\/","url":"https:\/\/inforest.com.ar\/pt-br\/producto\/tajamata-2\/","name":"Foi\u00e7\u00e3o curvo - Inforest","isPartOf":{"@id":"https:\/\/inforest.com.ar\/#website"},"primaryImageOfPage":{"@id":"https:\/\/inforest.com.ar\/pt-br\/producto\/tajamata-2\/#primaryimage"},"image":{"@id":"https:\/\/inforest.com.ar\/pt-br\/producto\/tajamata-2\/#primaryimage"},"thumbnailUrl":"https:\/\/inforest.com.ar\/wp-content\/uploads\/2022\/11\/Diseno-sin-titulo-44-1.png","datePublished":"2022-11-08T01:44:27+00:00","dateModified":"2023-07-26T02:31:36+00:00","breadcrumb":{"@id":"https:\/\/inforest.com.ar\/pt-br\/producto\/tajamata-2\/#breadcrumb"},"inLanguage":"pt-BR","potentialAction":[{"@type":"ReadAction","target":["https:\/\/inforest.com.ar\/pt-br\/producto\/tajamata-2\/"]}]},{"@type":"ImageObject","inLanguage":"pt-BR","@id":"https:\/\/inforest.com.ar\/pt-br\/producto\/tajamata-2\/#primaryimage","url":"https:\/\/inforest.com.ar\/wp-content\/uploads\/2022\/11\/Diseno-sin-titulo-44-1.png","contentUrl":"https:\/\/inforest.com.ar\/wp-content\/uploads\/2022\/11\/Diseno-sin-titulo-44-1.png","width":1000,"height":1000},{"@type":"BreadcrumbList","@id":"https:\/\/inforest.com.ar\/pt-br\/producto\/tajamata-2\/#breadcrumb","itemListElement":[{"@type":"ListItem","position":1,"name":"Portada","item":"https:\/\/inforest.com.ar\/pt-br\/"},{"@type":"ListItem","position":2,"name":"Foi\u00e7\u00e3o curvo"}]},{"@type":"WebSite","@id":"https:\/\/inforest.com.ar\/#website","url":"https:\/\/inforest.com.ar\/","name":"Inforest","description":"L\u00edderes en Equipamientos para Incendios Forestales","publisher":{"@id":"https:\/\/inforest.com.ar\/#organization"},"potentialAction":[{"@type":"SearchAction","target":{"@type":"EntryPoint","urlTemplate":"https:\/\/inforest.com.ar\/?s={search_term_string}"},"query-input":{"@type":"PropertyValueSpecification","valueRequired":true,"valueName":"search_term_string"}}],"inLanguage":"pt-BR"},{"@type":"Organization","@id":"https:\/\/inforest.com.ar\/#organization","name":"Inforest","url":"https:\/\/inforest.com.ar\/","logo":{"@type":"ImageObject","inLanguage":"pt-BR","@id":"https:\/\/inforest.com.ar\/#\/schema\/logo\/image\/","url":"https:\/\/inforest.com.ar\/wp-content\/uploads\/2022\/05\/logoinfo.svg","contentUrl":"https:\/\/inforest.com.ar\/wp-content\/uploads\/2022\/05\/logoinfo.svg","width":118,"height":20,"caption":"Inforest"},"image":{"@id":"https:\/\/inforest.com.ar\/#\/schema\/logo\/image\/"}}]}},"ficha_tecnica":"https:\/\/inforest.com.ar\/wp-content\/uploads\/2022\/11\/Foicao-curvo-1.pdf","_links":{"self":[{"href":"https:\/\/inforest.com.ar\/pt-br\/wp-json\/wp\/v2\/product\/13321","targetHints":{"allow":["GET"]}}],"collection":[{"href":"https:\/\/inforest.com.ar\/pt-br\/wp-json\/wp\/v2\/product"}],"about":[{"href":"https:\/\/inforest.com.ar\/pt-br\/wp-json\/wp\/v2\/types\/product"}],"replies":[{"embeddable":true,"href":"https:\/\/inforest.com.ar\/pt-br\/wp-json\/wp\/v2\/comments?post=13321"}],"wp:featuredmedia":[{"embeddable":true,"href":"https:\/\/inforest.com.ar\/pt-br\/wp-json\/wp\/v2\/media\/17395"}],"wp:attachment":[{"href":"https:\/\/inforest.com.ar\/pt-br\/wp-json\/wp\/v2\/media?parent=13321"}],"wp:term":[{"taxonomy":"product_brand","embeddable":true,"href":"https:\/\/inforest.com.ar\/pt-br\/wp-json\/wp\/v2\/product_brand?post=13321"},{"taxonomy":"product_cat","embeddable":true,"href":"https:\/\/inforest.com.ar\/pt-br\/wp-json\/wp\/v2\/product_cat?post=13321"},{"taxonomy":"product_tag","embeddable":true,"href":"https:\/\/inforest.com.ar\/pt-br\/wp-json\/wp\/v2\/product_tag?post=13321"}],"curies":[{"name":"wp","href":"https:\/\/api.w.org\/{rel}","templated":true}]}}