{"id":25673,"date":"2024-01-23T14:57:32","date_gmt":"2024-01-23T17:57:32","guid":{"rendered":"https:\/\/inforest.com.ar\/producto\/faldon-ignifugo\/"},"modified":"2024-06-25T18:50:24","modified_gmt":"2024-06-25T21:50:24","slug":"faldon-ignifugo","status":"publish","type":"product","link":"https:\/\/inforest.com.ar\/ibe\/producto\/faldon-ignifugo\/","title":{"rendered":"Fald\u00f3n ign\u00edfugo"},"content":{"rendered":"<p>El fald\u00f3n brinda protecci\u00f3n a los neum\u00e1ticos, las partes neum\u00e1ticas y los componentes cr\u00edticos del veh\u00edculo, es ign\u00edfuga e impermeable, y est\u00e1 especialmente dise\u00f1ada para establecer la protecci\u00f3n de las secciones inferiores del veh\u00edculo y evitar su ignici\u00f3n en situaciones extremas de exposici\u00f3n al fuego.<\/p>\n","protected":false},"excerpt":{"rendered":"<p>Es\u00a0 un elemento indispensable en el kit de seguridad integral<\/p>\n","protected":false},"featured_media":22765,"comment_status":"open","ping_status":"closed","template":"","meta":{"_acf_changed":false},"product_brand":[],"product_cat":[710,711],"product_tag":[],"class_list":{"0":"post-25673","1":"product","2":"type-product","3":"status-publish","4":"has-post-thumbnail","6":"product_cat-proteccion-personal-ibe","7":"product_cat-ropa-ignifuga-ibe","9":"first","10":"instock","11":"shipping-taxable","12":"product-type-simple"},"acf":[],"yoast_head":"<!-- This site is optimized with the Yoast SEO plugin v27.0 - https:\/\/yoast.com\/product\/yoast-seo-wordpress\/ -->\n<title>Fald\u00f3n ign\u00edfugo - Inforest<\/title>\n<meta name=\"robots\" content=\"index, follow, max-snippet:-1, max-image-preview:large, max-video-preview:-1\" \/>\n<link rel=\"canonical\" href=\"https:\/\/inforest.com.ar\/ibe\/producto\/faldon-ignifugo\/\" \/>\n<meta property=\"og:locale\" content=\"es_ES\" \/>\n<meta property=\"og:type\" content=\"article\" \/>\n<meta property=\"og:title\" content=\"Fald\u00f3n ign\u00edfugo - Inforest\" \/>\n<meta property=\"og:description\" content=\"Es\u00a0 un elemento indispensable en el kit de seguridad integral\" \/>\n<meta property=\"og:url\" content=\"https:\/\/inforest.com.ar\/ibe\/producto\/faldon-ignifugo\/\" \/>\n<meta property=\"og:site_name\" content=\"Inforest\" \/>\n<meta property=\"article:modified_time\" content=\"2024-06-25T21:50:24+00:00\" \/>\n<meta property=\"og:image\" content=\"https:\/\/inforest.com.ar\/wp-content\/uploads\/2024\/01\/Diseno-sin-titulo-18.png\" \/>\n\t<meta property=\"og:image:width\" content=\"1000\" \/>\n\t<meta property=\"og:image:height\" content=\"1000\" \/>\n\t<meta property=\"og:image:type\" content=\"image\/png\" \/>\n<meta name=\"twitter:card\" content=\"summary_large_image\" \/>\n<meta name=\"twitter:label1\" content=\"Est. reading time\" \/>\n\t<meta name=\"twitter:data1\" content=\"1 minute\" \/>\n<script type=\"application\/ld+json\" class=\"yoast-schema-graph\">{\"@context\":\"https:\/\/schema.org\",\"@graph\":[{\"@type\":\"WebPage\",\"@id\":\"https:\/\/inforest.com.ar\/ibe\/producto\/faldon-ignifugo\/\",\"url\":\"https:\/\/inforest.com.ar\/ibe\/producto\/faldon-ignifugo\/\",\"name\":\"Fald\u00f3n ign\u00edfugo - Inforest\",\"isPartOf\":{\"@id\":\"https:\/\/inforest.com.ar\/#website\"},\"primaryImageOfPage\":{\"@id\":\"https:\/\/inforest.com.ar\/ibe\/producto\/faldon-ignifugo\/#primaryimage\"},\"image\":{\"@id\":\"https:\/\/inforest.com.ar\/ibe\/producto\/faldon-ignifugo\/#primaryimage\"},\"thumbnailUrl\":\"https:\/\/inforest.com.ar\/wp-content\/uploads\/2024\/01\/Diseno-sin-titulo-18.png\",\"datePublished\":\"2024-01-23T17:57:32+00:00\",\"dateModified\":\"2024-06-25T21:50:24+00:00\",\"breadcrumb\":{\"@id\":\"https:\/\/inforest.com.ar\/ibe\/producto\/faldon-ignifugo\/#breadcrumb\"},\"inLanguage\":\"es-IBE\",\"potentialAction\":[{\"@type\":\"ReadAction\",\"target\":[\"https:\/\/inforest.com.ar\/ibe\/producto\/faldon-ignifugo\/\"]}]},{\"@type\":\"ImageObject\",\"inLanguage\":\"es-IBE\",\"@id\":\"https:\/\/inforest.com.ar\/ibe\/producto\/faldon-ignifugo\/#primaryimage\",\"url\":\"https:\/\/inforest.com.ar\/wp-content\/uploads\/2024\/01\/Diseno-sin-titulo-18.png\",\"contentUrl\":\"https:\/\/inforest.com.ar\/wp-content\/uploads\/2024\/01\/Diseno-sin-titulo-18.png\",\"width\":1000,\"height\":1000},{\"@type\":\"BreadcrumbList\",\"@id\":\"https:\/\/inforest.com.ar\/ibe\/producto\/faldon-ignifugo\/#breadcrumb\",\"itemListElement\":[{\"@type\":\"ListItem\",\"position\":1,\"name\":\"Portada\",\"item\":\"https:\/\/inforest.com.ar\/ibe\/\"},{\"@type\":\"ListItem\",\"position\":2,\"name\":\"Fald\u00f3n ign\u00edfugo\"}]},{\"@type\":\"WebSite\",\"@id\":\"https:\/\/inforest.com.ar\/#website\",\"url\":\"https:\/\/inforest.com.ar\/\",\"name\":\"Inforest\",\"description\":\"L\u00edderes en Equipamientos para Incendios Forestales\",\"publisher\":{\"@id\":\"https:\/\/inforest.com.ar\/#organization\"},\"potentialAction\":[{\"@type\":\"SearchAction\",\"target\":{\"@type\":\"EntryPoint\",\"urlTemplate\":\"https:\/\/inforest.com.ar\/?s={search_term_string}\"},\"query-input\":{\"@type\":\"PropertyValueSpecification\",\"valueRequired\":true,\"valueName\":\"search_term_string\"}}],\"inLanguage\":\"es-IBE\"},{\"@type\":\"Organization\",\"@id\":\"https:\/\/inforest.com.ar\/#organization\",\"name\":\"Inforest\",\"url\":\"https:\/\/inforest.com.ar\/\",\"logo\":{\"@type\":\"ImageObject\",\"inLanguage\":\"es-IBE\",\"@id\":\"https:\/\/inforest.com.ar\/#\/schema\/logo\/image\/\",\"url\":\"https:\/\/inforest.com.ar\/wp-content\/uploads\/2022\/05\/logoinfo.svg\",\"contentUrl\":\"https:\/\/inforest.com.ar\/wp-content\/uploads\/2022\/05\/logoinfo.svg\",\"width\":118,\"height\":20,\"caption\":\"Inforest\"},\"image\":{\"@id\":\"https:\/\/inforest.com.ar\/#\/schema\/logo\/image\/\"}}]}<\/script>\n<!-- \/ Yoast SEO plugin. -->","yoast_head_json":{"title":"Fald\u00f3n ign\u00edfugo - Inforest","robots":{"index":"index","follow":"follow","max-snippet":"max-snippet:-1","max-image-preview":"max-image-preview:large","max-video-preview":"max-video-preview:-1"},"canonical":"https:\/\/inforest.com.ar\/ibe\/producto\/faldon-ignifugo\/","og_locale":"es_ES","og_type":"article","og_title":"Fald\u00f3n ign\u00edfugo - Inforest","og_description":"Es\u00a0 un elemento indispensable en el kit de seguridad integral","og_url":"https:\/\/inforest.com.ar\/ibe\/producto\/faldon-ignifugo\/","og_site_name":"Inforest","article_modified_time":"2024-06-25T21:50:24+00:00","og_image":[{"width":1000,"height":1000,"url":"https:\/\/inforest.com.ar\/wp-content\/uploads\/2024\/01\/Diseno-sin-titulo-18.png","type":"image\/png"}],"twitter_card":"summary_large_image","twitter_misc":{"Est. reading time":"1 minute"},"schema":{"@context":"https:\/\/schema.org","@graph":[{"@type":"WebPage","@id":"https:\/\/inforest.com.ar\/ibe\/producto\/faldon-ignifugo\/","url":"https:\/\/inforest.com.ar\/ibe\/producto\/faldon-ignifugo\/","name":"Fald\u00f3n ign\u00edfugo - Inforest","isPartOf":{"@id":"https:\/\/inforest.com.ar\/#website"},"primaryImageOfPage":{"@id":"https:\/\/inforest.com.ar\/ibe\/producto\/faldon-ignifugo\/#primaryimage"},"image":{"@id":"https:\/\/inforest.com.ar\/ibe\/producto\/faldon-ignifugo\/#primaryimage"},"thumbnailUrl":"https:\/\/inforest.com.ar\/wp-content\/uploads\/2024\/01\/Diseno-sin-titulo-18.png","datePublished":"2024-01-23T17:57:32+00:00","dateModified":"2024-06-25T21:50:24+00:00","breadcrumb":{"@id":"https:\/\/inforest.com.ar\/ibe\/producto\/faldon-ignifugo\/#breadcrumb"},"inLanguage":"es-IBE","potentialAction":[{"@type":"ReadAction","target":["https:\/\/inforest.com.ar\/ibe\/producto\/faldon-ignifugo\/"]}]},{"@type":"ImageObject","inLanguage":"es-IBE","@id":"https:\/\/inforest.com.ar\/ibe\/producto\/faldon-ignifugo\/#primaryimage","url":"https:\/\/inforest.com.ar\/wp-content\/uploads\/2024\/01\/Diseno-sin-titulo-18.png","contentUrl":"https:\/\/inforest.com.ar\/wp-content\/uploads\/2024\/01\/Diseno-sin-titulo-18.png","width":1000,"height":1000},{"@type":"BreadcrumbList","@id":"https:\/\/inforest.com.ar\/ibe\/producto\/faldon-ignifugo\/#breadcrumb","itemListElement":[{"@type":"ListItem","position":1,"name":"Portada","item":"https:\/\/inforest.com.ar\/ibe\/"},{"@type":"ListItem","position":2,"name":"Fald\u00f3n ign\u00edfugo"}]},{"@type":"WebSite","@id":"https:\/\/inforest.com.ar\/#website","url":"https:\/\/inforest.com.ar\/","name":"Inforest","description":"L\u00edderes en Equipamientos para Incendios Forestales","publisher":{"@id":"https:\/\/inforest.com.ar\/#organization"},"potentialAction":[{"@type":"SearchAction","target":{"@type":"EntryPoint","urlTemplate":"https:\/\/inforest.com.ar\/?s={search_term_string}"},"query-input":{"@type":"PropertyValueSpecification","valueRequired":true,"valueName":"search_term_string"}}],"inLanguage":"es-IBE"},{"@type":"Organization","@id":"https:\/\/inforest.com.ar\/#organization","name":"Inforest","url":"https:\/\/inforest.com.ar\/","logo":{"@type":"ImageObject","inLanguage":"es-IBE","@id":"https:\/\/inforest.com.ar\/#\/schema\/logo\/image\/","url":"https:\/\/inforest.com.ar\/wp-content\/uploads\/2022\/05\/logoinfo.svg","contentUrl":"https:\/\/inforest.com.ar\/wp-content\/uploads\/2022\/05\/logoinfo.svg","width":118,"height":20,"caption":"Inforest"},"image":{"@id":"https:\/\/inforest.com.ar\/#\/schema\/logo\/image\/"}}]}},"ficha_tecnica":"https:\/\/inforest.com.ar\/wp-content\/uploads\/2024\/01\/Faldon-ignifugo-1.pdf","_links":{"self":[{"href":"https:\/\/inforest.com.ar\/ibe\/wp-json\/wp\/v2\/product\/25673","targetHints":{"allow":["GET"]}}],"collection":[{"href":"https:\/\/inforest.com.ar\/ibe\/wp-json\/wp\/v2\/product"}],"about":[{"href":"https:\/\/inforest.com.ar\/ibe\/wp-json\/wp\/v2\/types\/product"}],"replies":[{"embeddable":true,"href":"https:\/\/inforest.com.ar\/ibe\/wp-json\/wp\/v2\/comments?post=25673"}],"wp:featuredmedia":[{"embeddable":true,"href":"https:\/\/inforest.com.ar\/ibe\/wp-json\/wp\/v2\/media\/22765"}],"wp:attachment":[{"href":"https:\/\/inforest.com.ar\/ibe\/wp-json\/wp\/v2\/media?parent=25673"}],"wp:term":[{"taxonomy":"product_brand","embeddable":true,"href":"https:\/\/inforest.com.ar\/ibe\/wp-json\/wp\/v2\/product_brand?post=25673"},{"taxonomy":"product_cat","embeddable":true,"href":"https:\/\/inforest.com.ar\/ibe\/wp-json\/wp\/v2\/product_cat?post=25673"},{"taxonomy":"product_tag","embeddable":true,"href":"https:\/\/inforest.com.ar\/ibe\/wp-json\/wp\/v2\/product_tag?post=25673"}],"curies":[{"name":"wp","href":"https:\/\/api.w.org\/{rel}","templated":true}]}}