{"id":25637,"date":"2022-12-29T05:13:32","date_gmt":"2022-12-29T05:13:32","guid":{"rendered":"https:\/\/inforest.com.ar\/producto\/hacha-filo-punta-con-cabo-de-fibra-de-vidrio\/"},"modified":"2024-10-17T19:19:42","modified_gmt":"2024-10-17T22:19:42","slug":"hacha-filo-punta-con-cabo-de-fibra-de-vidrio","status":"publish","type":"product","link":"https:\/\/inforest.com.ar\/ibe\/producto\/hacha-filo-punta-con-cabo-de-fibra-de-vidrio\/","title":{"rendered":"Hacha filo punta con cabo de fibra de vidrio"},"content":{"rendered":"<p><span style=\"font-weight: 400;\">El hacha Filo-Punta es una de las herramientas m\u00e1s efectivas utilizadas por el personal de bomberos. Su construcci\u00f3n se realiza en acero forjado tratado t\u00e9rmicamente para darle dureza en el exterior del filo.<\/span><\/p>\n","protected":false},"excerpt":{"rendered":"<p><span style=\"font-weight: 400;\">Elemento seguro y fundamental para el ingreso a construcciones en llamas<\/span><\/p>\n","protected":false},"featured_media":25638,"comment_status":"open","ping_status":"closed","template":"","meta":{"_acf_changed":false},"product_brand":[],"product_cat":[706,699],"product_tag":[],"class_list":{"0":"post-25637","1":"product","2":"type-product","3":"status-publish","4":"has-post-thumbnail","6":"product_cat-herramientas-est-ibe","7":"product_cat-incendio-estructural-ibe","9":"first","10":"instock","11":"shipping-taxable","12":"product-type-simple"},"acf":[],"yoast_head":"<!-- This site is optimized with the Yoast SEO plugin v27.0 - https:\/\/yoast.com\/product\/yoast-seo-wordpress\/ -->\n<title>Hacha filo punta con cabo de fibra de vidrio - Inforest<\/title>\n<meta name=\"robots\" content=\"index, follow, max-snippet:-1, max-image-preview:large, max-video-preview:-1\" \/>\n<link rel=\"canonical\" href=\"https:\/\/inforest.com.ar\/ibe\/producto\/hacha-filo-punta-con-cabo-de-fibra-de-vidrio\/\" \/>\n<meta property=\"og:locale\" content=\"es_ES\" \/>\n<meta property=\"og:type\" content=\"article\" \/>\n<meta property=\"og:title\" content=\"Hacha filo punta con cabo de fibra de vidrio - Inforest\" \/>\n<meta property=\"og:description\" content=\"Elemento seguro y fundamental para el ingreso a construcciones en llamas\" \/>\n<meta property=\"og:url\" content=\"https:\/\/inforest.com.ar\/ibe\/producto\/hacha-filo-punta-con-cabo-de-fibra-de-vidrio\/\" \/>\n<meta property=\"og:site_name\" content=\"Inforest\" \/>\n<meta property=\"article:modified_time\" content=\"2024-10-17T22:19:42+00:00\" \/>\n<meta property=\"og:image\" content=\"https:\/\/inforest.com.ar\/wp-content\/uploads\/2022\/12\/Diseno-sin-titulo-2022-12-29T021045.104.png\" \/>\n\t<meta property=\"og:image:width\" content=\"1000\" \/>\n\t<meta property=\"og:image:height\" content=\"1000\" \/>\n\t<meta property=\"og:image:type\" content=\"image\/png\" \/>\n<meta name=\"twitter:card\" content=\"summary_large_image\" \/>\n<meta name=\"twitter:label1\" content=\"Est. reading time\" \/>\n\t<meta name=\"twitter:data1\" content=\"1 minute\" \/>\n<script type=\"application\/ld+json\" class=\"yoast-schema-graph\">{\"@context\":\"https:\/\/schema.org\",\"@graph\":[{\"@type\":\"WebPage\",\"@id\":\"https:\/\/inforest.com.ar\/ibe\/producto\/hacha-filo-punta-con-cabo-de-fibra-de-vidrio\/\",\"url\":\"https:\/\/inforest.com.ar\/ibe\/producto\/hacha-filo-punta-con-cabo-de-fibra-de-vidrio\/\",\"name\":\"Hacha filo punta con cabo de fibra de vidrio - Inforest\",\"isPartOf\":{\"@id\":\"https:\/\/inforest.com.ar\/#website\"},\"primaryImageOfPage\":{\"@id\":\"https:\/\/inforest.com.ar\/ibe\/producto\/hacha-filo-punta-con-cabo-de-fibra-de-vidrio\/#primaryimage\"},\"image\":{\"@id\":\"https:\/\/inforest.com.ar\/ibe\/producto\/hacha-filo-punta-con-cabo-de-fibra-de-vidrio\/#primaryimage\"},\"thumbnailUrl\":\"https:\/\/inforest.com.ar\/wp-content\/uploads\/2022\/12\/Diseno-sin-titulo-2022-12-29T021045.104.png\",\"datePublished\":\"2022-12-29T05:13:32+00:00\",\"dateModified\":\"2024-10-17T22:19:42+00:00\",\"breadcrumb\":{\"@id\":\"https:\/\/inforest.com.ar\/ibe\/producto\/hacha-filo-punta-con-cabo-de-fibra-de-vidrio\/#breadcrumb\"},\"inLanguage\":\"es-IBE\",\"potentialAction\":[{\"@type\":\"ReadAction\",\"target\":[\"https:\/\/inforest.com.ar\/ibe\/producto\/hacha-filo-punta-con-cabo-de-fibra-de-vidrio\/\"]}]},{\"@type\":\"ImageObject\",\"inLanguage\":\"es-IBE\",\"@id\":\"https:\/\/inforest.com.ar\/ibe\/producto\/hacha-filo-punta-con-cabo-de-fibra-de-vidrio\/#primaryimage\",\"url\":\"https:\/\/inforest.com.ar\/wp-content\/uploads\/2022\/12\/Diseno-sin-titulo-2022-12-29T021045.104.png\",\"contentUrl\":\"https:\/\/inforest.com.ar\/wp-content\/uploads\/2022\/12\/Diseno-sin-titulo-2022-12-29T021045.104.png\",\"width\":1000,\"height\":1000},{\"@type\":\"BreadcrumbList\",\"@id\":\"https:\/\/inforest.com.ar\/ibe\/producto\/hacha-filo-punta-con-cabo-de-fibra-de-vidrio\/#breadcrumb\",\"itemListElement\":[{\"@type\":\"ListItem\",\"position\":1,\"name\":\"Portada\",\"item\":\"https:\/\/inforest.com.ar\/ibe\/\"},{\"@type\":\"ListItem\",\"position\":2,\"name\":\"Hacha filo punta con cabo de fibra de vidrio\"}]},{\"@type\":\"WebSite\",\"@id\":\"https:\/\/inforest.com.ar\/#website\",\"url\":\"https:\/\/inforest.com.ar\/\",\"name\":\"Inforest\",\"description\":\"L\u00edderes en Equipamientos para Incendios Forestales\",\"publisher\":{\"@id\":\"https:\/\/inforest.com.ar\/#organization\"},\"potentialAction\":[{\"@type\":\"SearchAction\",\"target\":{\"@type\":\"EntryPoint\",\"urlTemplate\":\"https:\/\/inforest.com.ar\/?s={search_term_string}\"},\"query-input\":{\"@type\":\"PropertyValueSpecification\",\"valueRequired\":true,\"valueName\":\"search_term_string\"}}],\"inLanguage\":\"es-IBE\"},{\"@type\":\"Organization\",\"@id\":\"https:\/\/inforest.com.ar\/#organization\",\"name\":\"Inforest\",\"url\":\"https:\/\/inforest.com.ar\/\",\"logo\":{\"@type\":\"ImageObject\",\"inLanguage\":\"es-IBE\",\"@id\":\"https:\/\/inforest.com.ar\/#\/schema\/logo\/image\/\",\"url\":\"https:\/\/inforest.com.ar\/wp-content\/uploads\/2022\/05\/logoinfo.svg\",\"contentUrl\":\"https:\/\/inforest.com.ar\/wp-content\/uploads\/2022\/05\/logoinfo.svg\",\"width\":118,\"height\":20,\"caption\":\"Inforest\"},\"image\":{\"@id\":\"https:\/\/inforest.com.ar\/#\/schema\/logo\/image\/\"}}]}<\/script>\n<!-- \/ Yoast SEO plugin. -->","yoast_head_json":{"title":"Hacha filo punta con cabo de fibra de vidrio - Inforest","robots":{"index":"index","follow":"follow","max-snippet":"max-snippet:-1","max-image-preview":"max-image-preview:large","max-video-preview":"max-video-preview:-1"},"canonical":"https:\/\/inforest.com.ar\/ibe\/producto\/hacha-filo-punta-con-cabo-de-fibra-de-vidrio\/","og_locale":"es_ES","og_type":"article","og_title":"Hacha filo punta con cabo de fibra de vidrio - Inforest","og_description":"Elemento seguro y fundamental para el ingreso a construcciones en llamas","og_url":"https:\/\/inforest.com.ar\/ibe\/producto\/hacha-filo-punta-con-cabo-de-fibra-de-vidrio\/","og_site_name":"Inforest","article_modified_time":"2024-10-17T22:19:42+00:00","og_image":[{"width":1000,"height":1000,"url":"https:\/\/inforest.com.ar\/wp-content\/uploads\/2022\/12\/Diseno-sin-titulo-2022-12-29T021045.104.png","type":"image\/png"}],"twitter_card":"summary_large_image","twitter_misc":{"Est. reading time":"1 minute"},"schema":{"@context":"https:\/\/schema.org","@graph":[{"@type":"WebPage","@id":"https:\/\/inforest.com.ar\/ibe\/producto\/hacha-filo-punta-con-cabo-de-fibra-de-vidrio\/","url":"https:\/\/inforest.com.ar\/ibe\/producto\/hacha-filo-punta-con-cabo-de-fibra-de-vidrio\/","name":"Hacha filo punta con cabo de fibra de vidrio - Inforest","isPartOf":{"@id":"https:\/\/inforest.com.ar\/#website"},"primaryImageOfPage":{"@id":"https:\/\/inforest.com.ar\/ibe\/producto\/hacha-filo-punta-con-cabo-de-fibra-de-vidrio\/#primaryimage"},"image":{"@id":"https:\/\/inforest.com.ar\/ibe\/producto\/hacha-filo-punta-con-cabo-de-fibra-de-vidrio\/#primaryimage"},"thumbnailUrl":"https:\/\/inforest.com.ar\/wp-content\/uploads\/2022\/12\/Diseno-sin-titulo-2022-12-29T021045.104.png","datePublished":"2022-12-29T05:13:32+00:00","dateModified":"2024-10-17T22:19:42+00:00","breadcrumb":{"@id":"https:\/\/inforest.com.ar\/ibe\/producto\/hacha-filo-punta-con-cabo-de-fibra-de-vidrio\/#breadcrumb"},"inLanguage":"es-IBE","potentialAction":[{"@type":"ReadAction","target":["https:\/\/inforest.com.ar\/ibe\/producto\/hacha-filo-punta-con-cabo-de-fibra-de-vidrio\/"]}]},{"@type":"ImageObject","inLanguage":"es-IBE","@id":"https:\/\/inforest.com.ar\/ibe\/producto\/hacha-filo-punta-con-cabo-de-fibra-de-vidrio\/#primaryimage","url":"https:\/\/inforest.com.ar\/wp-content\/uploads\/2022\/12\/Diseno-sin-titulo-2022-12-29T021045.104.png","contentUrl":"https:\/\/inforest.com.ar\/wp-content\/uploads\/2022\/12\/Diseno-sin-titulo-2022-12-29T021045.104.png","width":1000,"height":1000},{"@type":"BreadcrumbList","@id":"https:\/\/inforest.com.ar\/ibe\/producto\/hacha-filo-punta-con-cabo-de-fibra-de-vidrio\/#breadcrumb","itemListElement":[{"@type":"ListItem","position":1,"name":"Portada","item":"https:\/\/inforest.com.ar\/ibe\/"},{"@type":"ListItem","position":2,"name":"Hacha filo punta con cabo de fibra de vidrio"}]},{"@type":"WebSite","@id":"https:\/\/inforest.com.ar\/#website","url":"https:\/\/inforest.com.ar\/","name":"Inforest","description":"L\u00edderes en Equipamientos para Incendios Forestales","publisher":{"@id":"https:\/\/inforest.com.ar\/#organization"},"potentialAction":[{"@type":"SearchAction","target":{"@type":"EntryPoint","urlTemplate":"https:\/\/inforest.com.ar\/?s={search_term_string}"},"query-input":{"@type":"PropertyValueSpecification","valueRequired":true,"valueName":"search_term_string"}}],"inLanguage":"es-IBE"},{"@type":"Organization","@id":"https:\/\/inforest.com.ar\/#organization","name":"Inforest","url":"https:\/\/inforest.com.ar\/","logo":{"@type":"ImageObject","inLanguage":"es-IBE","@id":"https:\/\/inforest.com.ar\/#\/schema\/logo\/image\/","url":"https:\/\/inforest.com.ar\/wp-content\/uploads\/2022\/05\/logoinfo.svg","contentUrl":"https:\/\/inforest.com.ar\/wp-content\/uploads\/2022\/05\/logoinfo.svg","width":118,"height":20,"caption":"Inforest"},"image":{"@id":"https:\/\/inforest.com.ar\/#\/schema\/logo\/image\/"}}]}},"ficha_tecnica":"https:\/\/inforest.com.ar\/wp-content\/uploads\/2022\/12\/Hacha-Filo-Punta-con-cabo-de-fibra-de-vidrio.pdf","_links":{"self":[{"href":"https:\/\/inforest.com.ar\/ibe\/wp-json\/wp\/v2\/product\/25637","targetHints":{"allow":["GET"]}}],"collection":[{"href":"https:\/\/inforest.com.ar\/ibe\/wp-json\/wp\/v2\/product"}],"about":[{"href":"https:\/\/inforest.com.ar\/ibe\/wp-json\/wp\/v2\/types\/product"}],"replies":[{"embeddable":true,"href":"https:\/\/inforest.com.ar\/ibe\/wp-json\/wp\/v2\/comments?post=25637"}],"wp:featuredmedia":[{"embeddable":true,"href":"https:\/\/inforest.com.ar\/ibe\/wp-json\/wp\/v2\/media\/25638"}],"wp:attachment":[{"href":"https:\/\/inforest.com.ar\/ibe\/wp-json\/wp\/v2\/media?parent=25637"}],"wp:term":[{"taxonomy":"product_brand","embeddable":true,"href":"https:\/\/inforest.com.ar\/ibe\/wp-json\/wp\/v2\/product_brand?post=25637"},{"taxonomy":"product_cat","embeddable":true,"href":"https:\/\/inforest.com.ar\/ibe\/wp-json\/wp\/v2\/product_cat?post=25637"},{"taxonomy":"product_tag","embeddable":true,"href":"https:\/\/inforest.com.ar\/ibe\/wp-json\/wp\/v2\/product_tag?post=25637"}],"curies":[{"name":"wp","href":"https:\/\/api.w.org\/{rel}","templated":true}]}}