{"id":25551,"date":"2022-11-08T02:06:51","date_gmt":"2022-11-08T02:06:51","guid":{"rendered":"https:\/\/inforest.com.ar\/producto\/pulaski-con-cabo-de-fibra-de-vidrio\/"},"modified":"2024-06-25T17:34:58","modified_gmt":"2024-06-25T20:34:58","slug":"pulaski-con-cabo-de-fibra-de-vidrio","status":"publish","type":"product","link":"https:\/\/inforest.com.ar\/ibe\/producto\/pulaski-con-cabo-de-fibra-de-vidrio\/","title":{"rendered":"Pulaski con cabo de fibra de vidrio"},"content":{"rendered":"<p><span style=\"font-weight: 400;\">Herramienta de mano vers\u00e1til, dise\u00f1ada para la construcci\u00f3n de contrafuegos. Combina una azada y un hacha para cavar, raspar suelos y abrir l\u00edneas de vegetaci\u00f3n.<\/span><\/p>\n","protected":false},"excerpt":{"rendered":"<p><span style=\"font-weight: 400;\">Herramienta elemental para la lucha contra incendios forestales <\/span><\/p>\n","protected":false},"featured_media":12722,"comment_status":"open","ping_status":"closed","template":"","meta":{"_acf_changed":false},"product_brand":[],"product_cat":[698,700],"product_tag":[],"class_list":{"0":"post-25551","1":"product","2":"type-product","3":"status-publish","4":"has-post-thumbnail","6":"product_cat-herramientas-ibe","7":"product_cat-incendio-forestal-ibe","9":"first","10":"instock","11":"shipping-taxable","12":"product-type-simple"},"acf":[],"yoast_head":"<!-- This site is optimized with the Yoast SEO plugin v27.0 - https:\/\/yoast.com\/product\/yoast-seo-wordpress\/ -->\n<title>Pulaski con cabo de fibra de vidrio - Inforest<\/title>\n<meta name=\"robots\" content=\"index, follow, max-snippet:-1, max-image-preview:large, max-video-preview:-1\" \/>\n<link rel=\"canonical\" href=\"https:\/\/inforest.com.ar\/ibe\/producto\/pulaski-con-cabo-de-fibra-de-vidrio\/\" \/>\n<meta property=\"og:locale\" content=\"es_ES\" \/>\n<meta property=\"og:type\" content=\"article\" \/>\n<meta property=\"og:title\" content=\"Pulaski con cabo de fibra de vidrio - Inforest\" \/>\n<meta property=\"og:description\" content=\"Herramienta elemental para la lucha contra incendios forestales\" \/>\n<meta property=\"og:url\" content=\"https:\/\/inforest.com.ar\/ibe\/producto\/pulaski-con-cabo-de-fibra-de-vidrio\/\" \/>\n<meta property=\"og:site_name\" content=\"Inforest\" \/>\n<meta property=\"article:modified_time\" content=\"2024-06-25T20:34:58+00:00\" \/>\n<meta property=\"og:image\" content=\"https:\/\/inforest.com.ar\/wp-content\/uploads\/2022\/11\/Diseno-sin-titulo-2023-02-01T125508.026.png\" \/>\n\t<meta property=\"og:image:width\" content=\"1000\" \/>\n\t<meta property=\"og:image:height\" content=\"1000\" \/>\n\t<meta property=\"og:image:type\" content=\"image\/png\" \/>\n<meta name=\"twitter:card\" content=\"summary_large_image\" \/>\n<meta name=\"twitter:label1\" content=\"Est. reading time\" \/>\n\t<meta name=\"twitter:data1\" content=\"1 minute\" \/>\n<script type=\"application\/ld+json\" class=\"yoast-schema-graph\">{\"@context\":\"https:\/\/schema.org\",\"@graph\":[{\"@type\":\"WebPage\",\"@id\":\"https:\/\/inforest.com.ar\/ibe\/producto\/pulaski-con-cabo-de-fibra-de-vidrio\/\",\"url\":\"https:\/\/inforest.com.ar\/ibe\/producto\/pulaski-con-cabo-de-fibra-de-vidrio\/\",\"name\":\"Pulaski con cabo de fibra de vidrio - Inforest\",\"isPartOf\":{\"@id\":\"https:\/\/inforest.com.ar\/#website\"},\"primaryImageOfPage\":{\"@id\":\"https:\/\/inforest.com.ar\/ibe\/producto\/pulaski-con-cabo-de-fibra-de-vidrio\/#primaryimage\"},\"image\":{\"@id\":\"https:\/\/inforest.com.ar\/ibe\/producto\/pulaski-con-cabo-de-fibra-de-vidrio\/#primaryimage\"},\"thumbnailUrl\":\"https:\/\/inforest.com.ar\/wp-content\/uploads\/2022\/11\/Diseno-sin-titulo-2023-02-01T125508.026.png\",\"datePublished\":\"2022-11-08T02:06:51+00:00\",\"dateModified\":\"2024-06-25T20:34:58+00:00\",\"breadcrumb\":{\"@id\":\"https:\/\/inforest.com.ar\/ibe\/producto\/pulaski-con-cabo-de-fibra-de-vidrio\/#breadcrumb\"},\"inLanguage\":\"es-IBE\",\"potentialAction\":[{\"@type\":\"ReadAction\",\"target\":[\"https:\/\/inforest.com.ar\/ibe\/producto\/pulaski-con-cabo-de-fibra-de-vidrio\/\"]}]},{\"@type\":\"ImageObject\",\"inLanguage\":\"es-IBE\",\"@id\":\"https:\/\/inforest.com.ar\/ibe\/producto\/pulaski-con-cabo-de-fibra-de-vidrio\/#primaryimage\",\"url\":\"https:\/\/inforest.com.ar\/wp-content\/uploads\/2022\/11\/Diseno-sin-titulo-2023-02-01T125508.026.png\",\"contentUrl\":\"https:\/\/inforest.com.ar\/wp-content\/uploads\/2022\/11\/Diseno-sin-titulo-2023-02-01T125508.026.png\",\"width\":1000,\"height\":1000},{\"@type\":\"BreadcrumbList\",\"@id\":\"https:\/\/inforest.com.ar\/ibe\/producto\/pulaski-con-cabo-de-fibra-de-vidrio\/#breadcrumb\",\"itemListElement\":[{\"@type\":\"ListItem\",\"position\":1,\"name\":\"Portada\",\"item\":\"https:\/\/inforest.com.ar\/ibe\/\"},{\"@type\":\"ListItem\",\"position\":2,\"name\":\"Pulaski con cabo de fibra de vidrio\"}]},{\"@type\":\"WebSite\",\"@id\":\"https:\/\/inforest.com.ar\/#website\",\"url\":\"https:\/\/inforest.com.ar\/\",\"name\":\"Inforest\",\"description\":\"L\u00edderes en Equipamientos para Incendios Forestales\",\"publisher\":{\"@id\":\"https:\/\/inforest.com.ar\/#organization\"},\"potentialAction\":[{\"@type\":\"SearchAction\",\"target\":{\"@type\":\"EntryPoint\",\"urlTemplate\":\"https:\/\/inforest.com.ar\/?s={search_term_string}\"},\"query-input\":{\"@type\":\"PropertyValueSpecification\",\"valueRequired\":true,\"valueName\":\"search_term_string\"}}],\"inLanguage\":\"es-IBE\"},{\"@type\":\"Organization\",\"@id\":\"https:\/\/inforest.com.ar\/#organization\",\"name\":\"Inforest\",\"url\":\"https:\/\/inforest.com.ar\/\",\"logo\":{\"@type\":\"ImageObject\",\"inLanguage\":\"es-IBE\",\"@id\":\"https:\/\/inforest.com.ar\/#\/schema\/logo\/image\/\",\"url\":\"https:\/\/inforest.com.ar\/wp-content\/uploads\/2022\/05\/logoinfo.svg\",\"contentUrl\":\"https:\/\/inforest.com.ar\/wp-content\/uploads\/2022\/05\/logoinfo.svg\",\"width\":118,\"height\":20,\"caption\":\"Inforest\"},\"image\":{\"@id\":\"https:\/\/inforest.com.ar\/#\/schema\/logo\/image\/\"}}]}<\/script>\n<!-- \/ Yoast SEO plugin. -->","yoast_head_json":{"title":"Pulaski con cabo de fibra de vidrio - Inforest","robots":{"index":"index","follow":"follow","max-snippet":"max-snippet:-1","max-image-preview":"max-image-preview:large","max-video-preview":"max-video-preview:-1"},"canonical":"https:\/\/inforest.com.ar\/ibe\/producto\/pulaski-con-cabo-de-fibra-de-vidrio\/","og_locale":"es_ES","og_type":"article","og_title":"Pulaski con cabo de fibra de vidrio - Inforest","og_description":"Herramienta elemental para la lucha contra incendios forestales","og_url":"https:\/\/inforest.com.ar\/ibe\/producto\/pulaski-con-cabo-de-fibra-de-vidrio\/","og_site_name":"Inforest","article_modified_time":"2024-06-25T20:34:58+00:00","og_image":[{"width":1000,"height":1000,"url":"https:\/\/inforest.com.ar\/wp-content\/uploads\/2022\/11\/Diseno-sin-titulo-2023-02-01T125508.026.png","type":"image\/png"}],"twitter_card":"summary_large_image","twitter_misc":{"Est. reading time":"1 minute"},"schema":{"@context":"https:\/\/schema.org","@graph":[{"@type":"WebPage","@id":"https:\/\/inforest.com.ar\/ibe\/producto\/pulaski-con-cabo-de-fibra-de-vidrio\/","url":"https:\/\/inforest.com.ar\/ibe\/producto\/pulaski-con-cabo-de-fibra-de-vidrio\/","name":"Pulaski con cabo de fibra de vidrio - Inforest","isPartOf":{"@id":"https:\/\/inforest.com.ar\/#website"},"primaryImageOfPage":{"@id":"https:\/\/inforest.com.ar\/ibe\/producto\/pulaski-con-cabo-de-fibra-de-vidrio\/#primaryimage"},"image":{"@id":"https:\/\/inforest.com.ar\/ibe\/producto\/pulaski-con-cabo-de-fibra-de-vidrio\/#primaryimage"},"thumbnailUrl":"https:\/\/inforest.com.ar\/wp-content\/uploads\/2022\/11\/Diseno-sin-titulo-2023-02-01T125508.026.png","datePublished":"2022-11-08T02:06:51+00:00","dateModified":"2024-06-25T20:34:58+00:00","breadcrumb":{"@id":"https:\/\/inforest.com.ar\/ibe\/producto\/pulaski-con-cabo-de-fibra-de-vidrio\/#breadcrumb"},"inLanguage":"es-IBE","potentialAction":[{"@type":"ReadAction","target":["https:\/\/inforest.com.ar\/ibe\/producto\/pulaski-con-cabo-de-fibra-de-vidrio\/"]}]},{"@type":"ImageObject","inLanguage":"es-IBE","@id":"https:\/\/inforest.com.ar\/ibe\/producto\/pulaski-con-cabo-de-fibra-de-vidrio\/#primaryimage","url":"https:\/\/inforest.com.ar\/wp-content\/uploads\/2022\/11\/Diseno-sin-titulo-2023-02-01T125508.026.png","contentUrl":"https:\/\/inforest.com.ar\/wp-content\/uploads\/2022\/11\/Diseno-sin-titulo-2023-02-01T125508.026.png","width":1000,"height":1000},{"@type":"BreadcrumbList","@id":"https:\/\/inforest.com.ar\/ibe\/producto\/pulaski-con-cabo-de-fibra-de-vidrio\/#breadcrumb","itemListElement":[{"@type":"ListItem","position":1,"name":"Portada","item":"https:\/\/inforest.com.ar\/ibe\/"},{"@type":"ListItem","position":2,"name":"Pulaski con cabo de fibra de vidrio"}]},{"@type":"WebSite","@id":"https:\/\/inforest.com.ar\/#website","url":"https:\/\/inforest.com.ar\/","name":"Inforest","description":"L\u00edderes en Equipamientos para Incendios Forestales","publisher":{"@id":"https:\/\/inforest.com.ar\/#organization"},"potentialAction":[{"@type":"SearchAction","target":{"@type":"EntryPoint","urlTemplate":"https:\/\/inforest.com.ar\/?s={search_term_string}"},"query-input":{"@type":"PropertyValueSpecification","valueRequired":true,"valueName":"search_term_string"}}],"inLanguage":"es-IBE"},{"@type":"Organization","@id":"https:\/\/inforest.com.ar\/#organization","name":"Inforest","url":"https:\/\/inforest.com.ar\/","logo":{"@type":"ImageObject","inLanguage":"es-IBE","@id":"https:\/\/inforest.com.ar\/#\/schema\/logo\/image\/","url":"https:\/\/inforest.com.ar\/wp-content\/uploads\/2022\/05\/logoinfo.svg","contentUrl":"https:\/\/inforest.com.ar\/wp-content\/uploads\/2022\/05\/logoinfo.svg","width":118,"height":20,"caption":"Inforest"},"image":{"@id":"https:\/\/inforest.com.ar\/#\/schema\/logo\/image\/"}}]}},"ficha_tecnica":"https:\/\/inforest.com.ar\/wp-content\/uploads\/2022\/11\/Pulaski-con-cabo-de-vidrio.pdf","_links":{"self":[{"href":"https:\/\/inforest.com.ar\/ibe\/wp-json\/wp\/v2\/product\/25551","targetHints":{"allow":["GET"]}}],"collection":[{"href":"https:\/\/inforest.com.ar\/ibe\/wp-json\/wp\/v2\/product"}],"about":[{"href":"https:\/\/inforest.com.ar\/ibe\/wp-json\/wp\/v2\/types\/product"}],"replies":[{"embeddable":true,"href":"https:\/\/inforest.com.ar\/ibe\/wp-json\/wp\/v2\/comments?post=25551"}],"wp:featuredmedia":[{"embeddable":true,"href":"https:\/\/inforest.com.ar\/ibe\/wp-json\/wp\/v2\/media\/12722"}],"wp:attachment":[{"href":"https:\/\/inforest.com.ar\/ibe\/wp-json\/wp\/v2\/media?parent=25551"}],"wp:term":[{"taxonomy":"product_brand","embeddable":true,"href":"https:\/\/inforest.com.ar\/ibe\/wp-json\/wp\/v2\/product_brand?post=25551"},{"taxonomy":"product_cat","embeddable":true,"href":"https:\/\/inforest.com.ar\/ibe\/wp-json\/wp\/v2\/product_cat?post=25551"},{"taxonomy":"product_tag","embeddable":true,"href":"https:\/\/inforest.com.ar\/ibe\/wp-json\/wp\/v2\/product_tag?post=25551"}],"curies":[{"name":"wp","href":"https:\/\/api.w.org\/{rel}","templated":true}]}}