{"id":8644,"date":"2021-02-12T18:44:20","date_gmt":"2021-02-12T18:44:20","guid":{"rendered":"https:\/\/www.inforest.com.ar\/devsite\/historias-de-fuego-mujeres-que-inspiran\/"},"modified":"2023-01-13T17:23:27","modified_gmt":"2023-01-13T17:23:27","slug":"historias-de-fuego-mujeres-que-inspiran","status":"publish","type":"page","link":"https:\/\/inforest.com.ar\/ibe\/historias-de-fuego-mujeres-que-inspiran\/","title":{"rendered":"Historias de Fuego, Mujeres que inspiran"},"content":{"rendered":"\r\n<figure class=\"wp-block-image size-large\"><img fetchpriority=\"high\" decoding=\"async\" width=\"1024\" height=\"546\" class=\"wp-image-4868\" src=\"https:\/\/www.inforest.com.ar\/wp-content\/uploads\/2021\/02\/inforest_horizontales-01-1024x546.png\" alt=\"\" srcset=\"https:\/\/inforest.com.ar\/wp-content\/uploads\/2021\/02\/inforest_horizontales-01-1024x546.png 1024w, https:\/\/inforest.com.ar\/wp-content\/uploads\/2021\/02\/inforest_horizontales-01-600x320.png 600w, https:\/\/inforest.com.ar\/wp-content\/uploads\/2021\/02\/inforest_horizontales-01-300x160.png 300w, https:\/\/inforest.com.ar\/wp-content\/uploads\/2021\/02\/inforest_horizontales-01-768x410.png 768w, https:\/\/inforest.com.ar\/wp-content\/uploads\/2021\/02\/inforest_horizontales-01.png 1200w\" sizes=\"(max-width: 1024px) 100vw, 1024px\" \/><\/figure>\r\n\r\n\r\n\r\n<div class=\"wp-block-spacer\" style=\"height: 35px;\" aria-hidden=\"true\">\u00a0<\/div>\r\n\r\n\r\n\r\n\n<div class=\"wpcf7 no-js\" id=\"wpcf7-f4861-o1\" lang=\"es-ES\" dir=\"ltr\" data-wpcf7-id=\"4861\">\n<div class=\"screen-reader-response\"><p role=\"status\" aria-live=\"polite\" aria-atomic=\"true\"><\/p> <ul><\/ul><\/div>\n<form action=\"\/ibe\/wp-json\/wp\/v2\/pages\/8644#wpcf7-f4861-o1\" method=\"post\" class=\"wpcf7-form init use-floating-validation-tip\" aria-label=\"Contact form\" novalidate=\"novalidate\" data-status=\"init\">\n<fieldset class=\"hidden-fields-container\"><input type=\"hidden\" name=\"_wpcf7\" value=\"4861\" \/><input type=\"hidden\" name=\"_wpcf7_version\" value=\"6.1.5\" \/><input type=\"hidden\" name=\"_wpcf7_locale\" value=\"es_ES\" \/><input type=\"hidden\" name=\"_wpcf7_unit_tag\" value=\"wpcf7-f4861-o1\" \/><input type=\"hidden\" name=\"_wpcf7_container_post\" value=\"0\" \/><input type=\"hidden\" name=\"_wpcf7_posted_data_hash\" value=\"\" \/><input type=\"hidden\" name=\"_wpcf7cf_hidden_group_fields\" value=\"[]\" \/><input type=\"hidden\" name=\"_wpcf7cf_hidden_groups\" value=\"[]\" \/><input type=\"hidden\" name=\"_wpcf7cf_visible_groups\" value=\"[]\" \/><input type=\"hidden\" name=\"_wpcf7cf_repeaters\" value=\"[]\" \/><input type=\"hidden\" name=\"_wpcf7cf_steps\" value=\"{}\" \/><input type=\"hidden\" name=\"_wpcf7cf_options\" value=\"{&quot;form_id&quot;:4861,&quot;conditions&quot;:[],&quot;settings&quot;:{&quot;animation&quot;:&quot;yes&quot;,&quot;animation_intime&quot;:200,&quot;animation_outtime&quot;:200,&quot;conditions_ui&quot;:&quot;normal&quot;,&quot;notice_dismissed&quot;:false}}\" \/><input type=\"hidden\" name=\"_wpcf7dtx_version\" value=\"5.0.5\" \/>\n<\/fieldset>\n<div class=\"row form-vertical\">\n\t<div class=\"form-group col-12 col-sm-12 col-lg-12\">\n\t\t<p><label>Nombre y Apellido de la bombera\/brigadista a destacar *:<br \/>\n<span class=\"wpcf7-form-control-wrap\" data-name=\"nombre\"><input size=\"40\" maxlength=\"400\" class=\"wpcf7-form-control wpcf7-text wpcf7-validates-as-required form-control gray\" aria-required=\"true\" aria-invalid=\"false\" value=\"\" type=\"text\" name=\"nombre\" \/><\/span><\/label>\n\t\t<\/p>\n\t<\/div>\n\t<div class=\"form-group col-12 col-sm-12 col-lg-6\">\n\t\t<p><label>Fecha de Nacimiento *:<br \/>\n<span class=\"wpcf7-form-control-wrap\" data-name=\"fecha-nacimiento\"><input class=\"wpcf7-form-control wpcf7-date wpcf7-validates-as-required wpcf7-validates-as-date form-control gray\" aria-required=\"true\" aria-invalid=\"false\" value=\"\" type=\"date\" name=\"fecha-nacimiento\" \/><\/span><\/label>\n\t\t<\/p>\n\t<\/div>\n\t<div class=\"form-group col-12 col-sm-12 col-lg-6\">\n\t\t<p><label>Lugar de residencia (Localidad y Provincia) *:<br \/>\n<span class=\"wpcf7-form-control-wrap\" data-name=\"residencia\"><input size=\"40\" maxlength=\"400\" class=\"wpcf7-form-control wpcf7-text wpcf7-validates-as-required form-control gray\" aria-required=\"true\" aria-invalid=\"false\" value=\"\" type=\"text\" name=\"residencia\" \/><\/span><br \/>\n<\/label>\n\t\t<\/p>\n\t<\/div>\n\t<div class=\"form-group col-12 col-sm-12 col-lg-6\">\n\t\t<p><label>Cuartel de pertenencia *:<br \/>\n<span class=\"wpcf7-form-control-wrap\" data-name=\"cuartel\"><input size=\"40\" maxlength=\"400\" class=\"wpcf7-form-control wpcf7-text wpcf7-validates-as-required form-control gray\" aria-required=\"true\" aria-invalid=\"false\" value=\"\" type=\"text\" name=\"cuartel\" \/><\/span><br \/>\n<\/label>\n\t\t<\/p>\n\t<\/div>\n\t<div class=\"form-group col-12 col-sm-12 col-lg-6\">\n\t\t<p><label>Cargo *:<br \/>\n<span class=\"wpcf7-form-control-wrap\" data-name=\"cargo\"><input size=\"40\" maxlength=\"400\" class=\"wpcf7-form-control wpcf7-text wpcf7-validates-as-required form-control gray\" aria-required=\"true\" aria-invalid=\"false\" value=\"\" type=\"text\" name=\"cargo\" \/><\/span><br \/>\n<\/label>\n\t\t<\/p>\n\t<\/div>\n\t<div class=\"form-group col-12 col-sm-6 col-lg-6\">\n\t\t<p><label>Tel\u00e9fono *:<br \/>\n<span class=\"wpcf7-form-control-wrap\" data-name=\"telefono\"><input size=\"40\" maxlength=\"400\" class=\"wpcf7-form-control wpcf7-text wpcf7-validates-as-required form-control gray\" aria-required=\"true\" aria-invalid=\"false\" value=\"\" type=\"text\" name=\"telefono\" \/><\/span><br \/>\n<\/label>\n\t\t<\/p>\n\t<\/div>\n\t<div class=\"form-group col-12 col-sm-6 col-lg-6\">\n\t\t<p><label> E-mail *:<br \/>\n<span class=\"wpcf7-form-control-wrap\" data-name=\"email\"><input size=\"40\" maxlength=\"400\" class=\"wpcf7-form-control wpcf7-email wpcf7-validates-as-required wpcf7-text wpcf7-validates-as-email form-control gray\" aria-required=\"true\" aria-invalid=\"false\" value=\"\" type=\"email\" name=\"email\" \/><\/span><br \/>\n<\/label>\n\t\t<\/p>\n\t<\/div>\n\t<div class=\"form-group col-12 col-sm-6 col-lg-6\">\n\t\t<p><label> Link del perfil de Facebook:<br \/>\n<span class=\"wpcf7-form-control-wrap\" data-name=\"facebook\"><input size=\"40\" maxlength=\"400\" class=\"wpcf7-form-control wpcf7-text form-control gray\" aria-invalid=\"false\" value=\"\" type=\"text\" name=\"facebook\" \/><\/span><br \/>\n<\/label>\n\t\t<\/p>\n\t<\/div>\n\t<div class=\"form-group col-12 col-sm-6 col-lg-6\">\n\t\t<p><label> Link del perfil de Instagram:<br \/>\n<span class=\"wpcf7-form-control-wrap\" data-name=\"instagram\"><input size=\"40\" maxlength=\"400\" class=\"wpcf7-form-control wpcf7-text form-control gray\" aria-invalid=\"false\" value=\"\" type=\"text\" name=\"instagram\" \/><\/span><br \/>\n<\/label>\n\t\t<\/p>\n\t<\/div>\n\t<div class=\"col-lg-12\">\n\t\t<h4 class=\"mb-4 mt-1\">Contanos por qu\u00e9 consideras que tu candidata se destaca en su labor*:\n\t\t<\/h4>\n\t<\/div>\n\t<div class=\"form-group col-lg-12\">\n\t\t<p><span class=\"wpcf7-form-control-wrap\" data-name=\"se-destaca\"><textarea cols=\"40\" rows=\"10\" maxlength=\"2000\" class=\"wpcf7-form-control wpcf7-textarea wpcf7-validates-as-required form-control gray\" aria-required=\"true\" aria-invalid=\"false\" name=\"se-destaca\"><\/textarea><\/span>\n\t\t<\/p>\n\t<\/div>\n\t<div class=\"col-lg-12\">\n\t\t<h4 class=\"mb-4 mt-1\">Detallanos sus antecedentes y trayectoria trabajando como bombera\/brigadista (acciones con la comunidad, combates de los que ha participado, capacitaciones, etc)*.\n\t\t<\/h4>\n\t<\/div>\n\t<div class=\"form-group col-lg-12\">\n\t\t<p><span class=\"wpcf7-form-control-wrap\" data-name=\"antecedentes\"><textarea cols=\"40\" rows=\"10\" maxlength=\"2000\" class=\"wpcf7-form-control wpcf7-textarea wpcf7-validates-as-required form-control gray\" aria-required=\"true\" aria-invalid=\"false\" name=\"antecedentes\"><\/textarea><\/span>\n\t\t<\/p>\n\t<\/div>\n\t<div class=\"col-lg-12\">\n\t\t<h4 class=\"mb-4 mt-1\">\u00bfCu\u00e1les consider\u00e1s que son los tres valores que representa tu candidata?*\n\t\t<\/h4>\n\t<\/div>\n\t<div class=\"form-group col-lg-12\">\n\t\t<p><span class=\"wpcf7-form-control-wrap\" data-name=\"valores\"><textarea cols=\"40\" rows=\"10\" maxlength=\"2000\" class=\"wpcf7-form-control wpcf7-textarea wpcf7-validates-as-required form-control gray\" aria-required=\"true\" aria-invalid=\"false\" name=\"valores\"><\/textarea><\/span>\n\t\t<\/p>\n\t<\/div>\n\t<div class=\"col-lg-12\">\n\t\t<h4 class=\"mb-4 mt-1\">En caso que tengas, adjunt\u00e1 fotograf\u00edas, im\u00e1genes de notas de prensa u otros archivos de imagen que demuestren el trabajo de tu candidata.\n\t\t<\/h4>\n\t<\/div>\n\t<div class=\"form-group col-lg-12\">\n\t\t<p><span class=\"wpcf7-form-control-wrap\" data-name=\"adjuntos\"><input size=\"40\" class=\"wpcf7-form-control wpcf7-drag-n-drop-file d-none form-control gray\" aria-invalid=\"false\" type=\"file\" multiple=\"multiple\" data-name=\"adjuntos\" data-id=\"4861\" data-version=\"free version 1.3.9.5\" accept=\".\" \/><\/span>\n\t\t<\/p>\n\t<\/div>\n\t<div class=\"form-group col-lg-12\">\n\t\t<p><span class=\"wpcf7-form-control-wrap\" data-name=\"video\"><input size=\"40\" maxlength=\"400\" class=\"wpcf7-form-control wpcf7-text form-control gray\" aria-invalid=\"false\" placeholder=\"Link de video (opcional)\" value=\"\" type=\"text\" name=\"video\" \/><\/span>\n\t\t<\/p>\n\t<\/div>\n\t<div class=\"col-lg-12\">\n\t\t<h2 class=\"mb-4 mt-5\">Datos de quien postula:\n\t\t<\/h2>\n\t<\/div>\n\t<div class=\"form-group col-12 col-sm-12 col-lg-12\">\n\t\t<p><label>Nombre y Apellido*:<br \/>\n<span class=\"wpcf7-form-control-wrap\" data-name=\"nombre-postulante\"><input size=\"40\" maxlength=\"400\" class=\"wpcf7-form-control wpcf7-text wpcf7-validates-as-required form-control gray\" aria-required=\"true\" aria-invalid=\"false\" value=\"\" type=\"text\" name=\"nombre-postulante\" \/><\/span><\/label>\n\t\t<\/p>\n\t<\/div>\n\t<div class=\"form-group col-12 col-sm-12 col-lg-6\">\n\t\t<p><label>Lugar de residencia (Localidad y Provincia)*:<br \/>\n<span class=\"wpcf7-form-control-wrap\" data-name=\"residencia-postulante\"><input size=\"40\" maxlength=\"400\" class=\"wpcf7-form-control wpcf7-text wpcf7-validates-as-required form-control gray\" aria-required=\"true\" aria-invalid=\"false\" value=\"\" type=\"text\" name=\"residencia-postulante\" \/><\/span><br \/>\n<\/label>\n\t\t<\/p>\n\t<\/div>\n\t<div class=\"form-group col-12 col-sm-12 col-lg-6\">\n\t\t<p><label>Domicilio actual*:<br \/>\n<span class=\"wpcf7-form-control-wrap\" data-name=\"domicilio-postulante\"><input size=\"40\" maxlength=\"400\" class=\"wpcf7-form-control wpcf7-text wpcf7-validates-as-required form-control gray\" aria-required=\"true\" aria-invalid=\"false\" value=\"\" type=\"text\" name=\"domicilio-postulante\" \/><\/span><br \/>\n<\/label>\n\t\t<\/p>\n\t<\/div>\n\t<div class=\"form-group col-12 col-sm-6 col-lg-6\">\n\t\t<p><label>Tel\u00e9fono*:<br \/>\n<span class=\"wpcf7-form-control-wrap\" data-name=\"telefono-postulante\"><input size=\"40\" maxlength=\"400\" class=\"wpcf7-form-control wpcf7-text wpcf7-validates-as-required form-control gray\" aria-required=\"true\" aria-invalid=\"false\" value=\"\" type=\"text\" name=\"telefono-postulante\" \/><\/span><br \/>\n<\/label>\n\t\t<\/p>\n\t<\/div>\n\t<div class=\"form-group col-12 col-sm-6 col-lg-6\">\n\t\t<p><label> E-mail*:<br \/>\n<span class=\"wpcf7-form-control-wrap\" data-name=\"email-postulante\"><input size=\"40\" maxlength=\"400\" class=\"wpcf7-form-control wpcf7-email wpcf7-validates-as-required wpcf7-text wpcf7-validates-as-email form-control gray\" aria-required=\"true\" aria-invalid=\"false\" value=\"\" type=\"email\" name=\"email-postulante\" \/><\/span><br \/>\n<\/label>\n\t\t<\/p>\n\t<\/div>\n\t<div class=\"col-lg-12\">\n\t\t<h4 class=\"mb-4 mt-1\">\u00bfC\u00f3mo conoce a la postulante?*\n\t\t<\/h4>\n\t<\/div>\n\t<div class=\"form-group col-lg-12\">\n\t\t<p><span class=\"wpcf7-form-control-wrap\" data-name=\"conoce\"><textarea cols=\"40\" rows=\"10\" maxlength=\"2000\" class=\"wpcf7-form-control wpcf7-textarea wpcf7-validates-as-required form-control gray\" aria-required=\"true\" aria-invalid=\"false\" name=\"conoce\"><\/textarea><\/span>\n\t\t<\/p>\n\t<\/div>\n\t<div class=\"form-group col-lg-12\">\n\t\t<div id=\"cf7sr-69f2abd4b3145\" class=\"cf7sr-g-turnstile\" data-theme=\"light\" data-language=\"es\" data-size=\"normal\" data-appearance=\"always\" data-sitekey=\"0x4AAAAAABL9-9mix96sB8gv\"><\/div><span class=\"wpcf7-form-control-wrap cf7sr-turnstile\" data-name=\"cf7sr-turnstile\"><input type=\"hidden\" name=\"cf7sr-turnstile\" value=\"\" class=\"wpcf7-form-control\"><\/span><br \/>\n<input class=\"wpcf7-form-control wpcf7-submit has-spinner btn btn-outline-light gray float-right\" type=\"submit\" value=\"Participar\" \/>\n\t\t<\/p>\n\t<\/div>\n<\/div><div class=\"wpcf7-response-output\" aria-hidden=\"true\"><\/div>\n<\/form>\n<\/div>\n\r\n","protected":false},"excerpt":{"rendered":"\u00a0 Nombre y Apellido de la bombera\/brigadista a destacar *: Fecha de Nacimiento *: Lugar de residencia (Localidad y Provincia) *: Cuartel de pertenencia *: Cargo *: Tel\u00e9fono *: E-mail *: Link del perfil de Facebook: Link del perfil de Instagram: Contanos por qu\u00e9 consideras que tu candidata se destaca en su labor*: Detallanos sus [...]","protected":false},"author":1,"featured_media":0,"parent":0,"menu_order":0,"comment_status":"closed","ping_status":"closed","template":"template-landing.php","meta":{"_acf_changed":false,"footnotes":""},"class_list":["post-8644","page","type-page","status-publish","hentry"],"acf":[],"yoast_head":"<!-- This site is optimized with the Yoast SEO plugin v27.0 - https:\/\/yoast.com\/product\/yoast-seo-wordpress\/ -->\n<title>Historias de Fuego, Mujeres que inspiran - Inforest<\/title>\n<meta name=\"robots\" content=\"index, follow, max-snippet:-1, max-image-preview:large, max-video-preview:-1\" \/>\n<link rel=\"canonical\" href=\"https:\/\/inforest.com.ar\/ibe\/historias-de-fuego-mujeres-que-inspiran\/\" \/>\n<meta property=\"og:locale\" content=\"es_ES\" \/>\n<meta property=\"og:type\" content=\"article\" \/>\n<meta property=\"og:title\" content=\"Historias de Fuego, Mujeres que inspiran - Inforest\" \/>\n<meta property=\"og:url\" content=\"https:\/\/inforest.com.ar\/ibe\/historias-de-fuego-mujeres-que-inspiran\/\" \/>\n<meta property=\"og:site_name\" content=\"Inforest\" \/>\n<meta property=\"article:modified_time\" content=\"2023-01-13T17:23:27+00:00\" \/>\n<meta property=\"og:image\" content=\"https:\/\/www.inforest.com.ar\/wp-content\/uploads\/2021\/02\/inforest_horizontales-01-1024x546.png\" \/>\n<meta name=\"twitter:card\" content=\"summary_large_image\" \/>\n<meta name=\"twitter:label1\" content=\"Est. reading time\" \/>\n\t<meta name=\"twitter:data1\" content=\"1 minute\" \/>\n<script type=\"application\/ld+json\" class=\"yoast-schema-graph\">{\"@context\":\"https:\/\/schema.org\",\"@graph\":[{\"@type\":\"WebPage\",\"@id\":\"https:\/\/inforest.com.ar\/ibe\/historias-de-fuego-mujeres-que-inspiran\/\",\"url\":\"https:\/\/inforest.com.ar\/ibe\/historias-de-fuego-mujeres-que-inspiran\/\",\"name\":\"Historias de Fuego, Mujeres que inspiran - Inforest\",\"isPartOf\":{\"@id\":\"https:\/\/inforest.com.ar\/#website\"},\"primaryImageOfPage\":{\"@id\":\"https:\/\/inforest.com.ar\/ibe\/historias-de-fuego-mujeres-que-inspiran\/#primaryimage\"},\"image\":{\"@id\":\"https:\/\/inforest.com.ar\/ibe\/historias-de-fuego-mujeres-que-inspiran\/#primaryimage\"},\"thumbnailUrl\":\"https:\/\/www.inforest.com.ar\/wp-content\/uploads\/2021\/02\/inforest_horizontales-01-1024x546.png\",\"datePublished\":\"2021-02-12T18:44:20+00:00\",\"dateModified\":\"2023-01-13T17:23:27+00:00\",\"breadcrumb\":{\"@id\":\"https:\/\/inforest.com.ar\/ibe\/historias-de-fuego-mujeres-que-inspiran\/#breadcrumb\"},\"inLanguage\":\"es-IBE\",\"potentialAction\":[{\"@type\":\"ReadAction\",\"target\":[\"https:\/\/inforest.com.ar\/ibe\/historias-de-fuego-mujeres-que-inspiran\/\"]}]},{\"@type\":\"ImageObject\",\"inLanguage\":\"es-IBE\",\"@id\":\"https:\/\/inforest.com.ar\/ibe\/historias-de-fuego-mujeres-que-inspiran\/#primaryimage\",\"url\":\"https:\/\/www.inforest.com.ar\/wp-content\/uploads\/2021\/02\/inforest_horizontales-01-1024x546.png\",\"contentUrl\":\"https:\/\/www.inforest.com.ar\/wp-content\/uploads\/2021\/02\/inforest_horizontales-01-1024x546.png\"},{\"@type\":\"BreadcrumbList\",\"@id\":\"https:\/\/inforest.com.ar\/ibe\/historias-de-fuego-mujeres-que-inspiran\/#breadcrumb\",\"itemListElement\":[{\"@type\":\"ListItem\",\"position\":1,\"name\":\"Portada\",\"item\":\"https:\/\/inforest.com.ar\/ibe\/\"},{\"@type\":\"ListItem\",\"position\":2,\"name\":\"Historias de Fuego, Mujeres que inspiran\"}]},{\"@type\":\"WebSite\",\"@id\":\"https:\/\/inforest.com.ar\/#website\",\"url\":\"https:\/\/inforest.com.ar\/\",\"name\":\"Inforest\",\"description\":\"L\u00edderes en Equipamientos para Incendios Forestales\",\"publisher\":{\"@id\":\"https:\/\/inforest.com.ar\/#organization\"},\"potentialAction\":[{\"@type\":\"SearchAction\",\"target\":{\"@type\":\"EntryPoint\",\"urlTemplate\":\"https:\/\/inforest.com.ar\/?s={search_term_string}\"},\"query-input\":{\"@type\":\"PropertyValueSpecification\",\"valueRequired\":true,\"valueName\":\"search_term_string\"}}],\"inLanguage\":\"es-IBE\"},{\"@type\":\"Organization\",\"@id\":\"https:\/\/inforest.com.ar\/#organization\",\"name\":\"Inforest\",\"url\":\"https:\/\/inforest.com.ar\/\",\"logo\":{\"@type\":\"ImageObject\",\"inLanguage\":\"es-IBE\",\"@id\":\"https:\/\/inforest.com.ar\/#\/schema\/logo\/image\/\",\"url\":\"https:\/\/inforest.com.ar\/wp-content\/uploads\/2022\/05\/logoinfo.svg\",\"contentUrl\":\"https:\/\/inforest.com.ar\/wp-content\/uploads\/2022\/05\/logoinfo.svg\",\"width\":118,\"height\":20,\"caption\":\"Inforest\"},\"image\":{\"@id\":\"https:\/\/inforest.com.ar\/#\/schema\/logo\/image\/\"}}]}<\/script>\n<!-- \/ Yoast SEO plugin. -->","yoast_head_json":{"title":"Historias de Fuego, Mujeres que inspiran - Inforest","robots":{"index":"index","follow":"follow","max-snippet":"max-snippet:-1","max-image-preview":"max-image-preview:large","max-video-preview":"max-video-preview:-1"},"canonical":"https:\/\/inforest.com.ar\/ibe\/historias-de-fuego-mujeres-que-inspiran\/","og_locale":"es_ES","og_type":"article","og_title":"Historias de Fuego, Mujeres que inspiran - Inforest","og_url":"https:\/\/inforest.com.ar\/ibe\/historias-de-fuego-mujeres-que-inspiran\/","og_site_name":"Inforest","article_modified_time":"2023-01-13T17:23:27+00:00","og_image":[{"url":"https:\/\/www.inforest.com.ar\/wp-content\/uploads\/2021\/02\/inforest_horizontales-01-1024x546.png","type":"","width":"","height":""}],"twitter_card":"summary_large_image","twitter_misc":{"Est. reading time":"1 minute"},"schema":{"@context":"https:\/\/schema.org","@graph":[{"@type":"WebPage","@id":"https:\/\/inforest.com.ar\/ibe\/historias-de-fuego-mujeres-que-inspiran\/","url":"https:\/\/inforest.com.ar\/ibe\/historias-de-fuego-mujeres-que-inspiran\/","name":"Historias de Fuego, Mujeres que inspiran - Inforest","isPartOf":{"@id":"https:\/\/inforest.com.ar\/#website"},"primaryImageOfPage":{"@id":"https:\/\/inforest.com.ar\/ibe\/historias-de-fuego-mujeres-que-inspiran\/#primaryimage"},"image":{"@id":"https:\/\/inforest.com.ar\/ibe\/historias-de-fuego-mujeres-que-inspiran\/#primaryimage"},"thumbnailUrl":"https:\/\/www.inforest.com.ar\/wp-content\/uploads\/2021\/02\/inforest_horizontales-01-1024x546.png","datePublished":"2021-02-12T18:44:20+00:00","dateModified":"2023-01-13T17:23:27+00:00","breadcrumb":{"@id":"https:\/\/inforest.com.ar\/ibe\/historias-de-fuego-mujeres-que-inspiran\/#breadcrumb"},"inLanguage":"es-IBE","potentialAction":[{"@type":"ReadAction","target":["https:\/\/inforest.com.ar\/ibe\/historias-de-fuego-mujeres-que-inspiran\/"]}]},{"@type":"ImageObject","inLanguage":"es-IBE","@id":"https:\/\/inforest.com.ar\/ibe\/historias-de-fuego-mujeres-que-inspiran\/#primaryimage","url":"https:\/\/www.inforest.com.ar\/wp-content\/uploads\/2021\/02\/inforest_horizontales-01-1024x546.png","contentUrl":"https:\/\/www.inforest.com.ar\/wp-content\/uploads\/2021\/02\/inforest_horizontales-01-1024x546.png"},{"@type":"BreadcrumbList","@id":"https:\/\/inforest.com.ar\/ibe\/historias-de-fuego-mujeres-que-inspiran\/#breadcrumb","itemListElement":[{"@type":"ListItem","position":1,"name":"Portada","item":"https:\/\/inforest.com.ar\/ibe\/"},{"@type":"ListItem","position":2,"name":"Historias de Fuego, Mujeres que inspiran"}]},{"@type":"WebSite","@id":"https:\/\/inforest.com.ar\/#website","url":"https:\/\/inforest.com.ar\/","name":"Inforest","description":"L\u00edderes en Equipamientos para Incendios Forestales","publisher":{"@id":"https:\/\/inforest.com.ar\/#organization"},"potentialAction":[{"@type":"SearchAction","target":{"@type":"EntryPoint","urlTemplate":"https:\/\/inforest.com.ar\/?s={search_term_string}"},"query-input":{"@type":"PropertyValueSpecification","valueRequired":true,"valueName":"search_term_string"}}],"inLanguage":"es-IBE"},{"@type":"Organization","@id":"https:\/\/inforest.com.ar\/#organization","name":"Inforest","url":"https:\/\/inforest.com.ar\/","logo":{"@type":"ImageObject","inLanguage":"es-IBE","@id":"https:\/\/inforest.com.ar\/#\/schema\/logo\/image\/","url":"https:\/\/inforest.com.ar\/wp-content\/uploads\/2022\/05\/logoinfo.svg","contentUrl":"https:\/\/inforest.com.ar\/wp-content\/uploads\/2022\/05\/logoinfo.svg","width":118,"height":20,"caption":"Inforest"},"image":{"@id":"https:\/\/inforest.com.ar\/#\/schema\/logo\/image\/"}}]}},"_links":{"self":[{"href":"https:\/\/inforest.com.ar\/ibe\/wp-json\/wp\/v2\/pages\/8644","targetHints":{"allow":["GET"]}}],"collection":[{"href":"https:\/\/inforest.com.ar\/ibe\/wp-json\/wp\/v2\/pages"}],"about":[{"href":"https:\/\/inforest.com.ar\/ibe\/wp-json\/wp\/v2\/types\/page"}],"author":[{"embeddable":true,"href":"https:\/\/inforest.com.ar\/ibe\/wp-json\/wp\/v2\/users\/1"}],"replies":[{"embeddable":true,"href":"https:\/\/inforest.com.ar\/ibe\/wp-json\/wp\/v2\/comments?post=8644"}],"version-history":[{"count":1,"href":"https:\/\/inforest.com.ar\/ibe\/wp-json\/wp\/v2\/pages\/8644\/revisions"}],"predecessor-version":[{"id":8665,"href":"https:\/\/inforest.com.ar\/ibe\/wp-json\/wp\/v2\/pages\/8644\/revisions\/8665"}],"wp:attachment":[{"href":"https:\/\/inforest.com.ar\/ibe\/wp-json\/wp\/v2\/media?parent=8644"}],"curies":[{"name":"wp","href":"https:\/\/api.w.org\/{rel}","templated":true}]}}