{"id":29694,"date":"2025-07-21T16:32:34","date_gmt":"2025-07-21T19:32:34","guid":{"rendered":"https:\/\/inforest.com.ar\/?page_id=29694"},"modified":"2025-07-21T16:35:16","modified_gmt":"2025-07-21T19:35:16","slug":"faqja-e-falenderimeve-al","status":"publish","type":"page","link":"https:\/\/inforest.com.ar\/ibe\/kontakti-al\/faqja-e-falenderimeve-al\/","title":{"rendered":"Faqja e fal\u00ebnderimeve AL"},"content":{"rendered":"\t\t<div data-elementor-type=\"wp-page\" data-elementor-id=\"29694\" class=\"elementor elementor-29694\" data-elementor-post-type=\"page\">\n\t\t\t\t\t\t<section class=\"elementor-section elementor-top-section elementor-element elementor-element-6e03064 elementor-section-full_width elementor-section-height-default elementor-section-height-default\" data-id=\"6e03064\" data-element_type=\"section\" data-e-type=\"section\">\n\t\t\t\t\t\t<div class=\"elementor-container elementor-column-gap-default\">\n\t\t\t\t\t<div class=\"elementor-column elementor-col-100 elementor-top-column elementor-element elementor-element-e80cdd0\" data-id=\"e80cdd0\" data-element_type=\"column\" data-e-type=\"column\">\n\t\t\t<div class=\"elementor-widget-wrap elementor-element-populated\">\n\t\t\t\t\t\t<div class=\"elementor-element elementor-element-25d3314 elementor-widget elementor-widget-image\" data-id=\"25d3314\" data-element_type=\"widget\" data-e-type=\"widget\" data-widget_type=\"image.default\">\n\t\t\t\t<div class=\"elementor-widget-container\">\n\t\t\t\t\t\t\t\t\t\t\t\t\t\t\t<img fetchpriority=\"high\" decoding=\"async\" width=\"1024\" height=\"208\" src=\"https:\/\/inforest.com.ar\/wp-content\/uploads\/2025\/05\/LOGO-INFOREST-SINFONDO-LLAMABLANCA-1024x208.png\" class=\"attachment-large size-large wp-image-29211\" alt=\"\" srcset=\"https:\/\/inforest.com.ar\/wp-content\/uploads\/2025\/05\/LOGO-INFOREST-SINFONDO-LLAMABLANCA-1024x208.png 1024w, https:\/\/inforest.com.ar\/wp-content\/uploads\/2025\/05\/LOGO-INFOREST-SINFONDO-LLAMABLANCA-300x61.png 300w, https:\/\/inforest.com.ar\/wp-content\/uploads\/2025\/05\/LOGO-INFOREST-SINFONDO-LLAMABLANCA-768x156.png 768w, https:\/\/inforest.com.ar\/wp-content\/uploads\/2025\/05\/LOGO-INFOREST-SINFONDO-LLAMABLANCA-600x122.png 600w, https:\/\/inforest.com.ar\/wp-content\/uploads\/2025\/05\/LOGO-INFOREST-SINFONDO-LLAMABLANCA.png 1234w\" sizes=\"(max-width: 1024px) 100vw, 1024px\" \/>\t\t\t\t\t\t\t\t\t\t\t\t\t\t\t<\/div>\n\t\t\t\t<\/div>\n\t\t\t\t\t<\/div>\n\t\t<\/div>\n\t\t\t\t\t<\/div>\n\t\t<\/section>\n\t\t\t\t<section class=\"elementor-section elementor-top-section elementor-element elementor-element-b903fca elementor-section-height-full elementor-section-boxed elementor-section-height-default elementor-section-items-middle\" data-id=\"b903fca\" data-element_type=\"section\" data-e-type=\"section\">\n\t\t\t\t\t\t<div class=\"elementor-container elementor-column-gap-default\">\n\t\t\t\t\t<div class=\"elementor-column elementor-col-100 elementor-top-column elementor-element elementor-element-2b89ccb\" data-id=\"2b89ccb\" data-element_type=\"column\" data-e-type=\"column\">\n\t\t\t<div class=\"elementor-widget-wrap elementor-element-populated\">\n\t\t\t\t\t\t<div class=\"elementor-element elementor-element-5f41a79 elementor-widget elementor-widget-heading\" data-id=\"5f41a79\" data-element_type=\"widget\" data-e-type=\"widget\" data-widget_type=\"heading.default\">\n\t\t\t\t<div class=\"elementor-widget-container\">\n\t\t\t\t\t<h1 class=\"elementor-heading-title elementor-size-default\">Faleminderit q\u00eb na kontaktuat!<\/h1>\t\t\t\t<\/div>\n\t\t\t\t<\/div>\n\t\t\t\t<div class=\"elementor-element elementor-element-348b808 elementor-widget elementor-widget-text-editor\" data-id=\"348b808\" data-element_type=\"widget\" data-e-type=\"widget\" data-widget_type=\"text-editor.default\">\n\t\t\t\t<div class=\"elementor-widget-container\">\n\t\t\t\t\t\t\t\t\tNe kemi marr\u00eb informacionin tuaj dhe do t&#8217;ju kthejm\u00eb p\u00ebrgjigje sa m\u00eb shpejt t\u00eb jet\u00eb e mundur. Jemi t\u00eb entuziazmuar t&#8217;ju ndihmojm\u00eb dhe t&#8217;ju p\u00ebrgjigjemi t\u00eb gjitha pyetjeve tuaja.\t\t\t\t\t\t\t\t<\/div>\n\t\t\t\t<\/div>\n\t\t\t\t<div class=\"elementor-element elementor-element-f6a1d13 elementor-widget elementor-widget-heading\" data-id=\"f6a1d13\" data-element_type=\"widget\" data-e-type=\"widget\" data-widget_type=\"heading.default\">\n\t\t\t\t<div class=\"elementor-widget-container\">\n\t\t\t\t\t<h2 class=\"elementor-heading-title elementor-size-default\">\u00c7far\u00eb mund t\u00eb b\u00ebni tani?\n<\/h2>\t\t\t\t<\/div>\n\t\t\t\t<\/div>\n\t\t\t\t<div class=\"elementor-element elementor-element-cff2fc1 elementor-widget elementor-widget-text-editor\" data-id=\"cff2fc1\" data-element_type=\"widget\" data-e-type=\"widget\" data-widget_type=\"text-editor.default\">\n\t\t\t\t<div class=\"elementor-widget-container\">\n\t\t\t\t\t\t\t\t\tNd\u00ebrkoh\u00eb q\u00eb prisni p\u00ebrgjigjen ton\u00eb, ju ftojm\u00eb t\u00eb vazhdoni t\u00eb shfletoni faqen ton\u00eb t\u00eb internetit dhe t\u00eb na ndiqni n\u00eb rrjetet sociale p\u00ebr t\u00eb q\u00ebndruar t\u00eb p\u00ebrdit\u00ebsuar me lajmet dhe ofertat m\u00eb t\u00eb fundit.\n\nFaleminderit q\u00eb na besuat dhe q\u00eb jeni pjes\u00eb e komunitetit ton\u00eb.\n\n\t\t\t\t\t\t\t\t<\/div>\n\t\t\t\t<\/div>\n\t\t\t\t<div class=\"elementor-element elementor-element-e5784fb elementor-shape-rounded elementor-grid-0 e-grid-align-center elementor-widget elementor-widget-social-icons\" data-id=\"e5784fb\" data-element_type=\"widget\" data-e-type=\"widget\" data-widget_type=\"social-icons.default\">\n\t\t\t\t<div class=\"elementor-widget-container\">\n\t\t\t\t\t\t\t<div class=\"elementor-social-icons-wrapper elementor-grid\" role=\"list\">\n\t\t\t\t\t\t\t<span class=\"elementor-grid-item\" role=\"listitem\">\n\t\t\t\t\t<a class=\"elementor-icon elementor-social-icon elementor-social-icon-facebook elementor-repeater-item-ea42500\" href=\"https:\/\/www.facebook.com\/InforestIbericaSL\" target=\"_blank\">\n\t\t\t\t\t\t<span class=\"elementor-screen-only\">Facebook<\/span>\n\t\t\t\t\t\t<i aria-hidden=\"true\" class=\"fab fa-facebook\"><\/i>\t\t\t\t\t<\/a>\n\t\t\t\t<\/span>\n\t\t\t\t\t\t\t<span class=\"elementor-grid-item\" role=\"listitem\">\n\t\t\t\t\t<a class=\"elementor-icon elementor-social-icon elementor-social-icon-instagram elementor-repeater-item-c8c54b5\" href=\"https:\/\/www.instagram.com\/inforestiberica\/\" target=\"_blank\">\n\t\t\t\t\t\t<span class=\"elementor-screen-only\">Instagram<\/span>\n\t\t\t\t\t\t<i aria-hidden=\"true\" class=\"fab fa-instagram\"><\/i>\t\t\t\t\t<\/a>\n\t\t\t\t<\/span>\n\t\t\t\t\t\t\t<span class=\"elementor-grid-item\" role=\"listitem\">\n\t\t\t\t\t<a class=\"elementor-icon elementor-social-icon elementor-social-icon-youtube elementor-repeater-item-5f77cd7\" href=\"https:\/\/www.youtube.com\/@inforest_incendiosforestales\" target=\"_blank\">\n\t\t\t\t\t\t<span class=\"elementor-screen-only\">Youtube<\/span>\n\t\t\t\t\t\t<i aria-hidden=\"true\" class=\"fab fa-youtube\"><\/i>\t\t\t\t\t<\/a>\n\t\t\t\t<\/span>\n\t\t\t\t\t<\/div>\n\t\t\t\t\t\t<\/div>\n\t\t\t\t<\/div>\n\t\t\t\t<div class=\"elementor-element elementor-element-06bb6a5 elementor-align-center elementor-widget elementor-widget-button\" data-id=\"06bb6a5\" data-element_type=\"widget\" data-e-type=\"widget\" data-widget_type=\"button.default\">\n\t\t\t\t<div class=\"elementor-widget-container\">\n\t\t\t\t\t\t\t\t\t<div class=\"elementor-button-wrapper\">\n\t\t\t\t\t<a class=\"elementor-button elementor-button-link elementor-size-sm\" href=\"https:\/\/inforest.com.ar\/ibe\/\">\n\t\t\t\t\t\t<span class=\"elementor-button-content-wrapper\">\n\t\t\t\t\t\t\t\t\t<span class=\"elementor-button-text\">Kthehu n\u00eb faqen kryesore \u2192<\/span>\n\t\t\t\t\t<\/span>\n\t\t\t\t\t<\/a>\n\t\t\t\t<\/div>\n\t\t\t\t\t\t\t\t<\/div>\n\t\t\t\t<\/div>\n\t\t\t\t\t<\/div>\n\t\t<\/div>\n\t\t\t\t\t<\/div>\n\t\t<\/section>\n\t\t\t\t<section class=\"elementor-section elementor-top-section elementor-element elementor-element-31bcf88 elementor-section-boxed elementor-section-height-default elementor-section-height-default\" data-id=\"31bcf88\" data-element_type=\"section\" data-e-type=\"section\" data-settings=\"{&quot;background_background&quot;:&quot;classic&quot;}\">\n\t\t\t\t\t\t<div class=\"elementor-container elementor-column-gap-default\">\n\t\t\t\t\t<div class=\"elementor-column elementor-col-50 elementor-top-column elementor-element elementor-element-cbb3bf5\" data-id=\"cbb3bf5\" data-element_type=\"column\" data-e-type=\"column\">\n\t\t\t<div class=\"elementor-widget-wrap elementor-element-populated\">\n\t\t\t\t\t\t<div class=\"elementor-element elementor-element-bd06aa8 elementor-widget elementor-widget-image\" data-id=\"bd06aa8\" data-element_type=\"widget\" data-e-type=\"widget\" data-widget_type=\"image.default\">\n\t\t\t\t<div class=\"elementor-widget-container\">\n\t\t\t\t\t\t\t\t\t\t\t\t\t\t\t<img decoding=\"async\" width=\"1234\" height=\"251\" src=\"https:\/\/inforest.com.ar\/wp-content\/uploads\/2025\/02\/LOGO-INFOREST-SINFONDO-BLANCO.png\" class=\"attachment-full size-full wp-image-28051\" alt=\"\" srcset=\"https:\/\/inforest.com.ar\/wp-content\/uploads\/2025\/02\/LOGO-INFOREST-SINFONDO-BLANCO.png 1234w, https:\/\/inforest.com.ar\/wp-content\/uploads\/2025\/02\/LOGO-INFOREST-SINFONDO-BLANCO-300x61.png 300w, https:\/\/inforest.com.ar\/wp-content\/uploads\/2025\/02\/LOGO-INFOREST-SINFONDO-BLANCO-1024x208.png 1024w, https:\/\/inforest.com.ar\/wp-content\/uploads\/2025\/02\/LOGO-INFOREST-SINFONDO-BLANCO-768x156.png 768w, https:\/\/inforest.com.ar\/wp-content\/uploads\/2025\/02\/LOGO-INFOREST-SINFONDO-BLANCO-600x122.png 600w\" sizes=\"(max-width: 1234px) 100vw, 1234px\" \/>\t\t\t\t\t\t\t\t\t\t\t\t\t\t\t<\/div>\n\t\t\t\t<\/div>\n\t\t\t\t\t<\/div>\n\t\t<\/div>\n\t\t\t\t<div class=\"elementor-column elementor-col-50 elementor-top-column elementor-element elementor-element-ddb4415\" data-id=\"ddb4415\" data-element_type=\"column\" data-e-type=\"column\">\n\t\t\t<div class=\"elementor-widget-wrap elementor-element-populated\">\n\t\t\t\t\t\t<div class=\"elementor-element elementor-element-a750818 elementor-widget elementor-widget-text-editor\" data-id=\"a750818\" data-element_type=\"widget\" data-e-type=\"widget\" data-widget_type=\"text-editor.default\">\n\t\t\t\t<div class=\"elementor-widget-container\">\n\t\t\t\t\t\t\t\t\t<p>\u00a0\u00a9 2025 &#8211; Inforest &#8211; All rights reserved<\/p>\t\t\t\t\t\t\t\t<\/div>\n\t\t\t\t<\/div>\n\t\t\t\t\t<\/div>\n\t\t<\/div>\n\t\t\t\t\t<\/div>\n\t\t<\/section>\n\t\t\t\t<\/div>\n\t\t","protected":false},"excerpt":{"rendered":"<p>Faleminderit q\u00eb na kontaktuat! Ne kemi marr\u00eb informacionin tuaj dhe do t&#8217;ju kthejm\u00eb p\u00ebrgjigje sa m\u00eb shpejt t\u00eb jet\u00eb e mundur. Jemi t\u00eb entuziazmuar t&#8217;ju ndihmojm\u00eb dhe t&#8217;ju p\u00ebrgjigjemi t\u00eb gjitha pyetjeve tuaja. \u00c7far\u00eb mund t\u00eb b\u00ebni tani? Nd\u00ebrkoh\u00eb q\u00eb prisni p\u00ebrgjigjen ton\u00eb, ju ftojm\u00eb t\u00eb vazhdoni t\u00eb shfletoni faqen ton\u00eb t\u00eb internetit dhe t\u00eb [&hellip;]<\/p>\n","protected":false},"author":2,"featured_media":0,"parent":29689,"menu_order":0,"comment_status":"closed","ping_status":"closed","template":"elementor_canvas","meta":{"_acf_changed":false,"footnotes":""},"class_list":["post-29694","page","type-page","status-publish","hentry"],"acf":[],"yoast_head":"<!-- This site is optimized with the Yoast SEO plugin v27.0 - https:\/\/yoast.com\/product\/yoast-seo-wordpress\/ -->\n<title>Faqja e fal\u00ebnderimeve AL - Inforest<\/title>\n<meta name=\"robots\" content=\"index, follow, max-snippet:-1, max-image-preview:large, max-video-preview:-1\" \/>\n<link rel=\"canonical\" href=\"https:\/\/inforest.com.ar\/ibe\/kontakti-al\/faqja-e-falenderimeve-al\/\" \/>\n<meta property=\"og:locale\" content=\"es_ES\" \/>\n<meta property=\"og:type\" content=\"article\" \/>\n<meta property=\"og:title\" content=\"Faqja e fal\u00ebnderimeve AL - Inforest\" \/>\n<meta property=\"og:description\" content=\"Faleminderit q\u00eb na kontaktuat! Ne kemi marr\u00eb informacionin tuaj dhe do t&#8217;ju kthejm\u00eb p\u00ebrgjigje sa m\u00eb shpejt t\u00eb jet\u00eb e mundur. Jemi t\u00eb entuziazmuar t&#8217;ju ndihmojm\u00eb dhe t&#8217;ju p\u00ebrgjigjemi t\u00eb gjitha pyetjeve tuaja. \u00c7far\u00eb mund t\u00eb b\u00ebni tani? Nd\u00ebrkoh\u00eb q\u00eb prisni p\u00ebrgjigjen ton\u00eb, ju ftojm\u00eb t\u00eb vazhdoni t\u00eb shfletoni faqen ton\u00eb t\u00eb internetit dhe t\u00eb [&hellip;]\" \/>\n<meta property=\"og:url\" content=\"https:\/\/inforest.com.ar\/ibe\/kontakti-al\/faqja-e-falenderimeve-al\/\" \/>\n<meta property=\"og:site_name\" content=\"Inforest\" \/>\n<meta property=\"article:modified_time\" content=\"2025-07-21T19:35:16+00:00\" \/>\n<meta property=\"og:image\" content=\"https:\/\/inforest.com.ar\/wp-content\/uploads\/2025\/05\/LOGO-INFOREST-SINFONDO-LLAMABLANCA.png\" \/>\n\t<meta property=\"og:image:width\" content=\"1234\" \/>\n\t<meta property=\"og:image:height\" content=\"251\" \/>\n\t<meta property=\"og:image:type\" content=\"image\/png\" \/>\n<meta name=\"twitter:card\" content=\"summary_large_image\" \/>\n<meta name=\"twitter:label1\" content=\"Est. reading time\" \/>\n\t<meta name=\"twitter:data1\" content=\"1 minute\" \/>\n<script type=\"application\/ld+json\" class=\"yoast-schema-graph\">{\"@context\":\"https:\/\/schema.org\",\"@graph\":[{\"@type\":\"WebPage\",\"@id\":\"https:\/\/inforest.com.ar\/ibe\/kontakti-al\/faqja-e-falenderimeve-al\/\",\"url\":\"https:\/\/inforest.com.ar\/ibe\/kontakti-al\/faqja-e-falenderimeve-al\/\",\"name\":\"Faqja e fal\u00ebnderimeve AL - Inforest\",\"isPartOf\":{\"@id\":\"https:\/\/inforest.com.ar\/#website\"},\"primaryImageOfPage\":{\"@id\":\"https:\/\/inforest.com.ar\/ibe\/kontakti-al\/faqja-e-falenderimeve-al\/#primaryimage\"},\"image\":{\"@id\":\"https:\/\/inforest.com.ar\/ibe\/kontakti-al\/faqja-e-falenderimeve-al\/#primaryimage\"},\"thumbnailUrl\":\"https:\/\/inforest.com.ar\/wp-content\/uploads\/2025\/05\/LOGO-INFOREST-SINFONDO-LLAMABLANCA-1024x208.png\",\"datePublished\":\"2025-07-21T19:32:34+00:00\",\"dateModified\":\"2025-07-21T19:35:16+00:00\",\"breadcrumb\":{\"@id\":\"https:\/\/inforest.com.ar\/ibe\/kontakti-al\/faqja-e-falenderimeve-al\/#breadcrumb\"},\"inLanguage\":\"es-IBE\",\"potentialAction\":[{\"@type\":\"ReadAction\",\"target\":[\"https:\/\/inforest.com.ar\/ibe\/kontakti-al\/faqja-e-falenderimeve-al\/\"]}]},{\"@type\":\"ImageObject\",\"inLanguage\":\"es-IBE\",\"@id\":\"https:\/\/inforest.com.ar\/ibe\/kontakti-al\/faqja-e-falenderimeve-al\/#primaryimage\",\"url\":\"https:\/\/inforest.com.ar\/wp-content\/uploads\/2025\/05\/LOGO-INFOREST-SINFONDO-LLAMABLANCA-1024x208.png\",\"contentUrl\":\"https:\/\/inforest.com.ar\/wp-content\/uploads\/2025\/05\/LOGO-INFOREST-SINFONDO-LLAMABLANCA-1024x208.png\"},{\"@type\":\"BreadcrumbList\",\"@id\":\"https:\/\/inforest.com.ar\/ibe\/kontakti-al\/faqja-e-falenderimeve-al\/#breadcrumb\",\"itemListElement\":[{\"@type\":\"ListItem\",\"position\":1,\"name\":\"Portada\",\"item\":\"https:\/\/inforest.com.ar\/ibe\/\"},{\"@type\":\"ListItem\",\"position\":2,\"name\":\"Kontakti AL\",\"item\":\"https:\/\/inforest.com.ar\/ibe\/kontakti-al\/\"},{\"@type\":\"ListItem\",\"position\":3,\"name\":\"Faqja e fal\u00ebnderimeve AL\"}]},{\"@type\":\"WebSite\",\"@id\":\"https:\/\/inforest.com.ar\/#website\",\"url\":\"https:\/\/inforest.com.ar\/\",\"name\":\"Inforest\",\"description\":\"L\u00edderes en Equipamientos para Incendios Forestales\",\"publisher\":{\"@id\":\"https:\/\/inforest.com.ar\/#organization\"},\"potentialAction\":[{\"@type\":\"SearchAction\",\"target\":{\"@type\":\"EntryPoint\",\"urlTemplate\":\"https:\/\/inforest.com.ar\/?s={search_term_string}\"},\"query-input\":{\"@type\":\"PropertyValueSpecification\",\"valueRequired\":true,\"valueName\":\"search_term_string\"}}],\"inLanguage\":\"es-IBE\"},{\"@type\":\"Organization\",\"@id\":\"https:\/\/inforest.com.ar\/#organization\",\"name\":\"Inforest\",\"url\":\"https:\/\/inforest.com.ar\/\",\"logo\":{\"@type\":\"ImageObject\",\"inLanguage\":\"es-IBE\",\"@id\":\"https:\/\/inforest.com.ar\/#\/schema\/logo\/image\/\",\"url\":\"https:\/\/inforest.com.ar\/wp-content\/uploads\/2022\/05\/logoinfo.svg\",\"contentUrl\":\"https:\/\/inforest.com.ar\/wp-content\/uploads\/2022\/05\/logoinfo.svg\",\"width\":118,\"height\":20,\"caption\":\"Inforest\"},\"image\":{\"@id\":\"https:\/\/inforest.com.ar\/#\/schema\/logo\/image\/\"}}]}<\/script>\n<!-- \/ Yoast SEO plugin. -->","yoast_head_json":{"title":"Faqja e fal\u00ebnderimeve AL - Inforest","robots":{"index":"index","follow":"follow","max-snippet":"max-snippet:-1","max-image-preview":"max-image-preview:large","max-video-preview":"max-video-preview:-1"},"canonical":"https:\/\/inforest.com.ar\/ibe\/kontakti-al\/faqja-e-falenderimeve-al\/","og_locale":"es_ES","og_type":"article","og_title":"Faqja e fal\u00ebnderimeve AL - Inforest","og_description":"Faleminderit q\u00eb na kontaktuat! Ne kemi marr\u00eb informacionin tuaj dhe do t&#8217;ju kthejm\u00eb p\u00ebrgjigje sa m\u00eb shpejt t\u00eb jet\u00eb e mundur. Jemi t\u00eb entuziazmuar t&#8217;ju ndihmojm\u00eb dhe t&#8217;ju p\u00ebrgjigjemi t\u00eb gjitha pyetjeve tuaja. \u00c7far\u00eb mund t\u00eb b\u00ebni tani? Nd\u00ebrkoh\u00eb q\u00eb prisni p\u00ebrgjigjen ton\u00eb, ju ftojm\u00eb t\u00eb vazhdoni t\u00eb shfletoni faqen ton\u00eb t\u00eb internetit dhe t\u00eb [&hellip;]","og_url":"https:\/\/inforest.com.ar\/ibe\/kontakti-al\/faqja-e-falenderimeve-al\/","og_site_name":"Inforest","article_modified_time":"2025-07-21T19:35:16+00:00","og_image":[{"width":1234,"height":251,"url":"https:\/\/inforest.com.ar\/wp-content\/uploads\/2025\/05\/LOGO-INFOREST-SINFONDO-LLAMABLANCA.png","type":"image\/png"}],"twitter_card":"summary_large_image","twitter_misc":{"Est. reading time":"1 minute"},"schema":{"@context":"https:\/\/schema.org","@graph":[{"@type":"WebPage","@id":"https:\/\/inforest.com.ar\/ibe\/kontakti-al\/faqja-e-falenderimeve-al\/","url":"https:\/\/inforest.com.ar\/ibe\/kontakti-al\/faqja-e-falenderimeve-al\/","name":"Faqja e fal\u00ebnderimeve AL - Inforest","isPartOf":{"@id":"https:\/\/inforest.com.ar\/#website"},"primaryImageOfPage":{"@id":"https:\/\/inforest.com.ar\/ibe\/kontakti-al\/faqja-e-falenderimeve-al\/#primaryimage"},"image":{"@id":"https:\/\/inforest.com.ar\/ibe\/kontakti-al\/faqja-e-falenderimeve-al\/#primaryimage"},"thumbnailUrl":"https:\/\/inforest.com.ar\/wp-content\/uploads\/2025\/05\/LOGO-INFOREST-SINFONDO-LLAMABLANCA-1024x208.png","datePublished":"2025-07-21T19:32:34+00:00","dateModified":"2025-07-21T19:35:16+00:00","breadcrumb":{"@id":"https:\/\/inforest.com.ar\/ibe\/kontakti-al\/faqja-e-falenderimeve-al\/#breadcrumb"},"inLanguage":"es-IBE","potentialAction":[{"@type":"ReadAction","target":["https:\/\/inforest.com.ar\/ibe\/kontakti-al\/faqja-e-falenderimeve-al\/"]}]},{"@type":"ImageObject","inLanguage":"es-IBE","@id":"https:\/\/inforest.com.ar\/ibe\/kontakti-al\/faqja-e-falenderimeve-al\/#primaryimage","url":"https:\/\/inforest.com.ar\/wp-content\/uploads\/2025\/05\/LOGO-INFOREST-SINFONDO-LLAMABLANCA-1024x208.png","contentUrl":"https:\/\/inforest.com.ar\/wp-content\/uploads\/2025\/05\/LOGO-INFOREST-SINFONDO-LLAMABLANCA-1024x208.png"},{"@type":"BreadcrumbList","@id":"https:\/\/inforest.com.ar\/ibe\/kontakti-al\/faqja-e-falenderimeve-al\/#breadcrumb","itemListElement":[{"@type":"ListItem","position":1,"name":"Portada","item":"https:\/\/inforest.com.ar\/ibe\/"},{"@type":"ListItem","position":2,"name":"Kontakti AL","item":"https:\/\/inforest.com.ar\/ibe\/kontakti-al\/"},{"@type":"ListItem","position":3,"name":"Faqja e fal\u00ebnderimeve AL"}]},{"@type":"WebSite","@id":"https:\/\/inforest.com.ar\/#website","url":"https:\/\/inforest.com.ar\/","name":"Inforest","description":"L\u00edderes en Equipamientos para Incendios Forestales","publisher":{"@id":"https:\/\/inforest.com.ar\/#organization"},"potentialAction":[{"@type":"SearchAction","target":{"@type":"EntryPoint","urlTemplate":"https:\/\/inforest.com.ar\/?s={search_term_string}"},"query-input":{"@type":"PropertyValueSpecification","valueRequired":true,"valueName":"search_term_string"}}],"inLanguage":"es-IBE"},{"@type":"Organization","@id":"https:\/\/inforest.com.ar\/#organization","name":"Inforest","url":"https:\/\/inforest.com.ar\/","logo":{"@type":"ImageObject","inLanguage":"es-IBE","@id":"https:\/\/inforest.com.ar\/#\/schema\/logo\/image\/","url":"https:\/\/inforest.com.ar\/wp-content\/uploads\/2022\/05\/logoinfo.svg","contentUrl":"https:\/\/inforest.com.ar\/wp-content\/uploads\/2022\/05\/logoinfo.svg","width":118,"height":20,"caption":"Inforest"},"image":{"@id":"https:\/\/inforest.com.ar\/#\/schema\/logo\/image\/"}}]}},"_links":{"self":[{"href":"https:\/\/inforest.com.ar\/ibe\/wp-json\/wp\/v2\/pages\/29694","targetHints":{"allow":["GET"]}}],"collection":[{"href":"https:\/\/inforest.com.ar\/ibe\/wp-json\/wp\/v2\/pages"}],"about":[{"href":"https:\/\/inforest.com.ar\/ibe\/wp-json\/wp\/v2\/types\/page"}],"author":[{"embeddable":true,"href":"https:\/\/inforest.com.ar\/ibe\/wp-json\/wp\/v2\/users\/2"}],"replies":[{"embeddable":true,"href":"https:\/\/inforest.com.ar\/ibe\/wp-json\/wp\/v2\/comments?post=29694"}],"version-history":[{"count":7,"href":"https:\/\/inforest.com.ar\/ibe\/wp-json\/wp\/v2\/pages\/29694\/revisions"}],"predecessor-version":[{"id":29753,"href":"https:\/\/inforest.com.ar\/ibe\/wp-json\/wp\/v2\/pages\/29694\/revisions\/29753"}],"up":[{"embeddable":true,"href":"https:\/\/inforest.com.ar\/ibe\/wp-json\/wp\/v2\/pages\/29689"}],"wp:attachment":[{"href":"https:\/\/inforest.com.ar\/ibe\/wp-json\/wp\/v2\/media?parent=29694"}],"curies":[{"name":"wp","href":"https:\/\/api.w.org\/{rel}","templated":true}]}}