{"id":29564,"date":"2025-07-14T09:49:00","date_gmt":"2025-07-14T12:49:00","guid":{"rendered":"https:\/\/inforest.com.ar\/?page_id=29564"},"modified":"2025-07-14T09:49:24","modified_gmt":"2025-07-14T12:49:24","slug":"zahvalna-stran","status":"publish","type":"page","link":"https:\/\/inforest.com.ar\/ibe\/kontakt-slovenija\/zahvalna-stran\/","title":{"rendered":"Zahvalna stran"},"content":{"rendered":"\t\t<div data-elementor-type=\"wp-page\" data-elementor-id=\"29564\" class=\"elementor elementor-29564\" data-elementor-post-type=\"page\">\n\t\t\t\t\t\t<section class=\"elementor-section elementor-top-section elementor-element elementor-element-a9de737 elementor-section-full_width elementor-section-height-default elementor-section-height-default\" data-id=\"a9de737\" data-element_type=\"section\" data-e-type=\"section\">\n\t\t\t\t\t\t<div class=\"elementor-container elementor-column-gap-default\">\n\t\t\t\t\t<div class=\"elementor-column elementor-col-100 elementor-top-column elementor-element elementor-element-ae20974\" data-id=\"ae20974\" data-element_type=\"column\" data-e-type=\"column\">\n\t\t\t<div class=\"elementor-widget-wrap elementor-element-populated\">\n\t\t\t\t\t\t<div class=\"elementor-element elementor-element-7287785 elementor-widget elementor-widget-image\" data-id=\"7287785\" data-element_type=\"widget\" data-e-type=\"widget\" data-widget_type=\"image.default\">\n\t\t\t\t<div class=\"elementor-widget-container\">\n\t\t\t\t\t\t\t\t\t\t\t\t\t\t\t<img fetchpriority=\"high\" decoding=\"async\" width=\"1024\" height=\"208\" src=\"https:\/\/inforest.com.ar\/wp-content\/uploads\/2025\/05\/LOGO-INFOREST-SINFONDO-LLAMABLANCA-1024x208.png\" class=\"attachment-large size-large wp-image-29211\" alt=\"\" srcset=\"https:\/\/inforest.com.ar\/wp-content\/uploads\/2025\/05\/LOGO-INFOREST-SINFONDO-LLAMABLANCA-1024x208.png 1024w, https:\/\/inforest.com.ar\/wp-content\/uploads\/2025\/05\/LOGO-INFOREST-SINFONDO-LLAMABLANCA-300x61.png 300w, https:\/\/inforest.com.ar\/wp-content\/uploads\/2025\/05\/LOGO-INFOREST-SINFONDO-LLAMABLANCA-768x156.png 768w, https:\/\/inforest.com.ar\/wp-content\/uploads\/2025\/05\/LOGO-INFOREST-SINFONDO-LLAMABLANCA-600x122.png 600w, https:\/\/inforest.com.ar\/wp-content\/uploads\/2025\/05\/LOGO-INFOREST-SINFONDO-LLAMABLANCA.png 1234w\" sizes=\"(max-width: 1024px) 100vw, 1024px\" \/>\t\t\t\t\t\t\t\t\t\t\t\t\t\t\t<\/div>\n\t\t\t\t<\/div>\n\t\t\t\t\t<\/div>\n\t\t<\/div>\n\t\t\t\t\t<\/div>\n\t\t<\/section>\n\t\t\t\t<section class=\"elementor-section elementor-top-section elementor-element elementor-element-afeb3d2 elementor-section-height-full elementor-section-boxed elementor-section-height-default elementor-section-items-middle\" data-id=\"afeb3d2\" data-element_type=\"section\" data-e-type=\"section\">\n\t\t\t\t\t\t<div class=\"elementor-container elementor-column-gap-default\">\n\t\t\t\t\t<div class=\"elementor-column elementor-col-100 elementor-top-column elementor-element elementor-element-1a4f43a\" data-id=\"1a4f43a\" data-element_type=\"column\" data-e-type=\"column\">\n\t\t\t<div class=\"elementor-widget-wrap elementor-element-populated\">\n\t\t\t\t\t\t<div class=\"elementor-element elementor-element-473975d elementor-widget elementor-widget-heading\" data-id=\"473975d\" data-element_type=\"widget\" data-e-type=\"widget\" data-widget_type=\"heading.default\">\n\t\t\t\t<div class=\"elementor-widget-container\">\n\t\t\t\t\t<h1 class=\"elementor-heading-title elementor-size-default\">Hvala, ker ste nas kontaktirali!<\/h1>\t\t\t\t<\/div>\n\t\t\t\t<\/div>\n\t\t\t\t<div class=\"elementor-element elementor-element-19ff612 elementor-widget elementor-widget-text-editor\" data-id=\"19ff612\" data-element_type=\"widget\" data-e-type=\"widget\" data-widget_type=\"text-editor.default\">\n\t\t\t\t<div class=\"elementor-widget-container\">\n\t\t\t\t\t\t\t\t\tPrejeli smo va\u0161e podatke in vas bomo kontaktirali v najkraj\u0161em mo\u017enem \u010dasu. Veselimo se, da vam lahko pomagamo in odgovorimo na vsa va\u0161a vpra\u0161anja.\t\t\t\t\t\t\t\t<\/div>\n\t\t\t\t<\/div>\n\t\t\t\t<div class=\"elementor-element elementor-element-edd8f0e elementor-widget elementor-widget-heading\" data-id=\"edd8f0e\" data-element_type=\"widget\" data-e-type=\"widget\" data-widget_type=\"heading.default\">\n\t\t\t\t<div class=\"elementor-widget-container\">\n\t\t\t\t\t<h2 class=\"elementor-heading-title elementor-size-default\">Kaj lahko storite zdaj?<\/h2>\t\t\t\t<\/div>\n\t\t\t\t<\/div>\n\t\t\t\t<div class=\"elementor-element elementor-element-f68dca2 elementor-widget elementor-widget-text-editor\" data-id=\"f68dca2\" data-element_type=\"widget\" data-e-type=\"widget\" data-widget_type=\"text-editor.default\">\n\t\t\t\t<div class=\"elementor-widget-container\">\n\t\t\t\t\t\t\t\t\tMedtem ko \u010dakate na na\u0161 odgovor, vas vabimo, da \u0161e naprej raziskujete na\u0161o spletno stran in nas spremljate na dru\u017ebenih omre\u017ejih, da boste na teko\u010dem z najnovej\u0161imi novicami, akcijami in ekskluzivnimi vsebinami.\t\t\t\t\t\t\t\t<\/div>\n\t\t\t\t<\/div>\n\t\t\t\t<div class=\"elementor-element elementor-element-4714dd5 elementor-shape-rounded elementor-grid-0 e-grid-align-center elementor-widget elementor-widget-social-icons\" data-id=\"4714dd5\" data-element_type=\"widget\" data-e-type=\"widget\" data-widget_type=\"social-icons.default\">\n\t\t\t\t<div class=\"elementor-widget-container\">\n\t\t\t\t\t\t\t<div class=\"elementor-social-icons-wrapper elementor-grid\" role=\"list\">\n\t\t\t\t\t\t\t<span class=\"elementor-grid-item\" role=\"listitem\">\n\t\t\t\t\t<a class=\"elementor-icon elementor-social-icon elementor-social-icon-facebook elementor-repeater-item-ea42500\" href=\"https:\/\/www.facebook.com\/InforestIbericaSL\" target=\"_blank\">\n\t\t\t\t\t\t<span class=\"elementor-screen-only\">Facebook<\/span>\n\t\t\t\t\t\t<i aria-hidden=\"true\" class=\"fab fa-facebook\"><\/i>\t\t\t\t\t<\/a>\n\t\t\t\t<\/span>\n\t\t\t\t\t\t\t<span class=\"elementor-grid-item\" role=\"listitem\">\n\t\t\t\t\t<a class=\"elementor-icon elementor-social-icon elementor-social-icon-instagram elementor-repeater-item-c8c54b5\" href=\"https:\/\/www.instagram.com\/inforestiberica\/\" target=\"_blank\">\n\t\t\t\t\t\t<span class=\"elementor-screen-only\">Instagram<\/span>\n\t\t\t\t\t\t<i aria-hidden=\"true\" class=\"fab fa-instagram\"><\/i>\t\t\t\t\t<\/a>\n\t\t\t\t<\/span>\n\t\t\t\t\t\t\t<span class=\"elementor-grid-item\" role=\"listitem\">\n\t\t\t\t\t<a class=\"elementor-icon elementor-social-icon elementor-social-icon-youtube elementor-repeater-item-5f77cd7\" href=\"https:\/\/www.youtube.com\/@inforest_incendiosforestales\" target=\"_blank\">\n\t\t\t\t\t\t<span class=\"elementor-screen-only\">Youtube<\/span>\n\t\t\t\t\t\t<i aria-hidden=\"true\" class=\"fab fa-youtube\"><\/i>\t\t\t\t\t<\/a>\n\t\t\t\t<\/span>\n\t\t\t\t\t<\/div>\n\t\t\t\t\t\t<\/div>\n\t\t\t\t<\/div>\n\t\t\t\t<div class=\"elementor-element elementor-element-40eb625 elementor-align-center elementor-widget elementor-widget-button\" data-id=\"40eb625\" data-element_type=\"widget\" data-e-type=\"widget\" data-widget_type=\"button.default\">\n\t\t\t\t<div class=\"elementor-widget-container\">\n\t\t\t\t\t\t\t\t\t<div class=\"elementor-button-wrapper\">\n\t\t\t\t\t<a class=\"elementor-button elementor-button-link elementor-size-sm\" href=\"https:\/\/inforest.com.ar\/ibe\/\">\n\t\t\t\t\t\t<span class=\"elementor-button-content-wrapper\">\n\t\t\t\t\t\t\t\t\t<span class=\"elementor-button-text\">Nazaj na spletno stran \u2192<\/span>\n\t\t\t\t\t<\/span>\n\t\t\t\t\t<\/a>\n\t\t\t\t<\/div>\n\t\t\t\t\t\t\t\t<\/div>\n\t\t\t\t<\/div>\n\t\t\t\t\t<\/div>\n\t\t<\/div>\n\t\t\t\t\t<\/div>\n\t\t<\/section>\n\t\t\t\t<section class=\"elementor-section elementor-top-section elementor-element elementor-element-bded5c9 elementor-section-boxed elementor-section-height-default elementor-section-height-default\" data-id=\"bded5c9\" data-element_type=\"section\" data-e-type=\"section\" data-settings=\"{&quot;background_background&quot;:&quot;classic&quot;}\">\n\t\t\t\t\t\t<div class=\"elementor-container elementor-column-gap-default\">\n\t\t\t\t\t<div class=\"elementor-column elementor-col-50 elementor-top-column elementor-element elementor-element-723550f\" data-id=\"723550f\" data-element_type=\"column\" data-e-type=\"column\">\n\t\t\t<div class=\"elementor-widget-wrap elementor-element-populated\">\n\t\t\t\t\t\t<div class=\"elementor-element elementor-element-3baf42d elementor-widget elementor-widget-image\" data-id=\"3baf42d\" data-element_type=\"widget\" data-e-type=\"widget\" data-widget_type=\"image.default\">\n\t\t\t\t<div class=\"elementor-widget-container\">\n\t\t\t\t\t\t\t\t\t\t\t\t\t\t\t<img decoding=\"async\" width=\"114\" height=\"35\" src=\"https:\/\/inforest.com.ar\/wp-content\/uploads\/2024\/06\/logo-white.png\" class=\"attachment-full size-full wp-image-25327\" alt=\"\" \/>\t\t\t\t\t\t\t\t\t\t\t\t\t\t\t<\/div>\n\t\t\t\t<\/div>\n\t\t\t\t\t<\/div>\n\t\t<\/div>\n\t\t\t\t<div class=\"elementor-column elementor-col-50 elementor-top-column elementor-element elementor-element-f15d6d3\" data-id=\"f15d6d3\" data-element_type=\"column\" data-e-type=\"column\">\n\t\t\t<div class=\"elementor-widget-wrap elementor-element-populated\">\n\t\t\t\t\t\t<div class=\"elementor-element elementor-element-659fdea elementor-widget elementor-widget-text-editor\" data-id=\"659fdea\" data-element_type=\"widget\" data-e-type=\"widget\" data-widget_type=\"text-editor.default\">\n\t\t\t\t<div class=\"elementor-widget-container\">\n\t\t\t\t\t\t\t\t\t<p>\u00a0\u00a9 2025 &#8211; Inforest &#8211; Todos los Derechos Reservados<\/p>\t\t\t\t\t\t\t\t<\/div>\n\t\t\t\t<\/div>\n\t\t\t\t\t<\/div>\n\t\t<\/div>\n\t\t\t\t\t<\/div>\n\t\t<\/section>\n\t\t\t\t<\/div>\n\t\t","protected":false},"excerpt":{"rendered":"<p>Hvala, ker ste nas kontaktirali! Prejeli smo va\u0161e podatke in vas bomo kontaktirali v najkraj\u0161em mo\u017enem \u010dasu. Veselimo se, da vam lahko pomagamo in odgovorimo na vsa va\u0161a vpra\u0161anja. Kaj lahko storite zdaj? Medtem ko \u010dakate na na\u0161 odgovor, vas vabimo, da \u0161e naprej raziskujete na\u0161o spletno stran in nas spremljate na dru\u017ebenih omre\u017ejih, da [&hellip;]<\/p>\n","protected":false},"author":2,"featured_media":0,"parent":29555,"menu_order":0,"comment_status":"closed","ping_status":"closed","template":"elementor_canvas","meta":{"_acf_changed":false,"footnotes":""},"class_list":["post-29564","page","type-page","status-publish","hentry"],"acf":[],"yoast_head":"<!-- This site is optimized with the Yoast SEO plugin v27.0 - https:\/\/yoast.com\/product\/yoast-seo-wordpress\/ -->\n<title>Zahvalna stran - Inforest<\/title>\n<meta name=\"robots\" content=\"index, follow, max-snippet:-1, max-image-preview:large, max-video-preview:-1\" \/>\n<link rel=\"canonical\" href=\"https:\/\/inforest.com.ar\/ibe\/kontakt-slovenija\/zahvalna-stran\/\" \/>\n<meta property=\"og:locale\" content=\"es_ES\" \/>\n<meta property=\"og:type\" content=\"article\" \/>\n<meta property=\"og:title\" content=\"Zahvalna stran - Inforest\" \/>\n<meta property=\"og:description\" content=\"Hvala, ker ste nas kontaktirali! Prejeli smo va\u0161e podatke in vas bomo kontaktirali v najkraj\u0161em mo\u017enem \u010dasu. Veselimo se, da vam lahko pomagamo in odgovorimo na vsa va\u0161a vpra\u0161anja. Kaj lahko storite zdaj? Medtem ko \u010dakate na na\u0161 odgovor, vas vabimo, da \u0161e naprej raziskujete na\u0161o spletno stran in nas spremljate na dru\u017ebenih omre\u017ejih, da [&hellip;]\" \/>\n<meta property=\"og:url\" content=\"https:\/\/inforest.com.ar\/ibe\/kontakt-slovenija\/zahvalna-stran\/\" \/>\n<meta property=\"og:site_name\" content=\"Inforest\" \/>\n<meta property=\"article:modified_time\" content=\"2025-07-14T12:49:24+00:00\" \/>\n<meta property=\"og:image\" content=\"https:\/\/inforest.com.ar\/wp-content\/uploads\/2025\/05\/LOGO-INFOREST-SINFONDO-LLAMABLANCA.png\" \/>\n\t<meta property=\"og:image:width\" content=\"1234\" \/>\n\t<meta property=\"og:image:height\" content=\"251\" \/>\n\t<meta property=\"og:image:type\" content=\"image\/png\" \/>\n<meta name=\"twitter:card\" content=\"summary_large_image\" \/>\n<meta name=\"twitter:label1\" content=\"Est. reading time\" \/>\n\t<meta name=\"twitter:data1\" content=\"1 minute\" \/>\n<script type=\"application\/ld+json\" class=\"yoast-schema-graph\">{\"@context\":\"https:\/\/schema.org\",\"@graph\":[{\"@type\":\"WebPage\",\"@id\":\"https:\/\/inforest.com.ar\/ibe\/kontakt-slovenija\/zahvalna-stran\/\",\"url\":\"https:\/\/inforest.com.ar\/ibe\/kontakt-slovenija\/zahvalna-stran\/\",\"name\":\"Zahvalna stran - Inforest\",\"isPartOf\":{\"@id\":\"https:\/\/inforest.com.ar\/#website\"},\"primaryImageOfPage\":{\"@id\":\"https:\/\/inforest.com.ar\/ibe\/kontakt-slovenija\/zahvalna-stran\/#primaryimage\"},\"image\":{\"@id\":\"https:\/\/inforest.com.ar\/ibe\/kontakt-slovenija\/zahvalna-stran\/#primaryimage\"},\"thumbnailUrl\":\"https:\/\/inforest.com.ar\/wp-content\/uploads\/2025\/05\/LOGO-INFOREST-SINFONDO-LLAMABLANCA-1024x208.png\",\"datePublished\":\"2025-07-14T12:49:00+00:00\",\"dateModified\":\"2025-07-14T12:49:24+00:00\",\"breadcrumb\":{\"@id\":\"https:\/\/inforest.com.ar\/ibe\/kontakt-slovenija\/zahvalna-stran\/#breadcrumb\"},\"inLanguage\":\"es-IBE\",\"potentialAction\":[{\"@type\":\"ReadAction\",\"target\":[\"https:\/\/inforest.com.ar\/ibe\/kontakt-slovenija\/zahvalna-stran\/\"]}]},{\"@type\":\"ImageObject\",\"inLanguage\":\"es-IBE\",\"@id\":\"https:\/\/inforest.com.ar\/ibe\/kontakt-slovenija\/zahvalna-stran\/#primaryimage\",\"url\":\"https:\/\/inforest.com.ar\/wp-content\/uploads\/2025\/05\/LOGO-INFOREST-SINFONDO-LLAMABLANCA-1024x208.png\",\"contentUrl\":\"https:\/\/inforest.com.ar\/wp-content\/uploads\/2025\/05\/LOGO-INFOREST-SINFONDO-LLAMABLANCA-1024x208.png\"},{\"@type\":\"BreadcrumbList\",\"@id\":\"https:\/\/inforest.com.ar\/ibe\/kontakt-slovenija\/zahvalna-stran\/#breadcrumb\",\"itemListElement\":[{\"@type\":\"ListItem\",\"position\":1,\"name\":\"Portada\",\"item\":\"https:\/\/inforest.com.ar\/ibe\/\"},{\"@type\":\"ListItem\",\"position\":2,\"name\":\"Kontakt SL\",\"item\":\"https:\/\/inforest.com.ar\/ibe\/kontakt-slovenija\/\"},{\"@type\":\"ListItem\",\"position\":3,\"name\":\"Zahvalna stran\"}]},{\"@type\":\"WebSite\",\"@id\":\"https:\/\/inforest.com.ar\/#website\",\"url\":\"https:\/\/inforest.com.ar\/\",\"name\":\"Inforest\",\"description\":\"L\u00edderes en Equipamientos para Incendios Forestales\",\"publisher\":{\"@id\":\"https:\/\/inforest.com.ar\/#organization\"},\"potentialAction\":[{\"@type\":\"SearchAction\",\"target\":{\"@type\":\"EntryPoint\",\"urlTemplate\":\"https:\/\/inforest.com.ar\/?s={search_term_string}\"},\"query-input\":{\"@type\":\"PropertyValueSpecification\",\"valueRequired\":true,\"valueName\":\"search_term_string\"}}],\"inLanguage\":\"es-IBE\"},{\"@type\":\"Organization\",\"@id\":\"https:\/\/inforest.com.ar\/#organization\",\"name\":\"Inforest\",\"url\":\"https:\/\/inforest.com.ar\/\",\"logo\":{\"@type\":\"ImageObject\",\"inLanguage\":\"es-IBE\",\"@id\":\"https:\/\/inforest.com.ar\/#\/schema\/logo\/image\/\",\"url\":\"https:\/\/inforest.com.ar\/wp-content\/uploads\/2022\/05\/logoinfo.svg\",\"contentUrl\":\"https:\/\/inforest.com.ar\/wp-content\/uploads\/2022\/05\/logoinfo.svg\",\"width\":118,\"height\":20,\"caption\":\"Inforest\"},\"image\":{\"@id\":\"https:\/\/inforest.com.ar\/#\/schema\/logo\/image\/\"}}]}<\/script>\n<!-- \/ Yoast SEO plugin. -->","yoast_head_json":{"title":"Zahvalna stran - Inforest","robots":{"index":"index","follow":"follow","max-snippet":"max-snippet:-1","max-image-preview":"max-image-preview:large","max-video-preview":"max-video-preview:-1"},"canonical":"https:\/\/inforest.com.ar\/ibe\/kontakt-slovenija\/zahvalna-stran\/","og_locale":"es_ES","og_type":"article","og_title":"Zahvalna stran - Inforest","og_description":"Hvala, ker ste nas kontaktirali! Prejeli smo va\u0161e podatke in vas bomo kontaktirali v najkraj\u0161em mo\u017enem \u010dasu. Veselimo se, da vam lahko pomagamo in odgovorimo na vsa va\u0161a vpra\u0161anja. Kaj lahko storite zdaj? Medtem ko \u010dakate na na\u0161 odgovor, vas vabimo, da \u0161e naprej raziskujete na\u0161o spletno stran in nas spremljate na dru\u017ebenih omre\u017ejih, da [&hellip;]","og_url":"https:\/\/inforest.com.ar\/ibe\/kontakt-slovenija\/zahvalna-stran\/","og_site_name":"Inforest","article_modified_time":"2025-07-14T12:49:24+00:00","og_image":[{"width":1234,"height":251,"url":"https:\/\/inforest.com.ar\/wp-content\/uploads\/2025\/05\/LOGO-INFOREST-SINFONDO-LLAMABLANCA.png","type":"image\/png"}],"twitter_card":"summary_large_image","twitter_misc":{"Est. reading time":"1 minute"},"schema":{"@context":"https:\/\/schema.org","@graph":[{"@type":"WebPage","@id":"https:\/\/inforest.com.ar\/ibe\/kontakt-slovenija\/zahvalna-stran\/","url":"https:\/\/inforest.com.ar\/ibe\/kontakt-slovenija\/zahvalna-stran\/","name":"Zahvalna stran - Inforest","isPartOf":{"@id":"https:\/\/inforest.com.ar\/#website"},"primaryImageOfPage":{"@id":"https:\/\/inforest.com.ar\/ibe\/kontakt-slovenija\/zahvalna-stran\/#primaryimage"},"image":{"@id":"https:\/\/inforest.com.ar\/ibe\/kontakt-slovenija\/zahvalna-stran\/#primaryimage"},"thumbnailUrl":"https:\/\/inforest.com.ar\/wp-content\/uploads\/2025\/05\/LOGO-INFOREST-SINFONDO-LLAMABLANCA-1024x208.png","datePublished":"2025-07-14T12:49:00+00:00","dateModified":"2025-07-14T12:49:24+00:00","breadcrumb":{"@id":"https:\/\/inforest.com.ar\/ibe\/kontakt-slovenija\/zahvalna-stran\/#breadcrumb"},"inLanguage":"es-IBE","potentialAction":[{"@type":"ReadAction","target":["https:\/\/inforest.com.ar\/ibe\/kontakt-slovenija\/zahvalna-stran\/"]}]},{"@type":"ImageObject","inLanguage":"es-IBE","@id":"https:\/\/inforest.com.ar\/ibe\/kontakt-slovenija\/zahvalna-stran\/#primaryimage","url":"https:\/\/inforest.com.ar\/wp-content\/uploads\/2025\/05\/LOGO-INFOREST-SINFONDO-LLAMABLANCA-1024x208.png","contentUrl":"https:\/\/inforest.com.ar\/wp-content\/uploads\/2025\/05\/LOGO-INFOREST-SINFONDO-LLAMABLANCA-1024x208.png"},{"@type":"BreadcrumbList","@id":"https:\/\/inforest.com.ar\/ibe\/kontakt-slovenija\/zahvalna-stran\/#breadcrumb","itemListElement":[{"@type":"ListItem","position":1,"name":"Portada","item":"https:\/\/inforest.com.ar\/ibe\/"},{"@type":"ListItem","position":2,"name":"Kontakt SL","item":"https:\/\/inforest.com.ar\/ibe\/kontakt-slovenija\/"},{"@type":"ListItem","position":3,"name":"Zahvalna stran"}]},{"@type":"WebSite","@id":"https:\/\/inforest.com.ar\/#website","url":"https:\/\/inforest.com.ar\/","name":"Inforest","description":"L\u00edderes en Equipamientos para Incendios Forestales","publisher":{"@id":"https:\/\/inforest.com.ar\/#organization"},"potentialAction":[{"@type":"SearchAction","target":{"@type":"EntryPoint","urlTemplate":"https:\/\/inforest.com.ar\/?s={search_term_string}"},"query-input":{"@type":"PropertyValueSpecification","valueRequired":true,"valueName":"search_term_string"}}],"inLanguage":"es-IBE"},{"@type":"Organization","@id":"https:\/\/inforest.com.ar\/#organization","name":"Inforest","url":"https:\/\/inforest.com.ar\/","logo":{"@type":"ImageObject","inLanguage":"es-IBE","@id":"https:\/\/inforest.com.ar\/#\/schema\/logo\/image\/","url":"https:\/\/inforest.com.ar\/wp-content\/uploads\/2022\/05\/logoinfo.svg","contentUrl":"https:\/\/inforest.com.ar\/wp-content\/uploads\/2022\/05\/logoinfo.svg","width":118,"height":20,"caption":"Inforest"},"image":{"@id":"https:\/\/inforest.com.ar\/#\/schema\/logo\/image\/"}}]}},"_links":{"self":[{"href":"https:\/\/inforest.com.ar\/ibe\/wp-json\/wp\/v2\/pages\/29564","targetHints":{"allow":["GET"]}}],"collection":[{"href":"https:\/\/inforest.com.ar\/ibe\/wp-json\/wp\/v2\/pages"}],"about":[{"href":"https:\/\/inforest.com.ar\/ibe\/wp-json\/wp\/v2\/types\/page"}],"author":[{"embeddable":true,"href":"https:\/\/inforest.com.ar\/ibe\/wp-json\/wp\/v2\/users\/2"}],"replies":[{"embeddable":true,"href":"https:\/\/inforest.com.ar\/ibe\/wp-json\/wp\/v2\/comments?post=29564"}],"version-history":[{"count":7,"href":"https:\/\/inforest.com.ar\/ibe\/wp-json\/wp\/v2\/pages\/29564\/revisions"}],"predecessor-version":[{"id":29571,"href":"https:\/\/inforest.com.ar\/ibe\/wp-json\/wp\/v2\/pages\/29564\/revisions\/29571"}],"up":[{"embeddable":true,"href":"https:\/\/inforest.com.ar\/ibe\/wp-json\/wp\/v2\/pages\/29555"}],"wp:attachment":[{"href":"https:\/\/inforest.com.ar\/ibe\/wp-json\/wp\/v2\/media?parent=29564"}],"curies":[{"name":"wp","href":"https:\/\/api.w.org\/{rel}","templated":true}]}}