{"id":27356,"date":"2024-11-25T13:09:29","date_gmt":"2024-11-25T16:09:29","guid":{"rendered":"https:\/\/inforest.com.ar\/?page_id=27356"},"modified":"2024-11-25T13:12:35","modified_gmt":"2024-11-25T16:12:35","slug":"koszonooldal-magyarorszag","status":"publish","type":"page","link":"https:\/\/inforest.com.ar\/ibe\/hungary-kapcsolat\/koszonooldal-magyarorszag\/","title":{"rendered":"P\u00e1gina de gracias Hungr\u00eda"},"content":{"rendered":"\t\t<div data-elementor-type=\"wp-page\" data-elementor-id=\"27356\" class=\"elementor elementor-27356\" data-elementor-post-type=\"page\">\n\t\t\t\t\t\t<section class=\"elementor-section elementor-top-section elementor-element elementor-element-a9de737 elementor-section-full_width elementor-section-height-default elementor-section-height-default\" data-id=\"a9de737\" data-element_type=\"section\" data-e-type=\"section\">\n\t\t\t\t\t\t<div class=\"elementor-container elementor-column-gap-default\">\n\t\t\t\t\t<div class=\"elementor-column elementor-col-100 elementor-top-column elementor-element elementor-element-ae20974\" data-id=\"ae20974\" data-element_type=\"column\" data-e-type=\"column\">\n\t\t\t<div class=\"elementor-widget-wrap elementor-element-populated\">\n\t\t\t\t\t\t<div class=\"elementor-element elementor-element-7287785 elementor-widget elementor-widget-image\" data-id=\"7287785\" data-element_type=\"widget\" data-e-type=\"widget\" data-widget_type=\"image.default\">\n\t\t\t\t<div class=\"elementor-widget-container\">\n\t\t\t\t\t\t\t\t\t\t\t\t\t\t\t<img fetchpriority=\"high\" decoding=\"async\" width=\"800\" height=\"538\" src=\"https:\/\/inforest.com.ar\/wp-content\/uploads\/2023\/08\/logoINf.png\" class=\"attachment-large size-large wp-image-19750\" alt=\"\" srcset=\"https:\/\/inforest.com.ar\/wp-content\/uploads\/2023\/08\/logoINf.png 800w, https:\/\/inforest.com.ar\/wp-content\/uploads\/2023\/08\/logoINf-600x404.png 600w, https:\/\/inforest.com.ar\/wp-content\/uploads\/2023\/08\/logoINf-300x202.png 300w, https:\/\/inforest.com.ar\/wp-content\/uploads\/2023\/08\/logoINf-768x516.png 768w\" sizes=\"(max-width: 800px) 100vw, 800px\" \/>\t\t\t\t\t\t\t\t\t\t\t\t\t\t\t<\/div>\n\t\t\t\t<\/div>\n\t\t\t\t\t<\/div>\n\t\t<\/div>\n\t\t\t\t\t<\/div>\n\t\t<\/section>\n\t\t\t\t<section class=\"elementor-section elementor-top-section elementor-element elementor-element-afeb3d2 elementor-section-height-full elementor-section-boxed elementor-section-height-default elementor-section-items-middle\" data-id=\"afeb3d2\" data-element_type=\"section\" data-e-type=\"section\">\n\t\t\t\t\t\t<div class=\"elementor-container elementor-column-gap-default\">\n\t\t\t\t\t<div class=\"elementor-column elementor-col-100 elementor-top-column elementor-element elementor-element-1a4f43a\" data-id=\"1a4f43a\" data-element_type=\"column\" data-e-type=\"column\">\n\t\t\t<div class=\"elementor-widget-wrap elementor-element-populated\">\n\t\t\t\t\t\t<div class=\"elementor-element elementor-element-473975d elementor-widget elementor-widget-heading\" data-id=\"473975d\" data-element_type=\"widget\" data-e-type=\"widget\" data-widget_type=\"heading.default\">\n\t\t\t\t<div class=\"elementor-widget-container\">\n\t\t\t\t\t<h1 class=\"elementor-heading-title elementor-size-default\">K\u00f6sz\u00f6nj\u00fck, hogy kapcsolatba l\u00e9pett vel\u00fcnk!<\/h1>\t\t\t\t<\/div>\n\t\t\t\t<\/div>\n\t\t\t\t<div class=\"elementor-element elementor-element-19ff612 elementor-widget elementor-widget-text-editor\" data-id=\"19ff612\" data-element_type=\"widget\" data-e-type=\"widget\" data-widget_type=\"text-editor.default\">\n\t\t\t\t<div class=\"elementor-widget-container\">\n\t\t\t\t\t\t\t\t\t<p>Megkaptuk az adatait, \u00e9s a lehet\u0151 leghamarabb felvessz\u00fck \u00d6nnel a kapcsolatot. Izgatottan v\u00e1rjuk, hogy seg\u00edts\u00fcnk \u00d6nnek, \u00e9s megv\u00e1laszoljuk minden k\u00e9rd\u00e9s\u00e9t.<\/p>\t\t\t\t\t\t\t\t<\/div>\n\t\t\t\t<\/div>\n\t\t\t\t<div class=\"elementor-element elementor-element-edd8f0e elementor-widget elementor-widget-heading\" data-id=\"edd8f0e\" data-element_type=\"widget\" data-e-type=\"widget\" data-widget_type=\"heading.default\">\n\t\t\t\t<div class=\"elementor-widget-container\">\n\t\t\t\t\t<h2 class=\"elementor-heading-title elementor-size-default\">Mit tehet most?<\/h2>\t\t\t\t<\/div>\n\t\t\t\t<\/div>\n\t\t\t\t<div class=\"elementor-element elementor-element-f68dca2 elementor-widget elementor-widget-text-editor\" data-id=\"f68dca2\" data-element_type=\"widget\" data-e-type=\"widget\" data-widget_type=\"text-editor.default\">\n\t\t\t\t<div class=\"elementor-widget-container\">\n\t\t\t\t\t\t\t\t\t<p>Am\u00edg v\u00e1r a v\u00e1laszunkra, javasoljuk, hogy fedezze fel tov\u00e1bb weboldalunkat, \u00e9s csatlakozzon hozz\u00e1nk k\u00f6z\u00f6ss\u00e9gi oldalainkon, hogy \u00e9rtes\u00fclj\u00f6n a legfrissebb h\u00edrekr\u0151l, akci\u00f3kr\u00f3l \u00e9s exkluz\u00edv tartalmakr\u00f3l.<\/p>\t\t\t\t\t\t\t\t<\/div>\n\t\t\t\t<\/div>\n\t\t\t\t<div class=\"elementor-element elementor-element-4714dd5 elementor-shape-rounded elementor-grid-0 e-grid-align-center elementor-widget elementor-widget-social-icons\" data-id=\"4714dd5\" data-element_type=\"widget\" data-e-type=\"widget\" data-widget_type=\"social-icons.default\">\n\t\t\t\t<div class=\"elementor-widget-container\">\n\t\t\t\t\t\t\t<div class=\"elementor-social-icons-wrapper elementor-grid\" role=\"list\">\n\t\t\t\t\t\t\t<span class=\"elementor-grid-item\" role=\"listitem\">\n\t\t\t\t\t<a class=\"elementor-icon elementor-social-icon elementor-social-icon-facebook elementor-repeater-item-ea42500\" href=\"https:\/\/www.facebook.com\/InforestIbericaSL\" target=\"_blank\">\n\t\t\t\t\t\t<span class=\"elementor-screen-only\">Facebook<\/span>\n\t\t\t\t\t\t<i aria-hidden=\"true\" class=\"fab fa-facebook\"><\/i>\t\t\t\t\t<\/a>\n\t\t\t\t<\/span>\n\t\t\t\t\t\t\t<span class=\"elementor-grid-item\" role=\"listitem\">\n\t\t\t\t\t<a class=\"elementor-icon elementor-social-icon elementor-social-icon-instagram elementor-repeater-item-c8c54b5\" href=\"https:\/\/www.instagram.com\/inforestiberica\/\" target=\"_blank\">\n\t\t\t\t\t\t<span class=\"elementor-screen-only\">Instagram<\/span>\n\t\t\t\t\t\t<i aria-hidden=\"true\" class=\"fab fa-instagram\"><\/i>\t\t\t\t\t<\/a>\n\t\t\t\t<\/span>\n\t\t\t\t\t\t\t<span class=\"elementor-grid-item\" role=\"listitem\">\n\t\t\t\t\t<a class=\"elementor-icon elementor-social-icon elementor-social-icon-youtube elementor-repeater-item-5f77cd7\" href=\"https:\/\/www.youtube.com\/@inforest_incendiosforestales\" target=\"_blank\">\n\t\t\t\t\t\t<span class=\"elementor-screen-only\">Youtube<\/span>\n\t\t\t\t\t\t<i aria-hidden=\"true\" class=\"fab fa-youtube\"><\/i>\t\t\t\t\t<\/a>\n\t\t\t\t<\/span>\n\t\t\t\t\t<\/div>\n\t\t\t\t\t\t<\/div>\n\t\t\t\t<\/div>\n\t\t\t\t<div class=\"elementor-element elementor-element-40eb625 elementor-align-center elementor-widget elementor-widget-button\" data-id=\"40eb625\" data-element_type=\"widget\" data-e-type=\"widget\" data-widget_type=\"button.default\">\n\t\t\t\t<div class=\"elementor-widget-container\">\n\t\t\t\t\t\t\t\t\t<div class=\"elementor-button-wrapper\">\n\t\t\t\t\t<a class=\"elementor-button elementor-button-link elementor-size-sm\" href=\"https:\/\/inforest.com.ar\/ibe\/\">\n\t\t\t\t\t\t<span class=\"elementor-button-content-wrapper\">\n\t\t\t\t\t\t\t\t\t<span class=\"elementor-button-text\">Vissza a weboldalra \u2192<\/span>\n\t\t\t\t\t<\/span>\n\t\t\t\t\t<\/a>\n\t\t\t\t<\/div>\n\t\t\t\t\t\t\t\t<\/div>\n\t\t\t\t<\/div>\n\t\t\t\t\t<\/div>\n\t\t<\/div>\n\t\t\t\t\t<\/div>\n\t\t<\/section>\n\t\t\t\t<section class=\"elementor-section elementor-top-section elementor-element elementor-element-bded5c9 elementor-section-boxed elementor-section-height-default elementor-section-height-default\" data-id=\"bded5c9\" data-element_type=\"section\" data-e-type=\"section\" data-settings=\"{&quot;background_background&quot;:&quot;classic&quot;}\">\n\t\t\t\t\t\t<div class=\"elementor-container elementor-column-gap-default\">\n\t\t\t\t\t<div class=\"elementor-column elementor-col-50 elementor-top-column elementor-element elementor-element-723550f\" data-id=\"723550f\" data-element_type=\"column\" data-e-type=\"column\">\n\t\t\t<div class=\"elementor-widget-wrap elementor-element-populated\">\n\t\t\t\t\t\t<div class=\"elementor-element elementor-element-3baf42d elementor-widget elementor-widget-image\" data-id=\"3baf42d\" data-element_type=\"widget\" data-e-type=\"widget\" data-widget_type=\"image.default\">\n\t\t\t\t<div class=\"elementor-widget-container\">\n\t\t\t\t\t\t\t\t\t\t\t\t\t\t\t<img decoding=\"async\" width=\"114\" height=\"35\" src=\"https:\/\/inforest.com.ar\/wp-content\/uploads\/2024\/06\/logo-white.png\" class=\"attachment-full size-full wp-image-25327\" alt=\"\" \/>\t\t\t\t\t\t\t\t\t\t\t\t\t\t\t<\/div>\n\t\t\t\t<\/div>\n\t\t\t\t\t<\/div>\n\t\t<\/div>\n\t\t\t\t<div class=\"elementor-column elementor-col-50 elementor-top-column elementor-element elementor-element-f15d6d3\" data-id=\"f15d6d3\" data-element_type=\"column\" data-e-type=\"column\">\n\t\t\t<div class=\"elementor-widget-wrap elementor-element-populated\">\n\t\t\t\t\t\t<div class=\"elementor-element elementor-element-659fdea elementor-widget elementor-widget-text-editor\" data-id=\"659fdea\" data-element_type=\"widget\" data-e-type=\"widget\" data-widget_type=\"text-editor.default\">\n\t\t\t\t<div class=\"elementor-widget-container\">\n\t\t\t\t\t\t\t\t\t<p>\u00a0\u00a9 2024 &#8211; Inforest &#8211; All rights reserved<\/p>\t\t\t\t\t\t\t\t<\/div>\n\t\t\t\t<\/div>\n\t\t\t\t\t<\/div>\n\t\t<\/div>\n\t\t\t\t\t<\/div>\n\t\t<\/section>\n\t\t\t\t<\/div>\n\t\t","protected":false},"excerpt":{"rendered":"<p>K\u00f6sz\u00f6nj\u00fck, hogy kapcsolatba l\u00e9pett vel\u00fcnk! Megkaptuk az adatait, \u00e9s a lehet\u0151 leghamarabb felvessz\u00fck \u00d6nnel a kapcsolatot. Izgatottan v\u00e1rjuk, hogy seg\u00edts\u00fcnk \u00d6nnek, \u00e9s megv\u00e1laszoljuk minden k\u00e9rd\u00e9s\u00e9t. Mit tehet most? Am\u00edg v\u00e1r a v\u00e1laszunkra, javasoljuk, hogy fedezze fel tov\u00e1bb weboldalunkat, \u00e9s csatlakozzon hozz\u00e1nk k\u00f6z\u00f6ss\u00e9gi oldalainkon, hogy \u00e9rtes\u00fclj\u00f6n a legfrissebb h\u00edrekr\u0151l, akci\u00f3kr\u00f3l \u00e9s exkluz\u00edv tartalmakr\u00f3l. Facebook Instagram Youtube [&hellip;]<\/p>\n","protected":false},"author":2,"featured_media":0,"parent":27297,"menu_order":0,"comment_status":"closed","ping_status":"closed","template":"elementor_canvas","meta":{"_acf_changed":false,"footnotes":""},"class_list":["post-27356","page","type-page","status-publish","hentry"],"acf":[],"yoast_head":"<!-- This site is optimized with the Yoast SEO plugin v27.0 - https:\/\/yoast.com\/product\/yoast-seo-wordpress\/ -->\n<title>P\u00e1gina de gracias Hungr\u00eda - Inforest<\/title>\n<meta name=\"robots\" content=\"index, follow, max-snippet:-1, max-image-preview:large, max-video-preview:-1\" \/>\n<link rel=\"canonical\" href=\"https:\/\/inforest.com.ar\/ibe\/hungary-kapcsolat\/koszonooldal-magyarorszag\/\" \/>\n<meta property=\"og:locale\" content=\"es_ES\" \/>\n<meta property=\"og:type\" content=\"article\" \/>\n<meta property=\"og:title\" content=\"P\u00e1gina de gracias Hungr\u00eda - Inforest\" \/>\n<meta property=\"og:description\" content=\"K\u00f6sz\u00f6nj\u00fck, hogy kapcsolatba l\u00e9pett vel\u00fcnk! Megkaptuk az adatait, \u00e9s a lehet\u0151 leghamarabb felvessz\u00fck \u00d6nnel a kapcsolatot. Izgatottan v\u00e1rjuk, hogy seg\u00edts\u00fcnk \u00d6nnek, \u00e9s megv\u00e1laszoljuk minden k\u00e9rd\u00e9s\u00e9t. Mit tehet most? Am\u00edg v\u00e1r a v\u00e1laszunkra, javasoljuk, hogy fedezze fel tov\u00e1bb weboldalunkat, \u00e9s csatlakozzon hozz\u00e1nk k\u00f6z\u00f6ss\u00e9gi oldalainkon, hogy \u00e9rtes\u00fclj\u00f6n a legfrissebb h\u00edrekr\u0151l, akci\u00f3kr\u00f3l \u00e9s exkluz\u00edv tartalmakr\u00f3l. Facebook Instagram Youtube [&hellip;]\" \/>\n<meta property=\"og:url\" content=\"https:\/\/inforest.com.ar\/ibe\/hungary-kapcsolat\/koszonooldal-magyarorszag\/\" \/>\n<meta property=\"og:site_name\" content=\"Inforest\" \/>\n<meta property=\"article:modified_time\" content=\"2024-11-25T16:12:35+00:00\" \/>\n<meta property=\"og:image\" content=\"https:\/\/inforest.com.ar\/wp-content\/uploads\/2023\/08\/logoINf.png\" \/>\n\t<meta property=\"og:image:width\" content=\"800\" \/>\n\t<meta property=\"og:image:height\" content=\"538\" \/>\n\t<meta property=\"og:image:type\" content=\"image\/png\" \/>\n<meta name=\"twitter:card\" content=\"summary_large_image\" \/>\n<meta name=\"twitter:label1\" content=\"Est. reading time\" \/>\n\t<meta name=\"twitter:data1\" content=\"1 minute\" \/>\n<script type=\"application\/ld+json\" class=\"yoast-schema-graph\">{\"@context\":\"https:\/\/schema.org\",\"@graph\":[{\"@type\":\"WebPage\",\"@id\":\"https:\/\/inforest.com.ar\/ibe\/hungary-kapcsolat\/koszonooldal-magyarorszag\/\",\"url\":\"https:\/\/inforest.com.ar\/ibe\/hungary-kapcsolat\/koszonooldal-magyarorszag\/\",\"name\":\"P\u00e1gina de gracias Hungr\u00eda - Inforest\",\"isPartOf\":{\"@id\":\"https:\/\/inforest.com.ar\/#website\"},\"primaryImageOfPage\":{\"@id\":\"https:\/\/inforest.com.ar\/ibe\/hungary-kapcsolat\/koszonooldal-magyarorszag\/#primaryimage\"},\"image\":{\"@id\":\"https:\/\/inforest.com.ar\/ibe\/hungary-kapcsolat\/koszonooldal-magyarorszag\/#primaryimage\"},\"thumbnailUrl\":\"https:\/\/inforest.com.ar\/wp-content\/uploads\/2023\/08\/logoINf.png\",\"datePublished\":\"2024-11-25T16:09:29+00:00\",\"dateModified\":\"2024-11-25T16:12:35+00:00\",\"breadcrumb\":{\"@id\":\"https:\/\/inforest.com.ar\/ibe\/hungary-kapcsolat\/koszonooldal-magyarorszag\/#breadcrumb\"},\"inLanguage\":\"es-IBE\",\"potentialAction\":[{\"@type\":\"ReadAction\",\"target\":[\"https:\/\/inforest.com.ar\/ibe\/hungary-kapcsolat\/koszonooldal-magyarorszag\/\"]}]},{\"@type\":\"ImageObject\",\"inLanguage\":\"es-IBE\",\"@id\":\"https:\/\/inforest.com.ar\/ibe\/hungary-kapcsolat\/koszonooldal-magyarorszag\/#primaryimage\",\"url\":\"https:\/\/inforest.com.ar\/wp-content\/uploads\/2023\/08\/logoINf.png\",\"contentUrl\":\"https:\/\/inforest.com.ar\/wp-content\/uploads\/2023\/08\/logoINf.png\"},{\"@type\":\"BreadcrumbList\",\"@id\":\"https:\/\/inforest.com.ar\/ibe\/hungary-kapcsolat\/koszonooldal-magyarorszag\/#breadcrumb\",\"itemListElement\":[{\"@type\":\"ListItem\",\"position\":1,\"name\":\"Portada\",\"item\":\"https:\/\/inforest.com.ar\/ibe\/\"},{\"@type\":\"ListItem\",\"position\":2,\"name\":\"Hungary kapcsolat\",\"item\":\"https:\/\/inforest.com.ar\/ibe\/hungary-kapcsolat\/\"},{\"@type\":\"ListItem\",\"position\":3,\"name\":\"P\u00e1gina de gracias Hungr\u00eda\"}]},{\"@type\":\"WebSite\",\"@id\":\"https:\/\/inforest.com.ar\/#website\",\"url\":\"https:\/\/inforest.com.ar\/\",\"name\":\"Inforest\",\"description\":\"L\u00edderes en Equipamientos para Incendios Forestales\",\"publisher\":{\"@id\":\"https:\/\/inforest.com.ar\/#organization\"},\"potentialAction\":[{\"@type\":\"SearchAction\",\"target\":{\"@type\":\"EntryPoint\",\"urlTemplate\":\"https:\/\/inforest.com.ar\/?s={search_term_string}\"},\"query-input\":{\"@type\":\"PropertyValueSpecification\",\"valueRequired\":true,\"valueName\":\"search_term_string\"}}],\"inLanguage\":\"es-IBE\"},{\"@type\":\"Organization\",\"@id\":\"https:\/\/inforest.com.ar\/#organization\",\"name\":\"Inforest\",\"url\":\"https:\/\/inforest.com.ar\/\",\"logo\":{\"@type\":\"ImageObject\",\"inLanguage\":\"es-IBE\",\"@id\":\"https:\/\/inforest.com.ar\/#\/schema\/logo\/image\/\",\"url\":\"https:\/\/inforest.com.ar\/wp-content\/uploads\/2022\/05\/logoinfo.svg\",\"contentUrl\":\"https:\/\/inforest.com.ar\/wp-content\/uploads\/2022\/05\/logoinfo.svg\",\"width\":118,\"height\":20,\"caption\":\"Inforest\"},\"image\":{\"@id\":\"https:\/\/inforest.com.ar\/#\/schema\/logo\/image\/\"}}]}<\/script>\n<!-- \/ Yoast SEO plugin. -->","yoast_head_json":{"title":"P\u00e1gina de gracias Hungr\u00eda - Inforest","robots":{"index":"index","follow":"follow","max-snippet":"max-snippet:-1","max-image-preview":"max-image-preview:large","max-video-preview":"max-video-preview:-1"},"canonical":"https:\/\/inforest.com.ar\/ibe\/hungary-kapcsolat\/koszonooldal-magyarorszag\/","og_locale":"es_ES","og_type":"article","og_title":"P\u00e1gina de gracias Hungr\u00eda - Inforest","og_description":"K\u00f6sz\u00f6nj\u00fck, hogy kapcsolatba l\u00e9pett vel\u00fcnk! Megkaptuk az adatait, \u00e9s a lehet\u0151 leghamarabb felvessz\u00fck \u00d6nnel a kapcsolatot. Izgatottan v\u00e1rjuk, hogy seg\u00edts\u00fcnk \u00d6nnek, \u00e9s megv\u00e1laszoljuk minden k\u00e9rd\u00e9s\u00e9t. Mit tehet most? Am\u00edg v\u00e1r a v\u00e1laszunkra, javasoljuk, hogy fedezze fel tov\u00e1bb weboldalunkat, \u00e9s csatlakozzon hozz\u00e1nk k\u00f6z\u00f6ss\u00e9gi oldalainkon, hogy \u00e9rtes\u00fclj\u00f6n a legfrissebb h\u00edrekr\u0151l, akci\u00f3kr\u00f3l \u00e9s exkluz\u00edv tartalmakr\u00f3l. Facebook Instagram Youtube [&hellip;]","og_url":"https:\/\/inforest.com.ar\/ibe\/hungary-kapcsolat\/koszonooldal-magyarorszag\/","og_site_name":"Inforest","article_modified_time":"2024-11-25T16:12:35+00:00","og_image":[{"width":800,"height":538,"url":"https:\/\/inforest.com.ar\/wp-content\/uploads\/2023\/08\/logoINf.png","type":"image\/png"}],"twitter_card":"summary_large_image","twitter_misc":{"Est. reading time":"1 minute"},"schema":{"@context":"https:\/\/schema.org","@graph":[{"@type":"WebPage","@id":"https:\/\/inforest.com.ar\/ibe\/hungary-kapcsolat\/koszonooldal-magyarorszag\/","url":"https:\/\/inforest.com.ar\/ibe\/hungary-kapcsolat\/koszonooldal-magyarorszag\/","name":"P\u00e1gina de gracias Hungr\u00eda - Inforest","isPartOf":{"@id":"https:\/\/inforest.com.ar\/#website"},"primaryImageOfPage":{"@id":"https:\/\/inforest.com.ar\/ibe\/hungary-kapcsolat\/koszonooldal-magyarorszag\/#primaryimage"},"image":{"@id":"https:\/\/inforest.com.ar\/ibe\/hungary-kapcsolat\/koszonooldal-magyarorszag\/#primaryimage"},"thumbnailUrl":"https:\/\/inforest.com.ar\/wp-content\/uploads\/2023\/08\/logoINf.png","datePublished":"2024-11-25T16:09:29+00:00","dateModified":"2024-11-25T16:12:35+00:00","breadcrumb":{"@id":"https:\/\/inforest.com.ar\/ibe\/hungary-kapcsolat\/koszonooldal-magyarorszag\/#breadcrumb"},"inLanguage":"es-IBE","potentialAction":[{"@type":"ReadAction","target":["https:\/\/inforest.com.ar\/ibe\/hungary-kapcsolat\/koszonooldal-magyarorszag\/"]}]},{"@type":"ImageObject","inLanguage":"es-IBE","@id":"https:\/\/inforest.com.ar\/ibe\/hungary-kapcsolat\/koszonooldal-magyarorszag\/#primaryimage","url":"https:\/\/inforest.com.ar\/wp-content\/uploads\/2023\/08\/logoINf.png","contentUrl":"https:\/\/inforest.com.ar\/wp-content\/uploads\/2023\/08\/logoINf.png"},{"@type":"BreadcrumbList","@id":"https:\/\/inforest.com.ar\/ibe\/hungary-kapcsolat\/koszonooldal-magyarorszag\/#breadcrumb","itemListElement":[{"@type":"ListItem","position":1,"name":"Portada","item":"https:\/\/inforest.com.ar\/ibe\/"},{"@type":"ListItem","position":2,"name":"Hungary kapcsolat","item":"https:\/\/inforest.com.ar\/ibe\/hungary-kapcsolat\/"},{"@type":"ListItem","position":3,"name":"P\u00e1gina de gracias Hungr\u00eda"}]},{"@type":"WebSite","@id":"https:\/\/inforest.com.ar\/#website","url":"https:\/\/inforest.com.ar\/","name":"Inforest","description":"L\u00edderes en Equipamientos para Incendios Forestales","publisher":{"@id":"https:\/\/inforest.com.ar\/#organization"},"potentialAction":[{"@type":"SearchAction","target":{"@type":"EntryPoint","urlTemplate":"https:\/\/inforest.com.ar\/?s={search_term_string}"},"query-input":{"@type":"PropertyValueSpecification","valueRequired":true,"valueName":"search_term_string"}}],"inLanguage":"es-IBE"},{"@type":"Organization","@id":"https:\/\/inforest.com.ar\/#organization","name":"Inforest","url":"https:\/\/inforest.com.ar\/","logo":{"@type":"ImageObject","inLanguage":"es-IBE","@id":"https:\/\/inforest.com.ar\/#\/schema\/logo\/image\/","url":"https:\/\/inforest.com.ar\/wp-content\/uploads\/2022\/05\/logoinfo.svg","contentUrl":"https:\/\/inforest.com.ar\/wp-content\/uploads\/2022\/05\/logoinfo.svg","width":118,"height":20,"caption":"Inforest"},"image":{"@id":"https:\/\/inforest.com.ar\/#\/schema\/logo\/image\/"}}]}},"_links":{"self":[{"href":"https:\/\/inforest.com.ar\/ibe\/wp-json\/wp\/v2\/pages\/27356","targetHints":{"allow":["GET"]}}],"collection":[{"href":"https:\/\/inforest.com.ar\/ibe\/wp-json\/wp\/v2\/pages"}],"about":[{"href":"https:\/\/inforest.com.ar\/ibe\/wp-json\/wp\/v2\/types\/page"}],"author":[{"embeddable":true,"href":"https:\/\/inforest.com.ar\/ibe\/wp-json\/wp\/v2\/users\/2"}],"replies":[{"embeddable":true,"href":"https:\/\/inforest.com.ar\/ibe\/wp-json\/wp\/v2\/comments?post=27356"}],"version-history":[{"count":7,"href":"https:\/\/inforest.com.ar\/ibe\/wp-json\/wp\/v2\/pages\/27356\/revisions"}],"predecessor-version":[{"id":27363,"href":"https:\/\/inforest.com.ar\/ibe\/wp-json\/wp\/v2\/pages\/27356\/revisions\/27363"}],"up":[{"embeddable":true,"href":"https:\/\/inforest.com.ar\/ibe\/wp-json\/wp\/v2\/pages\/27297"}],"wp:attachment":[{"href":"https:\/\/inforest.com.ar\/ibe\/wp-json\/wp\/v2\/media?parent=27356"}],"curies":[{"name":"wp","href":"https:\/\/api.w.org\/{rel}","templated":true}]}}