{"id":22134,"date":"2023-12-18T15:49:14","date_gmt":"2023-12-18T18:49:14","guid":{"rendered":"https:\/\/inforest.com.ar\/?page_id=22134"},"modified":"2024-06-13T05:19:00","modified_gmt":"2024-06-13T08:19:00","slug":"page-de-remerciements","status":"publish","type":"page","link":"https:\/\/inforest.com.ar\/ibe\/contact-fr\/page-de-remerciements\/","title":{"rendered":"Page de remerciements"},"content":{"rendered":"\t\t<div data-elementor-type=\"wp-page\" data-elementor-id=\"22134\" class=\"elementor elementor-22134\" data-elementor-post-type=\"page\">\n\t\t\t\t\t\t<section class=\"elementor-section elementor-top-section elementor-element elementor-element-ce64514 elementor-section-full_width elementor-section-height-default elementor-section-height-default\" data-id=\"ce64514\" data-element_type=\"section\" data-e-type=\"section\">\n\t\t\t\t\t\t<div class=\"elementor-container elementor-column-gap-default\">\n\t\t\t\t\t<div class=\"elementor-column elementor-col-100 elementor-top-column elementor-element elementor-element-fcd387a\" data-id=\"fcd387a\" data-element_type=\"column\" data-e-type=\"column\">\n\t\t\t<div class=\"elementor-widget-wrap elementor-element-populated\">\n\t\t\t\t\t\t<div class=\"elementor-element elementor-element-e8be73b elementor-widget elementor-widget-image\" data-id=\"e8be73b\" data-element_type=\"widget\" data-e-type=\"widget\" data-widget_type=\"image.default\">\n\t\t\t\t<div class=\"elementor-widget-container\">\n\t\t\t\t\t\t\t\t\t\t\t\t\t\t\t<img fetchpriority=\"high\" decoding=\"async\" width=\"800\" height=\"538\" src=\"https:\/\/inforest.com.ar\/wp-content\/uploads\/2023\/08\/logoINf.png\" class=\"attachment-large size-large wp-image-19750\" alt=\"\" srcset=\"https:\/\/inforest.com.ar\/wp-content\/uploads\/2023\/08\/logoINf.png 800w, https:\/\/inforest.com.ar\/wp-content\/uploads\/2023\/08\/logoINf-600x404.png 600w, https:\/\/inforest.com.ar\/wp-content\/uploads\/2023\/08\/logoINf-300x202.png 300w, https:\/\/inforest.com.ar\/wp-content\/uploads\/2023\/08\/logoINf-768x516.png 768w\" sizes=\"(max-width: 800px) 100vw, 800px\" \/>\t\t\t\t\t\t\t\t\t\t\t\t\t\t\t<\/div>\n\t\t\t\t<\/div>\n\t\t\t\t\t<\/div>\n\t\t<\/div>\n\t\t\t\t\t<\/div>\n\t\t<\/section>\n\t\t\t\t<section class=\"elementor-section elementor-top-section elementor-element elementor-element-68a45b6 elementor-section-height-full elementor-section-boxed elementor-section-height-default elementor-section-items-middle\" data-id=\"68a45b6\" data-element_type=\"section\" data-e-type=\"section\">\n\t\t\t\t\t\t<div class=\"elementor-container elementor-column-gap-default\">\n\t\t\t\t\t<div class=\"elementor-column elementor-col-100 elementor-top-column elementor-element elementor-element-087c94a\" data-id=\"087c94a\" data-element_type=\"column\" data-e-type=\"column\">\n\t\t\t<div class=\"elementor-widget-wrap elementor-element-populated\">\n\t\t\t\t\t\t<div class=\"elementor-element elementor-element-87d921c elementor-widget elementor-widget-heading\" data-id=\"87d921c\" data-element_type=\"widget\" data-e-type=\"widget\" data-widget_type=\"heading.default\">\n\t\t\t\t<div class=\"elementor-widget-container\">\n\t\t\t\t\t<h1 class=\"elementor-heading-title elementor-size-default\">Merci de nous avoir contact\u00e9s !<\/h1>\t\t\t\t<\/div>\n\t\t\t\t<\/div>\n\t\t\t\t<div class=\"elementor-element elementor-element-9ae1e62 elementor-widget elementor-widget-text-editor\" data-id=\"9ae1e62\" data-element_type=\"widget\" data-e-type=\"widget\" data-widget_type=\"text-editor.default\">\n\t\t\t\t<div class=\"elementor-widget-container\">\n\t\t\t\t\t\t\t\t\t<p>Nous avons bien re\u00e7u vos informations et nous vous r\u00e9pondrons dans les plus brefs d\u00e9lais. Nous sommes impatients de vous aider et de r\u00e9pondre \u00e0 toutes vos questions.<\/p>\t\t\t\t\t\t\t\t<\/div>\n\t\t\t\t<\/div>\n\t\t\t\t<div class=\"elementor-element elementor-element-70ba68d elementor-widget elementor-widget-heading\" data-id=\"70ba68d\" data-element_type=\"widget\" data-e-type=\"widget\" data-widget_type=\"heading.default\">\n\t\t\t\t<div class=\"elementor-widget-container\">\n\t\t\t\t\t<h2 class=\"elementor-heading-title elementor-size-default\">Que pouvez-vous faire maintenant ?<\/h2>\t\t\t\t<\/div>\n\t\t\t\t<\/div>\n\t\t\t\t<div class=\"elementor-element elementor-element-14b573f elementor-widget elementor-widget-text-editor\" data-id=\"14b573f\" data-element_type=\"widget\" data-e-type=\"widget\" data-widget_type=\"text-editor.default\">\n\t\t\t\t<div class=\"elementor-widget-container\">\n\t\t\t\t\t\t\t\t\t<p>En attendant notre r\u00e9ponse, nous vous invitons \u00e0 continuer de naviguer sur notre site web et \u00e0 vous connecter avec nous sur les r\u00e9seaux sociaux pour rester inform\u00e9 des derni\u00e8res nouveaut\u00e9s et promotions.<\/p><p>Merci de nous faire confiance et de faire partie de notre communaut\u00e9.<\/p>\t\t\t\t\t\t\t\t<\/div>\n\t\t\t\t<\/div>\n\t\t\t\t<div class=\"elementor-element elementor-element-99b927f elementor-shape-rounded elementor-grid-0 e-grid-align-center elementor-widget elementor-widget-social-icons\" data-id=\"99b927f\" data-element_type=\"widget\" data-e-type=\"widget\" data-widget_type=\"social-icons.default\">\n\t\t\t\t<div class=\"elementor-widget-container\">\n\t\t\t\t\t\t\t<div class=\"elementor-social-icons-wrapper elementor-grid\" role=\"list\">\n\t\t\t\t\t\t\t<span class=\"elementor-grid-item\" role=\"listitem\">\n\t\t\t\t\t<a class=\"elementor-icon elementor-social-icon elementor-social-icon-facebook elementor-repeater-item-ea42500\" href=\"https:\/\/www.facebook.com\/InforestIbericaSL\" target=\"_blank\">\n\t\t\t\t\t\t<span class=\"elementor-screen-only\">Facebook<\/span>\n\t\t\t\t\t\t<i aria-hidden=\"true\" class=\"fab fa-facebook\"><\/i>\t\t\t\t\t<\/a>\n\t\t\t\t<\/span>\n\t\t\t\t\t\t\t<span class=\"elementor-grid-item\" role=\"listitem\">\n\t\t\t\t\t<a class=\"elementor-icon elementor-social-icon elementor-social-icon-instagram elementor-repeater-item-c8c54b5\" href=\"https:\/\/www.instagram.com\/inforestiberica\/\" target=\"_blank\">\n\t\t\t\t\t\t<span class=\"elementor-screen-only\">Instagram<\/span>\n\t\t\t\t\t\t<i aria-hidden=\"true\" class=\"fab fa-instagram\"><\/i>\t\t\t\t\t<\/a>\n\t\t\t\t<\/span>\n\t\t\t\t\t\t\t<span class=\"elementor-grid-item\" role=\"listitem\">\n\t\t\t\t\t<a class=\"elementor-icon elementor-social-icon elementor-social-icon-youtube elementor-repeater-item-5f77cd7\" href=\"https:\/\/www.youtube.com\/@inforest_incendiosforestales\" target=\"_blank\">\n\t\t\t\t\t\t<span class=\"elementor-screen-only\">Youtube<\/span>\n\t\t\t\t\t\t<i aria-hidden=\"true\" class=\"fab fa-youtube\"><\/i>\t\t\t\t\t<\/a>\n\t\t\t\t<\/span>\n\t\t\t\t\t<\/div>\n\t\t\t\t\t\t<\/div>\n\t\t\t\t<\/div>\n\t\t\t\t<div class=\"elementor-element elementor-element-0a54590 elementor-align-center elementor-widget elementor-widget-button\" data-id=\"0a54590\" data-element_type=\"widget\" data-e-type=\"widget\" data-widget_type=\"button.default\">\n\t\t\t\t<div class=\"elementor-widget-container\">\n\t\t\t\t\t\t\t\t\t<div class=\"elementor-button-wrapper\">\n\t\t\t\t\t<a class=\"elementor-button elementor-button-link elementor-size-sm\" href=\"https:\/\/inforest.com.ar\/ibe\/\">\n\t\t\t\t\t\t<span class=\"elementor-button-content-wrapper\">\n\t\t\t\t\t\t\t\t\t<span class=\"elementor-button-text\">Retour au site \u2192<\/span>\n\t\t\t\t\t<\/span>\n\t\t\t\t\t<\/a>\n\t\t\t\t<\/div>\n\t\t\t\t\t\t\t\t<\/div>\n\t\t\t\t<\/div>\n\t\t\t\t\t<\/div>\n\t\t<\/div>\n\t\t\t\t\t<\/div>\n\t\t<\/section>\n\t\t\t\t<section class=\"elementor-section elementor-top-section elementor-element elementor-element-8e26107 elementor-section-boxed elementor-section-height-default elementor-section-height-default\" data-id=\"8e26107\" data-element_type=\"section\" data-e-type=\"section\" data-settings=\"{&quot;background_background&quot;:&quot;classic&quot;}\">\n\t\t\t\t\t\t<div class=\"elementor-container elementor-column-gap-default\">\n\t\t\t\t\t<div class=\"elementor-column elementor-col-50 elementor-top-column elementor-element elementor-element-8992b77\" data-id=\"8992b77\" data-element_type=\"column\" data-e-type=\"column\">\n\t\t\t<div class=\"elementor-widget-wrap elementor-element-populated\">\n\t\t\t\t\t\t<div class=\"elementor-element elementor-element-629370c elementor-widget elementor-widget-image\" data-id=\"629370c\" data-element_type=\"widget\" data-e-type=\"widget\" data-widget_type=\"image.default\">\n\t\t\t\t<div class=\"elementor-widget-container\">\n\t\t\t\t\t\t\t\t\t\t\t\t\t\t\t<img decoding=\"async\" width=\"114\" height=\"35\" src=\"https:\/\/inforest.com.ar\/wp-content\/uploads\/2024\/06\/logo-white.png\" class=\"attachment-full size-full wp-image-25327\" alt=\"\" \/>\t\t\t\t\t\t\t\t\t\t\t\t\t\t\t<\/div>\n\t\t\t\t<\/div>\n\t\t\t\t\t<\/div>\n\t\t<\/div>\n\t\t\t\t<div class=\"elementor-column elementor-col-50 elementor-top-column elementor-element elementor-element-d8acd46\" data-id=\"d8acd46\" data-element_type=\"column\" data-e-type=\"column\">\n\t\t\t<div class=\"elementor-widget-wrap elementor-element-populated\">\n\t\t\t\t\t\t<div class=\"elementor-element elementor-element-9fa8f04 elementor-widget elementor-widget-text-editor\" data-id=\"9fa8f04\" data-element_type=\"widget\" data-e-type=\"widget\" data-widget_type=\"text-editor.default\">\n\t\t\t\t<div class=\"elementor-widget-container\">\n\t\t\t\t\t\t\t\t\t<p>\u00a0\u00a9 2024 &#8211; Inforest &#8211; Todos los Derechos Reservados<\/p>\t\t\t\t\t\t\t\t<\/div>\n\t\t\t\t<\/div>\n\t\t\t\t\t<\/div>\n\t\t<\/div>\n\t\t\t\t\t<\/div>\n\t\t<\/section>\n\t\t\t\t<\/div>\n\t\t","protected":false},"excerpt":{"rendered":"<p>Merci de nous avoir contact\u00e9s ! Nous avons bien re\u00e7u vos informations et nous vous r\u00e9pondrons dans les plus brefs d\u00e9lais. Nous sommes impatients de vous aider et de r\u00e9pondre \u00e0 toutes vos questions. Que pouvez-vous faire maintenant ? En attendant notre r\u00e9ponse, nous vous invitons \u00e0 continuer de naviguer sur notre site web et [&hellip;]<\/p>\n","protected":false},"author":2,"featured_media":0,"parent":22123,"menu_order":0,"comment_status":"closed","ping_status":"closed","template":"elementor_canvas","meta":{"_acf_changed":false,"footnotes":""},"class_list":["post-22134","page","type-page","status-publish","hentry"],"acf":[],"yoast_head":"<!-- This site is optimized with the Yoast SEO plugin v27.0 - https:\/\/yoast.com\/product\/yoast-seo-wordpress\/ -->\n<title>Page de remerciements - Inforest<\/title>\n<meta name=\"robots\" content=\"index, follow, max-snippet:-1, max-image-preview:large, max-video-preview:-1\" \/>\n<link rel=\"canonical\" href=\"https:\/\/inforest.com.ar\/ibe\/contact-fr\/page-de-remerciements\/\" \/>\n<meta property=\"og:locale\" content=\"es_ES\" \/>\n<meta property=\"og:type\" content=\"article\" \/>\n<meta property=\"og:title\" content=\"Page de remerciements - Inforest\" \/>\n<meta property=\"og:description\" content=\"Merci de nous avoir contact\u00e9s ! Nous avons bien re\u00e7u vos informations et nous vous r\u00e9pondrons dans les plus brefs d\u00e9lais. Nous sommes impatients de vous aider et de r\u00e9pondre \u00e0 toutes vos questions. Que pouvez-vous faire maintenant ? En attendant notre r\u00e9ponse, nous vous invitons \u00e0 continuer de naviguer sur notre site web et [&hellip;]\" \/>\n<meta property=\"og:url\" content=\"https:\/\/inforest.com.ar\/ibe\/contact-fr\/page-de-remerciements\/\" \/>\n<meta property=\"og:site_name\" content=\"Inforest\" \/>\n<meta property=\"article:modified_time\" content=\"2024-06-13T08:19:00+00:00\" \/>\n<meta property=\"og:image\" content=\"https:\/\/inforest.com.ar\/wp-content\/uploads\/2023\/08\/logoINf.png\" \/>\n<meta name=\"twitter:card\" content=\"summary_large_image\" \/>\n<meta name=\"twitter:label1\" content=\"Est. reading time\" \/>\n\t<meta name=\"twitter:data1\" content=\"1 minute\" \/>\n<script type=\"application\/ld+json\" class=\"yoast-schema-graph\">{\"@context\":\"https:\/\/schema.org\",\"@graph\":[{\"@type\":\"WebPage\",\"@id\":\"https:\/\/inforest.com.ar\/ibe\/contact-fr\/page-de-remerciements\/\",\"url\":\"https:\/\/inforest.com.ar\/ibe\/contact-fr\/page-de-remerciements\/\",\"name\":\"Page de remerciements - Inforest\",\"isPartOf\":{\"@id\":\"https:\/\/inforest.com.ar\/#website\"},\"primaryImageOfPage\":{\"@id\":\"https:\/\/inforest.com.ar\/ibe\/contact-fr\/page-de-remerciements\/#primaryimage\"},\"image\":{\"@id\":\"https:\/\/inforest.com.ar\/ibe\/contact-fr\/page-de-remerciements\/#primaryimage\"},\"thumbnailUrl\":\"https:\/\/inforest.com.ar\/wp-content\/uploads\/2023\/08\/logoINf.png\",\"datePublished\":\"2023-12-18T18:49:14+00:00\",\"dateModified\":\"2024-06-13T08:19:00+00:00\",\"breadcrumb\":{\"@id\":\"https:\/\/inforest.com.ar\/ibe\/contact-fr\/page-de-remerciements\/#breadcrumb\"},\"inLanguage\":\"es-IBE\",\"potentialAction\":[{\"@type\":\"ReadAction\",\"target\":[\"https:\/\/inforest.com.ar\/ibe\/contact-fr\/page-de-remerciements\/\"]}]},{\"@type\":\"ImageObject\",\"inLanguage\":\"es-IBE\",\"@id\":\"https:\/\/inforest.com.ar\/ibe\/contact-fr\/page-de-remerciements\/#primaryimage\",\"url\":\"https:\/\/inforest.com.ar\/wp-content\/uploads\/2023\/08\/logoINf.png\",\"contentUrl\":\"https:\/\/inforest.com.ar\/wp-content\/uploads\/2023\/08\/logoINf.png\"},{\"@type\":\"BreadcrumbList\",\"@id\":\"https:\/\/inforest.com.ar\/ibe\/contact-fr\/page-de-remerciements\/#breadcrumb\",\"itemListElement\":[{\"@type\":\"ListItem\",\"position\":1,\"name\":\"Portada\",\"item\":\"https:\/\/inforest.com.ar\/ibe\/\"},{\"@type\":\"ListItem\",\"position\":2,\"name\":\"Contact FR\",\"item\":\"https:\/\/inforest.com.ar\/ibe\/contact-fr\/\"},{\"@type\":\"ListItem\",\"position\":3,\"name\":\"Page de remerciements\"}]},{\"@type\":\"WebSite\",\"@id\":\"https:\/\/inforest.com.ar\/#website\",\"url\":\"https:\/\/inforest.com.ar\/\",\"name\":\"Inforest\",\"description\":\"L\u00edderes en Equipamientos para Incendios Forestales\",\"publisher\":{\"@id\":\"https:\/\/inforest.com.ar\/#organization\"},\"potentialAction\":[{\"@type\":\"SearchAction\",\"target\":{\"@type\":\"EntryPoint\",\"urlTemplate\":\"https:\/\/inforest.com.ar\/?s={search_term_string}\"},\"query-input\":{\"@type\":\"PropertyValueSpecification\",\"valueRequired\":true,\"valueName\":\"search_term_string\"}}],\"inLanguage\":\"es-IBE\"},{\"@type\":\"Organization\",\"@id\":\"https:\/\/inforest.com.ar\/#organization\",\"name\":\"Inforest\",\"url\":\"https:\/\/inforest.com.ar\/\",\"logo\":{\"@type\":\"ImageObject\",\"inLanguage\":\"es-IBE\",\"@id\":\"https:\/\/inforest.com.ar\/#\/schema\/logo\/image\/\",\"url\":\"https:\/\/inforest.com.ar\/wp-content\/uploads\/2022\/05\/logoinfo.svg\",\"contentUrl\":\"https:\/\/inforest.com.ar\/wp-content\/uploads\/2022\/05\/logoinfo.svg\",\"width\":118,\"height\":20,\"caption\":\"Inforest\"},\"image\":{\"@id\":\"https:\/\/inforest.com.ar\/#\/schema\/logo\/image\/\"}}]}<\/script>\n<!-- \/ Yoast SEO plugin. -->","yoast_head_json":{"title":"Page de remerciements - Inforest","robots":{"index":"index","follow":"follow","max-snippet":"max-snippet:-1","max-image-preview":"max-image-preview:large","max-video-preview":"max-video-preview:-1"},"canonical":"https:\/\/inforest.com.ar\/ibe\/contact-fr\/page-de-remerciements\/","og_locale":"es_ES","og_type":"article","og_title":"Page de remerciements - Inforest","og_description":"Merci de nous avoir contact\u00e9s ! Nous avons bien re\u00e7u vos informations et nous vous r\u00e9pondrons dans les plus brefs d\u00e9lais. Nous sommes impatients de vous aider et de r\u00e9pondre \u00e0 toutes vos questions. Que pouvez-vous faire maintenant ? En attendant notre r\u00e9ponse, nous vous invitons \u00e0 continuer de naviguer sur notre site web et [&hellip;]","og_url":"https:\/\/inforest.com.ar\/ibe\/contact-fr\/page-de-remerciements\/","og_site_name":"Inforest","article_modified_time":"2024-06-13T08:19:00+00:00","og_image":[{"url":"https:\/\/inforest.com.ar\/wp-content\/uploads\/2023\/08\/logoINf.png","type":"","width":"","height":""}],"twitter_card":"summary_large_image","twitter_misc":{"Est. reading time":"1 minute"},"schema":{"@context":"https:\/\/schema.org","@graph":[{"@type":"WebPage","@id":"https:\/\/inforest.com.ar\/ibe\/contact-fr\/page-de-remerciements\/","url":"https:\/\/inforest.com.ar\/ibe\/contact-fr\/page-de-remerciements\/","name":"Page de remerciements - Inforest","isPartOf":{"@id":"https:\/\/inforest.com.ar\/#website"},"primaryImageOfPage":{"@id":"https:\/\/inforest.com.ar\/ibe\/contact-fr\/page-de-remerciements\/#primaryimage"},"image":{"@id":"https:\/\/inforest.com.ar\/ibe\/contact-fr\/page-de-remerciements\/#primaryimage"},"thumbnailUrl":"https:\/\/inforest.com.ar\/wp-content\/uploads\/2023\/08\/logoINf.png","datePublished":"2023-12-18T18:49:14+00:00","dateModified":"2024-06-13T08:19:00+00:00","breadcrumb":{"@id":"https:\/\/inforest.com.ar\/ibe\/contact-fr\/page-de-remerciements\/#breadcrumb"},"inLanguage":"es-IBE","potentialAction":[{"@type":"ReadAction","target":["https:\/\/inforest.com.ar\/ibe\/contact-fr\/page-de-remerciements\/"]}]},{"@type":"ImageObject","inLanguage":"es-IBE","@id":"https:\/\/inforest.com.ar\/ibe\/contact-fr\/page-de-remerciements\/#primaryimage","url":"https:\/\/inforest.com.ar\/wp-content\/uploads\/2023\/08\/logoINf.png","contentUrl":"https:\/\/inforest.com.ar\/wp-content\/uploads\/2023\/08\/logoINf.png"},{"@type":"BreadcrumbList","@id":"https:\/\/inforest.com.ar\/ibe\/contact-fr\/page-de-remerciements\/#breadcrumb","itemListElement":[{"@type":"ListItem","position":1,"name":"Portada","item":"https:\/\/inforest.com.ar\/ibe\/"},{"@type":"ListItem","position":2,"name":"Contact FR","item":"https:\/\/inforest.com.ar\/ibe\/contact-fr\/"},{"@type":"ListItem","position":3,"name":"Page de remerciements"}]},{"@type":"WebSite","@id":"https:\/\/inforest.com.ar\/#website","url":"https:\/\/inforest.com.ar\/","name":"Inforest","description":"L\u00edderes en Equipamientos para Incendios Forestales","publisher":{"@id":"https:\/\/inforest.com.ar\/#organization"},"potentialAction":[{"@type":"SearchAction","target":{"@type":"EntryPoint","urlTemplate":"https:\/\/inforest.com.ar\/?s={search_term_string}"},"query-input":{"@type":"PropertyValueSpecification","valueRequired":true,"valueName":"search_term_string"}}],"inLanguage":"es-IBE"},{"@type":"Organization","@id":"https:\/\/inforest.com.ar\/#organization","name":"Inforest","url":"https:\/\/inforest.com.ar\/","logo":{"@type":"ImageObject","inLanguage":"es-IBE","@id":"https:\/\/inforest.com.ar\/#\/schema\/logo\/image\/","url":"https:\/\/inforest.com.ar\/wp-content\/uploads\/2022\/05\/logoinfo.svg","contentUrl":"https:\/\/inforest.com.ar\/wp-content\/uploads\/2022\/05\/logoinfo.svg","width":118,"height":20,"caption":"Inforest"},"image":{"@id":"https:\/\/inforest.com.ar\/#\/schema\/logo\/image\/"}}]}},"_links":{"self":[{"href":"https:\/\/inforest.com.ar\/ibe\/wp-json\/wp\/v2\/pages\/22134","targetHints":{"allow":["GET"]}}],"collection":[{"href":"https:\/\/inforest.com.ar\/ibe\/wp-json\/wp\/v2\/pages"}],"about":[{"href":"https:\/\/inforest.com.ar\/ibe\/wp-json\/wp\/v2\/types\/page"}],"author":[{"embeddable":true,"href":"https:\/\/inforest.com.ar\/ibe\/wp-json\/wp\/v2\/users\/2"}],"replies":[{"embeddable":true,"href":"https:\/\/inforest.com.ar\/ibe\/wp-json\/wp\/v2\/comments?post=22134"}],"version-history":[{"count":7,"href":"https:\/\/inforest.com.ar\/ibe\/wp-json\/wp\/v2\/pages\/22134\/revisions"}],"predecessor-version":[{"id":25339,"href":"https:\/\/inforest.com.ar\/ibe\/wp-json\/wp\/v2\/pages\/22134\/revisions\/25339"}],"up":[{"embeddable":true,"href":"https:\/\/inforest.com.ar\/ibe\/wp-json\/wp\/v2\/pages\/22123"}],"wp:attachment":[{"href":"https:\/\/inforest.com.ar\/ibe\/wp-json\/wp\/v2\/media?parent=22134"}],"curies":[{"name":"wp","href":"https:\/\/api.w.org\/{rel}","templated":true}]}}