{"id":2197,"date":"2020-04-29T18:42:40","date_gmt":"2020-04-29T18:42:40","guid":{"rendered":"http:\/\/c1580457.ferozo.com\/inforest\/noticias\/"},"modified":"2025-05-14T12:06:44","modified_gmt":"2025-05-14T15:06:44","slug":"noticias","status":"publish","type":"page","link":"https:\/\/inforest.com.ar\/en\/noticias\/","title":{"rendered":"News"},"content":{"rendered":"\t\t<div data-elementor-type=\"wp-page\" data-elementor-id=\"2197\" class=\"elementor elementor-2197\" data-elementor-post-type=\"page\">\n\t\t\t\t\t\t<section class=\"elementor-section elementor-top-section elementor-element elementor-element-3c3ec28 elementor-section-full_width elementor-section-height-min-height elementor-section-height-default elementor-section-items-middle\" data-id=\"3c3ec28\" data-element_type=\"section\" data-e-type=\"section\" data-settings=\"{&quot;background_background&quot;:&quot;classic&quot;}\">\n\t\t\t\t\t\t<div class=\"elementor-container elementor-column-gap-no\">\n\t\t\t\t\t<div class=\"elementor-column elementor-col-100 elementor-top-column elementor-element elementor-element-a2a2d76\" data-id=\"a2a2d76\" data-element_type=\"column\" data-e-type=\"column\">\n\t\t\t<div class=\"elementor-widget-wrap elementor-element-populated\">\n\t\t\t\t\t\t<div class=\"elementor-element elementor-element-08dc372 elementor-widget elementor-widget-heading\" data-id=\"08dc372\" data-element_type=\"widget\" data-e-type=\"widget\" data-widget_type=\"heading.default\">\n\t\t\t\t<div class=\"elementor-widget-container\">\n\t\t\t\t\t<h2 class=\"elementor-heading-title elementor-size-default\">NEWS<\/h2>\t\t\t\t<\/div>\n\t\t\t\t<\/div>\n\t\t\t\t\t<\/div>\n\t\t<\/div>\n\t\t\t\t\t<\/div>\n\t\t<\/section>\n\t\t\t\t<section class=\"elementor-section elementor-top-section elementor-element elementor-element-596bdc3 elementor-section-boxed elementor-section-height-default elementor-section-height-default\" data-id=\"596bdc3\" data-element_type=\"section\" data-e-type=\"section\">\n\t\t\t\t\t\t<div class=\"elementor-container elementor-column-gap-default\">\n\t\t\t\t\t<div class=\"elementor-column elementor-col-100 elementor-top-column elementor-element elementor-element-54c1748\" data-id=\"54c1748\" data-element_type=\"column\" data-e-type=\"column\">\n\t\t\t<div class=\"elementor-widget-wrap elementor-element-populated\">\n\t\t\t\t\t\t<div class=\"elementor-element elementor-element-cf4af58 elementor-posts--align-left elementor-grid-3 elementor-grid-tablet-2 elementor-grid-mobile-1 elementor-posts--thumbnail-top elementor-card-shadow-yes elementor-posts__hover-gradient elementor-widget elementor-widget-posts\" data-id=\"cf4af58\" data-element_type=\"widget\" data-e-type=\"widget\" data-settings=\"{&quot;pagination_type&quot;:&quot;load_more_infinite_scroll&quot;,&quot;cards_columns&quot;:&quot;3&quot;,&quot;cards_columns_tablet&quot;:&quot;2&quot;,&quot;cards_columns_mobile&quot;:&quot;1&quot;,&quot;cards_row_gap&quot;:{&quot;unit&quot;:&quot;px&quot;,&quot;size&quot;:35,&quot;sizes&quot;:[]},&quot;cards_row_gap_tablet&quot;:{&quot;unit&quot;:&quot;px&quot;,&quot;size&quot;:&quot;&quot;,&quot;sizes&quot;:[]},&quot;cards_row_gap_mobile&quot;:{&quot;unit&quot;:&quot;px&quot;,&quot;size&quot;:&quot;&quot;,&quot;sizes&quot;:[]},&quot;load_more_spinner&quot;:{&quot;value&quot;:&quot;fas fa-spinner&quot;,&quot;library&quot;:&quot;fa-solid&quot;}}\" data-widget_type=\"posts.cards\">\n\t\t\t\t<div class=\"elementor-widget-container\">\n\t\t\t\t\t\t\t<div class=\"elementor-posts-container elementor-posts elementor-posts--skin-cards elementor-grid\" role=\"list\">\n\t\t\t\t<article class=\"elementor-post elementor-grid-item post-34303 post type-post status-publish format-standard has-post-thumbnail hentry category-noticias-en\" role=\"listitem\">\n\t\t\t<div class=\"elementor-post__card\">\n\t\t\t\t<a class=\"elementor-post__thumbnail__link\" href=\"https:\/\/inforest.com.ar\/en\/inforest-participara-en-interaigis-2026-junto-con-pavlou\/\" tabindex=\"-1\" ><div class=\"elementor-post__thumbnail\"><img fetchpriority=\"high\" decoding=\"async\" width=\"1773\" height=\"886\" src=\"https:\/\/inforest.com.ar\/wp-content\/uploads\/2026\/03\/header-interaigis-nuevo-EN.jpg\" class=\"attachment-full size-full wp-image-34304\" alt=\"\" srcset=\"https:\/\/inforest.com.ar\/wp-content\/uploads\/2026\/03\/header-interaigis-nuevo-EN.jpg 1773w, https:\/\/inforest.com.ar\/wp-content\/uploads\/2026\/03\/header-interaigis-nuevo-EN-300x150.jpg 300w, https:\/\/inforest.com.ar\/wp-content\/uploads\/2026\/03\/header-interaigis-nuevo-EN-1024x512.jpg 1024w, https:\/\/inforest.com.ar\/wp-content\/uploads\/2026\/03\/header-interaigis-nuevo-EN-768x384.jpg 768w, https:\/\/inforest.com.ar\/wp-content\/uploads\/2026\/03\/header-interaigis-nuevo-EN-1536x768.jpg 1536w, https:\/\/inforest.com.ar\/wp-content\/uploads\/2026\/03\/header-interaigis-nuevo-EN-600x300.jpg 600w\" sizes=\"(max-width: 1773px) 100vw, 1773px\" \/><\/div><\/a>\n\t\t\t\t<div class=\"elementor-post__text\">\n\t\t\t\t<h3 class=\"elementor-post__title\">\n\t\t\t<a href=\"https:\/\/inforest.com.ar\/en\/inforest-participara-en-interaigis-2026-junto-con-pavlou\/\" >\n\t\t\t\tInforest Will Attend InterAigis 2026 Together with Pavlou\t\t\t<\/a>\n\t\t<\/h3>\n\t\t\t\t<div class=\"elementor-post__excerpt\">\n\t\t\t<p>Inforest Will Attend InterAigis 2026 Together with Pavlou The exhibition will bring together key players from the emergency and civil<\/p>\n\t\t<\/div>\n\t\t\n\t\t<a class=\"elementor-post__read-more\" href=\"https:\/\/inforest.com.ar\/en\/inforest-participara-en-interaigis-2026-junto-con-pavlou\/\" aria-label=\"Read more about Inforest Will Attend InterAigis 2026 Together with Pavlou\" tabindex=\"-1\" >\n\t\t\tView More\t\t<\/a>\n\n\t\t\t\t<\/div>\n\t\t\t\t\t<\/div>\n\t\t<\/article>\n\t\t\t\t<article class=\"elementor-post elementor-grid-item post-33819 post type-post status-publish format-standard has-post-thumbnail hentry category-noticias-en\" role=\"listitem\">\n\t\t\t<div class=\"elementor-post__card\">\n\t\t\t\t<a class=\"elementor-post__thumbnail__link\" href=\"https:\/\/inforest.com.ar\/en\/inforest-participara-en-interschutz-2026-la-feria-mundial-lider-en-incendios-y-proteccion-civil\/\" tabindex=\"-1\" ><div class=\"elementor-post__thumbnail\"><img decoding=\"async\" width=\"1440\" height=\"856\" src=\"https:\/\/inforest.com.ar\/wp-content\/uploads\/2026\/03\/Interschutz-pasado-4.jpg\" class=\"attachment-full size-full wp-image-33792\" alt=\"\" srcset=\"https:\/\/inforest.com.ar\/wp-content\/uploads\/2026\/03\/Interschutz-pasado-4.jpg 1440w, https:\/\/inforest.com.ar\/wp-content\/uploads\/2026\/03\/Interschutz-pasado-4-300x178.jpg 300w, https:\/\/inforest.com.ar\/wp-content\/uploads\/2026\/03\/Interschutz-pasado-4-1024x609.jpg 1024w, https:\/\/inforest.com.ar\/wp-content\/uploads\/2026\/03\/Interschutz-pasado-4-768x457.jpg 768w, https:\/\/inforest.com.ar\/wp-content\/uploads\/2026\/03\/Interschutz-pasado-4-600x357.jpg 600w\" sizes=\"(max-width: 1440px) 100vw, 1440px\" \/><\/div><\/a>\n\t\t\t\t<div class=\"elementor-post__text\">\n\t\t\t\t<h3 class=\"elementor-post__title\">\n\t\t\t<a href=\"https:\/\/inforest.com.ar\/en\/inforest-participara-en-interschutz-2026-la-feria-mundial-lider-en-incendios-y-proteccion-civil\/\" >\n\t\t\t\tInforest to Participate in INTERSCHUTZ 2026 &#8211; The World\u2019s Leading Trade Fair for Fire and Civil Protection\t\t\t<\/a>\n\t\t<\/h3>\n\t\t\t\t<div class=\"elementor-post__excerpt\">\n\t\t\t<p>Inforest to Participate in INTERSCHUTZ 2026 &#8211; The World\u2019s Leading Trade Fair for Fire and Civil Protection Inforest is proud<\/p>\n\t\t<\/div>\n\t\t\n\t\t<a class=\"elementor-post__read-more\" href=\"https:\/\/inforest.com.ar\/en\/inforest-participara-en-interschutz-2026-la-feria-mundial-lider-en-incendios-y-proteccion-civil\/\" aria-label=\"Read more about Inforest to Participate in INTERSCHUTZ 2026 &#8211; The World\u2019s Leading Trade Fair for Fire and Civil Protection\" tabindex=\"-1\" >\n\t\t\tView More\t\t<\/a>\n\n\t\t\t\t<\/div>\n\t\t\t\t\t<\/div>\n\t\t<\/article>\n\t\t\t\t<article class=\"elementor-post elementor-grid-item post-33785 post type-post status-publish format-standard has-post-thumbnail hentry category-noticias-en\" role=\"listitem\">\n\t\t\t<div class=\"elementor-post__card\">\n\t\t\t\t<a class=\"elementor-post__thumbnail__link\" href=\"https:\/\/inforest.com.ar\/en\/inforest-rapid-attack-equipment-delivered-in-ecuador-accompanied-by-technical-training\/\" tabindex=\"-1\" ><div class=\"elementor-post__thumbnail\"><img decoding=\"async\" width=\"1600\" height=\"1200\" src=\"https:\/\/inforest.com.ar\/wp-content\/uploads\/2026\/03\/WhatsApp-Image-2026-02-04-at-09.42.18.jpeg\" class=\"attachment-full size-full wp-image-33761\" alt=\"\" srcset=\"https:\/\/inforest.com.ar\/wp-content\/uploads\/2026\/03\/WhatsApp-Image-2026-02-04-at-09.42.18.jpeg 1600w, https:\/\/inforest.com.ar\/wp-content\/uploads\/2026\/03\/WhatsApp-Image-2026-02-04-at-09.42.18-300x225.jpeg 300w, https:\/\/inforest.com.ar\/wp-content\/uploads\/2026\/03\/WhatsApp-Image-2026-02-04-at-09.42.18-1024x768.jpeg 1024w, https:\/\/inforest.com.ar\/wp-content\/uploads\/2026\/03\/WhatsApp-Image-2026-02-04-at-09.42.18-768x576.jpeg 768w, https:\/\/inforest.com.ar\/wp-content\/uploads\/2026\/03\/WhatsApp-Image-2026-02-04-at-09.42.18-1536x1152.jpeg 1536w, https:\/\/inforest.com.ar\/wp-content\/uploads\/2026\/03\/WhatsApp-Image-2026-02-04-at-09.42.18-600x450.jpeg 600w\" sizes=\"(max-width: 1600px) 100vw, 1600px\" \/><\/div><\/a>\n\t\t\t\t<div class=\"elementor-post__text\">\n\t\t\t\t<h3 class=\"elementor-post__title\">\n\t\t\t<a href=\"https:\/\/inforest.com.ar\/en\/inforest-rapid-attack-equipment-delivered-in-ecuador-accompanied-by-technical-training\/\" >\n\t\t\t\tInforest Rapid Attack Equipment Delivered in Ecuador, Accompanied by Technical Training\t\t\t<\/a>\n\t\t<\/h3>\n\t\t\t\t<div class=\"elementor-post__excerpt\">\n\t\t\t<p>Inforest Rapid Attack Equipment Delivered in Ecuador, Accompanied by Technical Training Inforest Rapid Attack equipment was recently delivered in Ecuador<\/p>\n\t\t<\/div>\n\t\t\n\t\t<a class=\"elementor-post__read-more\" href=\"https:\/\/inforest.com.ar\/en\/inforest-rapid-attack-equipment-delivered-in-ecuador-accompanied-by-technical-training\/\" aria-label=\"Read more about Inforest Rapid Attack Equipment Delivered in Ecuador, Accompanied by Technical Training\" tabindex=\"-1\" >\n\t\t\tView More\t\t<\/a>\n\n\t\t\t\t<\/div>\n\t\t\t\t\t<\/div>\n\t\t<\/article>\n\t\t\t\t<article class=\"elementor-post elementor-grid-item post-33748 post type-post status-publish format-standard has-post-thumbnail hentry category-noticias-en\" role=\"listitem\">\n\t\t\t<div class=\"elementor-post__card\">\n\t\t\t\t<a class=\"elementor-post__thumbnail__link\" href=\"https:\/\/inforest.com.ar\/en\/inforest-at-sicur-2026-together-with-hispamast\/\" tabindex=\"-1\" ><div class=\"elementor-post__thumbnail\"><img loading=\"lazy\" decoding=\"async\" width=\"2056\" height=\"1542\" src=\"https:\/\/inforest.com.ar\/wp-content\/uploads\/2026\/03\/IMG_2849-1-rotated.jpg\" class=\"attachment-full size-full wp-image-33825\" alt=\"\" srcset=\"https:\/\/inforest.com.ar\/wp-content\/uploads\/2026\/03\/IMG_2849-1-rotated.jpg 2056w, https:\/\/inforest.com.ar\/wp-content\/uploads\/2026\/03\/IMG_2849-1-300x225.jpg 300w, https:\/\/inforest.com.ar\/wp-content\/uploads\/2026\/03\/IMG_2849-1-1024x768.jpg 1024w, https:\/\/inforest.com.ar\/wp-content\/uploads\/2026\/03\/IMG_2849-1-768x576.jpg 768w, https:\/\/inforest.com.ar\/wp-content\/uploads\/2026\/03\/IMG_2849-1-1536x1152.jpg 1536w, https:\/\/inforest.com.ar\/wp-content\/uploads\/2026\/03\/IMG_2849-1-2048x1536.jpg 2048w, https:\/\/inforest.com.ar\/wp-content\/uploads\/2026\/03\/IMG_2849-1-600x450.jpg 600w\" sizes=\"(max-width: 2056px) 100vw, 2056px\" \/><\/div><\/a>\n\t\t\t\t<div class=\"elementor-post__text\">\n\t\t\t\t<h3 class=\"elementor-post__title\">\n\t\t\t<a href=\"https:\/\/inforest.com.ar\/en\/inforest-at-sicur-2026-together-with-hispamast\/\" >\n\t\t\t\tInforest at SICUR 2026 Together with Hispamast\t\t\t<\/a>\n\t\t<\/h3>\n\t\t\t\t<div class=\"elementor-post__excerpt\">\n\t\t\t<p>Inforest at SICUR 2026 Together with Hispamast SICUR 2026 once again proved to be a key meeting point for the<\/p>\n\t\t<\/div>\n\t\t\n\t\t<a class=\"elementor-post__read-more\" href=\"https:\/\/inforest.com.ar\/en\/inforest-at-sicur-2026-together-with-hispamast\/\" aria-label=\"Read more about Inforest at SICUR 2026 Together with Hispamast\" tabindex=\"-1\" >\n\t\t\tView More\t\t<\/a>\n\n\t\t\t\t<\/div>\n\t\t\t\t\t<\/div>\n\t\t<\/article>\n\t\t\t\t<article class=\"elementor-post elementor-grid-item post-32219 post type-post status-publish format-standard has-post-thumbnail hentry category-noticias-en\" role=\"listitem\">\n\t\t\t<div class=\"elementor-post__card\">\n\t\t\t\t<a class=\"elementor-post__thumbnail__link\" href=\"https:\/\/inforest.com.ar\/en\/capacitacion-en-cataluna-demostracion-del-sistema-isk-fire-survival-junto-a-sipe-protection\/\" tabindex=\"-1\" ><div class=\"elementor-post__thumbnail\"><img loading=\"lazy\" decoding=\"async\" width=\"2048\" height=\"1536\" src=\"https:\/\/inforest.com.ar\/wp-content\/uploads\/2025\/11\/WhatsApp-Image-2025-11-21-at-09.01.03.jpeg\" class=\"attachment-full size-full wp-image-32199\" alt=\"\" srcset=\"https:\/\/inforest.com.ar\/wp-content\/uploads\/2025\/11\/WhatsApp-Image-2025-11-21-at-09.01.03.jpeg 2048w, https:\/\/inforest.com.ar\/wp-content\/uploads\/2025\/11\/WhatsApp-Image-2025-11-21-at-09.01.03-300x225.jpeg 300w, https:\/\/inforest.com.ar\/wp-content\/uploads\/2025\/11\/WhatsApp-Image-2025-11-21-at-09.01.03-1024x768.jpeg 1024w, https:\/\/inforest.com.ar\/wp-content\/uploads\/2025\/11\/WhatsApp-Image-2025-11-21-at-09.01.03-768x576.jpeg 768w, https:\/\/inforest.com.ar\/wp-content\/uploads\/2025\/11\/WhatsApp-Image-2025-11-21-at-09.01.03-1536x1152.jpeg 1536w, https:\/\/inforest.com.ar\/wp-content\/uploads\/2025\/11\/WhatsApp-Image-2025-11-21-at-09.01.03-600x450.jpeg 600w\" sizes=\"(max-width: 2048px) 100vw, 2048px\" \/><\/div><\/a>\n\t\t\t\t<div class=\"elementor-post__text\">\n\t\t\t\t<h3 class=\"elementor-post__title\">\n\t\t\t<a href=\"https:\/\/inforest.com.ar\/en\/capacitacion-en-cataluna-demostracion-del-sistema-isk-fire-survival-junto-a-sipe-protection\/\" >\n\t\t\t\tTraining in Catalonia: ISK Fire Survival System Demonstration with Sipe Protection\t\t\t<\/a>\n\t\t<\/h3>\n\t\t\t\t<div class=\"elementor-post__excerpt\">\n\t\t\t<p>Training in Catalonia: ISK Fire Survival System Demonstration with Sipe Protection Last week, we carried out a demonstration and training<\/p>\n\t\t<\/div>\n\t\t\n\t\t<a class=\"elementor-post__read-more\" href=\"https:\/\/inforest.com.ar\/en\/capacitacion-en-cataluna-demostracion-del-sistema-isk-fire-survival-junto-a-sipe-protection\/\" aria-label=\"Read more about Training in Catalonia: ISK Fire Survival System Demonstration with Sipe Protection\" tabindex=\"-1\" >\n\t\t\tView More\t\t<\/a>\n\n\t\t\t\t<\/div>\n\t\t\t\t\t<\/div>\n\t\t<\/article>\n\t\t\t\t<article class=\"elementor-post elementor-grid-item post-29311 post type-post status-publish format-standard has-post-thumbnail hentry category-noticias-en\" role=\"listitem\">\n\t\t\t<div class=\"elementor-post__card\">\n\t\t\t\t<a class=\"elementor-post__thumbnail__link\" href=\"https:\/\/inforest.com.ar\/en\/congreso-internacional-de-proteccion-civil-gestion-de-riesgos-y-emergencias-complejas\/\" tabindex=\"-1\" ><div class=\"elementor-post__thumbnail\"><img loading=\"lazy\" decoding=\"async\" width=\"738\" height=\"767\" src=\"https:\/\/inforest.com.ar\/wp-content\/uploads\/2025\/05\/not28.jpg\" class=\"attachment-full size-full wp-image-29234\" alt=\"\" srcset=\"https:\/\/inforest.com.ar\/wp-content\/uploads\/2025\/05\/not28.jpg 738w, https:\/\/inforest.com.ar\/wp-content\/uploads\/2025\/05\/not28-289x300.jpg 289w, https:\/\/inforest.com.ar\/wp-content\/uploads\/2025\/05\/not28-600x624.jpg 600w\" sizes=\"(max-width: 738px) 100vw, 738px\" \/><\/div><\/a>\n\t\t\t\t<div class=\"elementor-post__text\">\n\t\t\t\t<h3 class=\"elementor-post__title\">\n\t\t\t<a href=\"https:\/\/inforest.com.ar\/en\/congreso-internacional-de-proteccion-civil-gestion-de-riesgos-y-emergencias-complejas\/\" >\n\t\t\t\tCongreso Internacional de protecci\u00f3n civil, gesti\u00f3n de riesgos y emergencias complejas\t\t\t<\/a>\n\t\t<\/h3>\n\t\t\t\t<div class=\"elementor-post__excerpt\">\n\t\t\t<p>Premios D\u00eda de la Industria 2024 El pasado 4 de septiembre, en el marco de la celebraci\u00f3n del D\u00eda de<\/p>\n\t\t<\/div>\n\t\t\n\t\t<a class=\"elementor-post__read-more\" href=\"https:\/\/inforest.com.ar\/en\/congreso-internacional-de-proteccion-civil-gestion-de-riesgos-y-emergencias-complejas\/\" aria-label=\"Read more about Congreso Internacional de protecci\u00f3n civil, gesti\u00f3n de riesgos y emergencias complejas\" tabindex=\"-1\" >\n\t\t\tView More\t\t<\/a>\n\n\t\t\t\t<\/div>\n\t\t\t\t\t<\/div>\n\t\t<\/article>\n\t\t\t\t<\/div>\n\t\t\t\t\t<span class=\"e-load-more-spinner\">\n\t\t\t\t<i aria-hidden=\"true\" class=\"fas fa-spinner\"><\/i>\t\t\t<\/span>\n\t\t\n\t\t\t\t<div class=\"e-load-more-anchor\" data-page=\"1\" data-max-page=\"4\" data-next-page=\"https:\/\/inforest.com.ar\/en\/wp-json\/wp\/v2\/pages\/2197\/page\/2\/\"><\/div>\n\t\t\t\t<div class=\"e-load-more-message\">No more posts to show<\/div>\n\t\t\t\t\t\t<\/div>\n\t\t\t\t<\/div>\n\t\t\t\t\t<\/div>\n\t\t<\/div>\n\t\t\t\t\t<\/div>\n\t\t<\/section>\n\t\t\t\t<\/div>\n\t\t","protected":false},"excerpt":{"rendered":"<p>NEWS<\/p>\n","protected":false},"author":1,"featured_media":0,"parent":0,"menu_order":0,"comment_status":"closed","ping_status":"closed","template":"elementor_header_footer","meta":{"_acf_changed":false,"footnotes":""},"class_list":["post-2197","page","type-page","status-publish","hentry"],"acf":[],"yoast_head":"<!-- This site is optimized with the Yoast SEO plugin v27.0 - https:\/\/yoast.com\/product\/yoast-seo-wordpress\/ -->\n<title>News - Inforest<\/title>\n<meta name=\"robots\" content=\"index, follow, max-snippet:-1, max-image-preview:large, max-video-preview:-1\" \/>\n<link rel=\"canonical\" href=\"https:\/\/inforest.com.ar\/en\/noticias\/\" \/>\n<meta property=\"og:locale\" content=\"en_US\" \/>\n<meta property=\"og:type\" content=\"article\" \/>\n<meta property=\"og:title\" content=\"News - Inforest\" \/>\n<meta property=\"og:description\" content=\"NEWS\" \/>\n<meta property=\"og:url\" content=\"https:\/\/inforest.com.ar\/en\/noticias\/\" \/>\n<meta property=\"og:site_name\" content=\"Inforest\" \/>\n<meta property=\"article:modified_time\" content=\"2025-05-14T15:06:44+00:00\" \/>\n<meta name=\"twitter:card\" content=\"summary_large_image\" \/>\n<meta name=\"twitter:label1\" content=\"Est. reading time\" \/>\n\t<meta name=\"twitter:data1\" content=\"4 minutes\" \/>\n<script type=\"application\/ld+json\" class=\"yoast-schema-graph\">{\"@context\":\"https:\/\/schema.org\",\"@graph\":[{\"@type\":\"WebPage\",\"@id\":\"https:\/\/inforest.com.ar\/en\/noticias\/\",\"url\":\"https:\/\/inforest.com.ar\/en\/noticias\/\",\"name\":\"News - Inforest\",\"isPartOf\":{\"@id\":\"https:\/\/inforest.com.ar\/#website\"},\"datePublished\":\"2020-04-29T18:42:40+00:00\",\"dateModified\":\"2025-05-14T15:06:44+00:00\",\"breadcrumb\":{\"@id\":\"https:\/\/inforest.com.ar\/en\/noticias\/#breadcrumb\"},\"inLanguage\":\"en-US\",\"potentialAction\":[{\"@type\":\"ReadAction\",\"target\":[\"https:\/\/inforest.com.ar\/en\/noticias\/\"]}]},{\"@type\":\"BreadcrumbList\",\"@id\":\"https:\/\/inforest.com.ar\/en\/noticias\/#breadcrumb\",\"itemListElement\":[{\"@type\":\"ListItem\",\"position\":1,\"name\":\"Portada\",\"item\":\"https:\/\/inforest.com.ar\/en\/\"},{\"@type\":\"ListItem\",\"position\":2,\"name\":\"News\"}]},{\"@type\":\"WebSite\",\"@id\":\"https:\/\/inforest.com.ar\/#website\",\"url\":\"https:\/\/inforest.com.ar\/\",\"name\":\"Inforest\",\"description\":\"L\u00edderes en Equipamientos para Incendios Forestales\",\"publisher\":{\"@id\":\"https:\/\/inforest.com.ar\/#organization\"},\"potentialAction\":[{\"@type\":\"SearchAction\",\"target\":{\"@type\":\"EntryPoint\",\"urlTemplate\":\"https:\/\/inforest.com.ar\/?s={search_term_string}\"},\"query-input\":{\"@type\":\"PropertyValueSpecification\",\"valueRequired\":true,\"valueName\":\"search_term_string\"}}],\"inLanguage\":\"en-US\"},{\"@type\":\"Organization\",\"@id\":\"https:\/\/inforest.com.ar\/#organization\",\"name\":\"Inforest\",\"url\":\"https:\/\/inforest.com.ar\/\",\"logo\":{\"@type\":\"ImageObject\",\"inLanguage\":\"en-US\",\"@id\":\"https:\/\/inforest.com.ar\/#\/schema\/logo\/image\/\",\"url\":\"https:\/\/inforest.com.ar\/wp-content\/uploads\/2022\/05\/logoinfo.svg\",\"contentUrl\":\"https:\/\/inforest.com.ar\/wp-content\/uploads\/2022\/05\/logoinfo.svg\",\"width\":118,\"height\":20,\"caption\":\"Inforest\"},\"image\":{\"@id\":\"https:\/\/inforest.com.ar\/#\/schema\/logo\/image\/\"}}]}<\/script>\n<!-- \/ Yoast SEO plugin. -->","yoast_head_json":{"title":"News - Inforest","robots":{"index":"index","follow":"follow","max-snippet":"max-snippet:-1","max-image-preview":"max-image-preview:large","max-video-preview":"max-video-preview:-1"},"canonical":"https:\/\/inforest.com.ar\/en\/noticias\/","og_locale":"en_US","og_type":"article","og_title":"News - Inforest","og_description":"NEWS","og_url":"https:\/\/inforest.com.ar\/en\/noticias\/","og_site_name":"Inforest","article_modified_time":"2025-05-14T15:06:44+00:00","twitter_card":"summary_large_image","twitter_misc":{"Est. reading time":"4 minutes"},"schema":{"@context":"https:\/\/schema.org","@graph":[{"@type":"WebPage","@id":"https:\/\/inforest.com.ar\/en\/noticias\/","url":"https:\/\/inforest.com.ar\/en\/noticias\/","name":"News - Inforest","isPartOf":{"@id":"https:\/\/inforest.com.ar\/#website"},"datePublished":"2020-04-29T18:42:40+00:00","dateModified":"2025-05-14T15:06:44+00:00","breadcrumb":{"@id":"https:\/\/inforest.com.ar\/en\/noticias\/#breadcrumb"},"inLanguage":"en-US","potentialAction":[{"@type":"ReadAction","target":["https:\/\/inforest.com.ar\/en\/noticias\/"]}]},{"@type":"BreadcrumbList","@id":"https:\/\/inforest.com.ar\/en\/noticias\/#breadcrumb","itemListElement":[{"@type":"ListItem","position":1,"name":"Portada","item":"https:\/\/inforest.com.ar\/en\/"},{"@type":"ListItem","position":2,"name":"News"}]},{"@type":"WebSite","@id":"https:\/\/inforest.com.ar\/#website","url":"https:\/\/inforest.com.ar\/","name":"Inforest","description":"L\u00edderes en Equipamientos para Incendios Forestales","publisher":{"@id":"https:\/\/inforest.com.ar\/#organization"},"potentialAction":[{"@type":"SearchAction","target":{"@type":"EntryPoint","urlTemplate":"https:\/\/inforest.com.ar\/?s={search_term_string}"},"query-input":{"@type":"PropertyValueSpecification","valueRequired":true,"valueName":"search_term_string"}}],"inLanguage":"en-US"},{"@type":"Organization","@id":"https:\/\/inforest.com.ar\/#organization","name":"Inforest","url":"https:\/\/inforest.com.ar\/","logo":{"@type":"ImageObject","inLanguage":"en-US","@id":"https:\/\/inforest.com.ar\/#\/schema\/logo\/image\/","url":"https:\/\/inforest.com.ar\/wp-content\/uploads\/2022\/05\/logoinfo.svg","contentUrl":"https:\/\/inforest.com.ar\/wp-content\/uploads\/2022\/05\/logoinfo.svg","width":118,"height":20,"caption":"Inforest"},"image":{"@id":"https:\/\/inforest.com.ar\/#\/schema\/logo\/image\/"}}]}},"_links":{"self":[{"href":"https:\/\/inforest.com.ar\/en\/wp-json\/wp\/v2\/pages\/2197","targetHints":{"allow":["GET"]}}],"collection":[{"href":"https:\/\/inforest.com.ar\/en\/wp-json\/wp\/v2\/pages"}],"about":[{"href":"https:\/\/inforest.com.ar\/en\/wp-json\/wp\/v2\/types\/page"}],"author":[{"embeddable":true,"href":"https:\/\/inforest.com.ar\/en\/wp-json\/wp\/v2\/users\/1"}],"replies":[{"embeddable":true,"href":"https:\/\/inforest.com.ar\/en\/wp-json\/wp\/v2\/comments?post=2197"}],"version-history":[{"count":16,"href":"https:\/\/inforest.com.ar\/en\/wp-json\/wp\/v2\/pages\/2197\/revisions"}],"predecessor-version":[{"id":29084,"href":"https:\/\/inforest.com.ar\/en\/wp-json\/wp\/v2\/pages\/2197\/revisions\/29084"}],"wp:attachment":[{"href":"https:\/\/inforest.com.ar\/en\/wp-json\/wp\/v2\/media?parent=2197"}],"curies":[{"name":"wp","href":"https:\/\/api.w.org\/{rel}","templated":true}]}}